{"id":251,"date":"2021-03-02T10:14:14","date_gmt":"2021-03-02T09:14:14","guid":{"rendered":"http:\/\/57reshotel.ms.decms.eu\/?page_id=251"},"modified":"2021-03-10T16:35:31","modified_gmt":"2021-03-10T15:35:31","slug":"57reshotel-orio","status":"publish","type":"page","link":"https:\/\/www.57reshotel.it\/es\/","title":{"rendered":"57 Reshotel Orio"},"content":{"rendered":"<p>Una moderna soluci\u00f3n de hospitalidad compuesta por habitaciones y apartamentos elegantemente amueblados para que se sienta como en casa, la soluci\u00f3n ideal para quienes desean las comodidades de un hotel sin renunciar al ambiente de una residencia.<br \/>\ndel Hotel sin renunciar al ambiente de una Residencia.<\/p>\n<p>El 57 ResHotel Orio es la opci\u00f3n ideal tanto para los que viajan por trabajo como para los que lo hacen por placer.<\/p>\n<p>Es una estructura dise\u00f1ada y construida para acoger a los hu\u00e9spedes internacionales con la m\u00e1xima funcionalidad y elegancia.<\/p>\n<p>Idealmente situado a menos de 1,5 km del aeropuerto de Milan Bergamo &#8211; BGY y a pocos minutos a pie del centro comercial OrioCenter, el hotel se encuentra tambi\u00e9n en una posici\u00f3n estrat\u00e9gica a poca distancia del centro de la ciudad de Bergamo, la salida de la autopista A4 y a una hora del centro de Milan.<\/p>\n","protected":false},"excerpt":{"rendered":"<p>Una moderna soluci\u00f3n de hospitalidad compuesta por habitaciones y apartamentos elegantemente amueblados para que se sienta como en casa, la soluci\u00f3n ideal para quienes desean las comodidades de un hotel sin renunciar al ambiente de una residencia. del Hotel sin renunciar al ambiente de una Residencia. El 57 ResHotel Orio es la opci\u00f3n ideal tanto [&hellip;]<\/p>\n","protected":false},"author":13,"featured_media":0,"parent":0,"menu_order":0,"comment_status":"closed","ping_status":"closed","template":"","meta":{"footnotes":""},"class_list":["post-251","page","type-page","status-publish","hentry"],"yoast_head":"<!-- This site is optimized with the Yoast SEO plugin v26.9 - https:\/\/yoast.com\/product\/yoast-seo-wordpress\/ -->\n<title>57 Reshotel Orio - 57ResHotel<\/title>\n<meta name=\"robots\" content=\"index, follow, max-snippet:-1, max-image-preview:large, max-video-preview:-1\" \/>\n<link rel=\"canonical\" href=\"https:\/\/www.57reshotel.it\/es\/\" \/>\n<meta property=\"og:locale\" content=\"es_ES\" \/>\n<meta property=\"og:type\" content=\"article\" \/>\n<meta property=\"og:title\" content=\"57 Reshotel Orio - 57ResHotel\" \/>\n<meta property=\"og:description\" content=\"Una moderna soluci\u00f3n de hospitalidad compuesta por habitaciones y apartamentos elegantemente amueblados para que se sienta como en casa, la soluci\u00f3n ideal para quienes desean las comodidades de un hotel sin renunciar al ambiente de una residencia. del Hotel sin renunciar al ambiente de una Residencia. El 57 ResHotel Orio es la opci\u00f3n ideal tanto [&hellip;]\" \/>\n<meta property=\"og:url\" content=\"https:\/\/www.57reshotel.it\/es\/\" \/>\n<meta property=\"og:site_name\" content=\"57ResHotel\" \/>\n<meta property=\"article:modified_time\" content=\"2021-03-10T15:35:31+00:00\" \/>\n<meta name=\"twitter:card\" content=\"summary_large_image\" \/>\n<meta name=\"twitter:label1\" content=\"Tiempo de lectura\" \/>\n\t<meta name=\"twitter:data1\" content=\"1 minuto\" \/>\n<script type=\"application\/ld+json\" class=\"yoast-schema-graph\">{\"@context\":\"https:\/\/schema.org\",\"@graph\":[{\"@type\":\"WebPage\",\"@id\":\"https:\/\/www.57reshotel.it\/es\/\",\"url\":\"https:\/\/www.57reshotel.it\/es\/\",\"name\":\"57 Reshotel Orio - 57ResHotel\",\"isPartOf\":{\"@id\":\"https:\/\/www.57reshotel.it\/es\/#website\"},\"datePublished\":\"2021-03-02T09:14:14+00:00\",\"dateModified\":\"2021-03-10T15:35:31+00:00\",\"breadcrumb\":{\"@id\":\"https:\/\/www.57reshotel.it\/es\/#breadcrumb\"},\"inLanguage\":\"es\",\"potentialAction\":[{\"@type\":\"ReadAction\",\"target\":[\"https:\/\/www.57reshotel.it\/es\/\"]}]},{\"@type\":\"BreadcrumbList\",\"@id\":\"https:\/\/www.57reshotel.it\/es\/#breadcrumb\",\"itemListElement\":[{\"@type\":\"ListItem\",\"position\":1,\"name\":\"Home\",\"item\":\"https:\/\/www.57reshotel.it\/es\/\"},{\"@type\":\"ListItem\",\"position\":2,\"name\":\"57 Reshotel Orio\"}]},{\"@type\":\"WebSite\",\"@id\":\"https:\/\/www.57reshotel.it\/es\/#website\",\"url\":\"https:\/\/www.57reshotel.it\/es\/\",\"name\":\"57ResHotel\",\"description\":\"Ecco un altro sito ms.decms.eu\",\"potentialAction\":[{\"@type\":\"SearchAction\",\"target\":{\"@type\":\"EntryPoint\",\"urlTemplate\":\"https:\/\/www.57reshotel.it\/es\/?s={search_term_string}\"},\"query-input\":{\"@type\":\"PropertyValueSpecification\",\"valueRequired\":true,\"valueName\":\"search_term_string\"}}],\"inLanguage\":\"es\"}]}<\/script>\n<!-- \/ Yoast SEO plugin. -->","yoast_head_json":{"title":"57 Reshotel Orio - 57ResHotel","robots":{"index":"index","follow":"follow","max-snippet":"max-snippet:-1","max-image-preview":"max-image-preview:large","max-video-preview":"max-video-preview:-1"},"canonical":"https:\/\/www.57reshotel.it\/es\/","og_locale":"es_ES","og_type":"article","og_title":"57 Reshotel Orio - 57ResHotel","og_description":"Una moderna soluci\u00f3n de hospitalidad compuesta por habitaciones y apartamentos elegantemente amueblados para que se sienta como en casa, la soluci\u00f3n ideal para quienes desean las comodidades de un hotel sin renunciar al ambiente de una residencia. del Hotel sin renunciar al ambiente de una Residencia. El 57 ResHotel Orio es la opci\u00f3n ideal tanto [&hellip;]","og_url":"https:\/\/www.57reshotel.it\/es\/","og_site_name":"57ResHotel","article_modified_time":"2021-03-10T15:35:31+00:00","twitter_card":"summary_large_image","twitter_misc":{"Tiempo de lectura":"1 minuto"},"schema":{"@context":"https:\/\/schema.org","@graph":[{"@type":"WebPage","@id":"https:\/\/www.57reshotel.it\/es\/","url":"https:\/\/www.57reshotel.it\/es\/","name":"57 Reshotel Orio - 57ResHotel","isPartOf":{"@id":"https:\/\/www.57reshotel.it\/es\/#website"},"datePublished":"2021-03-02T09:14:14+00:00","dateModified":"2021-03-10T15:35:31+00:00","breadcrumb":{"@id":"https:\/\/www.57reshotel.it\/es\/#breadcrumb"},"inLanguage":"es","potentialAction":[{"@type":"ReadAction","target":["https:\/\/www.57reshotel.it\/es\/"]}]},{"@type":"BreadcrumbList","@id":"https:\/\/www.57reshotel.it\/es\/#breadcrumb","itemListElement":[{"@type":"ListItem","position":1,"name":"Home","item":"https:\/\/www.57reshotel.it\/es\/"},{"@type":"ListItem","position":2,"name":"57 Reshotel Orio"}]},{"@type":"WebSite","@id":"https:\/\/www.57reshotel.it\/es\/#website","url":"https:\/\/www.57reshotel.it\/es\/","name":"57ResHotel","description":"Ecco un altro sito ms.decms.eu","potentialAction":[{"@type":"SearchAction","target":{"@type":"EntryPoint","urlTemplate":"https:\/\/www.57reshotel.it\/es\/?s={search_term_string}"},"query-input":{"@type":"PropertyValueSpecification","valueRequired":true,"valueName":"search_term_string"}}],"inLanguage":"es"}]}},"acf":[],"_links":{"self":[{"href":"https:\/\/www.57reshotel.it\/es\/wp-json\/wp\/v2\/pages\/251","targetHints":{"allow":["GET"]}}],"collection":[{"href":"https:\/\/www.57reshotel.it\/es\/wp-json\/wp\/v2\/pages"}],"about":[{"href":"https:\/\/www.57reshotel.it\/es\/wp-json\/wp\/v2\/types\/page"}],"author":[{"embeddable":true,"href":"https:\/\/www.57reshotel.it\/es\/wp-json\/wp\/v2\/users\/13"}],"replies":[{"embeddable":true,"href":"https:\/\/www.57reshotel.it\/es\/wp-json\/wp\/v2\/comments?post=251"}],"version-history":[{"count":0,"href":"https:\/\/www.57reshotel.it\/es\/wp-json\/wp\/v2\/pages\/251\/revisions"}],"wp:attachment":[{"href":"https:\/\/www.57reshotel.it\/es\/wp-json\/wp\/v2\/media?parent=251"}],"curies":[{"name":"wp","href":"https:\/\/api.w.org\/{rel}","templated":true}]}}