{"id":253,"date":"2021-03-02T10:20:08","date_gmt":"2021-03-02T09:20:08","guid":{"rendered":"http:\/\/57reshotel.ms.decms.eu\/?page_id=253"},"modified":"2021-03-10T16:36:06","modified_gmt":"2021-03-10T15:36:06","slug":"hotel","status":"publish","type":"page","link":"https:\/\/www.57reshotel.it\/es\/hotel\/","title":{"rendered":"Hotel"},"content":{"rendered":"<p>El estilo y la filosof\u00eda de 57 ResHotel Orio es poner a las personas que nos rodean en el centro de nuestros pensamientos, prestando gran atenci\u00f3n a sus necesidades.<\/p>\n<p>Elegantemente amueblado y con todas las comodidades, cada habitaci\u00f3n y espacio p\u00fablico est\u00e1 dise\u00f1ado para proporcionar una experiencia de comodidad absoluta a los hu\u00e9spedes que viajan por negocios o por placer.<\/p>\n<p>A cualquier hora del d\u00eda, sus deseos ser\u00e1n satisfechos por personal cualificado.<br \/>\nCon una llamada telef\u00f3nica puede planificar una cena, solicitar la asistencia de un int\u00e9rprete, alquilar un coche, planificar su tiempo libre.<br \/>\nSe sentir\u00e1 como en casa en el nuevo 57 ResHotel Orio, el \u00fanico a pocos pasos del aeropuerto de Milan Bergamo &#8211; BGY y del centro de la ciudad.<\/p>\n","protected":false},"excerpt":{"rendered":"<p>El estilo y la filosof\u00eda de 57 ResHotel Orio es poner a las personas que nos rodean en el centro de nuestros pensamientos, prestando gran atenci\u00f3n a sus necesidades. Elegantemente amueblado y con todas las comodidades, cada habitaci\u00f3n y espacio p\u00fablico est\u00e1 dise\u00f1ado para proporcionar una experiencia de comodidad absoluta a los hu\u00e9spedes que viajan [&hellip;]<\/p>\n","protected":false},"author":13,"featured_media":0,"parent":0,"menu_order":20,"comment_status":"closed","ping_status":"closed","template":"","meta":{"footnotes":""},"class_list":["post-253","page","type-page","status-publish","hentry"],"yoast_head":"<!-- This site is optimized with the Yoast SEO plugin v26.9 - https:\/\/yoast.com\/product\/yoast-seo-wordpress\/ -->\n<title>Hotel - 57ResHotel<\/title>\n<meta name=\"robots\" content=\"index, follow, max-snippet:-1, max-image-preview:large, max-video-preview:-1\" \/>\n<link rel=\"canonical\" href=\"https:\/\/www.57reshotel.it\/es\/hotel\/\" \/>\n<meta property=\"og:locale\" content=\"es_ES\" \/>\n<meta property=\"og:type\" content=\"article\" \/>\n<meta property=\"og:title\" content=\"Hotel - 57ResHotel\" \/>\n<meta property=\"og:description\" content=\"El estilo y la filosof\u00eda de 57 ResHotel Orio es poner a las personas que nos rodean en el centro de nuestros pensamientos, prestando gran atenci\u00f3n a sus necesidades. Elegantemente amueblado y con todas las comodidades, cada habitaci\u00f3n y espacio p\u00fablico est\u00e1 dise\u00f1ado para proporcionar una experiencia de comodidad absoluta a los hu\u00e9spedes que viajan [&hellip;]\" \/>\n<meta property=\"og:url\" content=\"https:\/\/www.57reshotel.it\/es\/hotel\/\" \/>\n<meta property=\"og:site_name\" content=\"57ResHotel\" \/>\n<meta property=\"article:modified_time\" content=\"2021-03-10T15:36:06+00:00\" \/>\n<meta name=\"twitter:card\" content=\"summary_large_image\" \/>\n<meta name=\"twitter:label1\" content=\"Tiempo de lectura\" \/>\n\t<meta name=\"twitter:data1\" content=\"1 minuto\" \/>\n<script type=\"application\/ld+json\" class=\"yoast-schema-graph\">{\"@context\":\"https:\/\/schema.org\",\"@graph\":[{\"@type\":\"WebPage\",\"@id\":\"https:\/\/www.57reshotel.it\/es\/hotel\/\",\"url\":\"https:\/\/www.57reshotel.it\/es\/hotel\/\",\"name\":\"Hotel - 57ResHotel\",\"isPartOf\":{\"@id\":\"https:\/\/www.57reshotel.it\/es\/#website\"},\"datePublished\":\"2021-03-02T09:20:08+00:00\",\"dateModified\":\"2021-03-10T15:36:06+00:00\",\"breadcrumb\":{\"@id\":\"https:\/\/www.57reshotel.it\/es\/hotel\/#breadcrumb\"},\"inLanguage\":\"es\",\"potentialAction\":[{\"@type\":\"ReadAction\",\"target\":[\"https:\/\/www.57reshotel.it\/es\/hotel\/\"]}]},{\"@type\":\"BreadcrumbList\",\"@id\":\"https:\/\/www.57reshotel.it\/es\/hotel\/#breadcrumb\",\"itemListElement\":[{\"@type\":\"ListItem\",\"position\":1,\"name\":\"Home\",\"item\":\"https:\/\/www.57reshotel.it\/es\/\"},{\"@type\":\"ListItem\",\"position\":2,\"name\":\"Hotel\"}]},{\"@type\":\"WebSite\",\"@id\":\"https:\/\/www.57reshotel.it\/es\/#website\",\"url\":\"https:\/\/www.57reshotel.it\/es\/\",\"name\":\"57ResHotel\",\"description\":\"Ecco un altro sito ms.decms.eu\",\"potentialAction\":[{\"@type\":\"SearchAction\",\"target\":{\"@type\":\"EntryPoint\",\"urlTemplate\":\"https:\/\/www.57reshotel.it\/es\/?s={search_term_string}\"},\"query-input\":{\"@type\":\"PropertyValueSpecification\",\"valueRequired\":true,\"valueName\":\"search_term_string\"}}],\"inLanguage\":\"es\"}]}<\/script>\n<!-- \/ Yoast SEO plugin. -->","yoast_head_json":{"title":"Hotel - 57ResHotel","robots":{"index":"index","follow":"follow","max-snippet":"max-snippet:-1","max-image-preview":"max-image-preview:large","max-video-preview":"max-video-preview:-1"},"canonical":"https:\/\/www.57reshotel.it\/es\/hotel\/","og_locale":"es_ES","og_type":"article","og_title":"Hotel - 57ResHotel","og_description":"El estilo y la filosof\u00eda de 57 ResHotel Orio es poner a las personas que nos rodean en el centro de nuestros pensamientos, prestando gran atenci\u00f3n a sus necesidades. Elegantemente amueblado y con todas las comodidades, cada habitaci\u00f3n y espacio p\u00fablico est\u00e1 dise\u00f1ado para proporcionar una experiencia de comodidad absoluta a los hu\u00e9spedes que viajan [&hellip;]","og_url":"https:\/\/www.57reshotel.it\/es\/hotel\/","og_site_name":"57ResHotel","article_modified_time":"2021-03-10T15:36:06+00:00","twitter_card":"summary_large_image","twitter_misc":{"Tiempo de lectura":"1 minuto"},"schema":{"@context":"https:\/\/schema.org","@graph":[{"@type":"WebPage","@id":"https:\/\/www.57reshotel.it\/es\/hotel\/","url":"https:\/\/www.57reshotel.it\/es\/hotel\/","name":"Hotel - 57ResHotel","isPartOf":{"@id":"https:\/\/www.57reshotel.it\/es\/#website"},"datePublished":"2021-03-02T09:20:08+00:00","dateModified":"2021-03-10T15:36:06+00:00","breadcrumb":{"@id":"https:\/\/www.57reshotel.it\/es\/hotel\/#breadcrumb"},"inLanguage":"es","potentialAction":[{"@type":"ReadAction","target":["https:\/\/www.57reshotel.it\/es\/hotel\/"]}]},{"@type":"BreadcrumbList","@id":"https:\/\/www.57reshotel.it\/es\/hotel\/#breadcrumb","itemListElement":[{"@type":"ListItem","position":1,"name":"Home","item":"https:\/\/www.57reshotel.it\/es\/"},{"@type":"ListItem","position":2,"name":"Hotel"}]},{"@type":"WebSite","@id":"https:\/\/www.57reshotel.it\/es\/#website","url":"https:\/\/www.57reshotel.it\/es\/","name":"57ResHotel","description":"Ecco un altro sito ms.decms.eu","potentialAction":[{"@type":"SearchAction","target":{"@type":"EntryPoint","urlTemplate":"https:\/\/www.57reshotel.it\/es\/?s={search_term_string}"},"query-input":{"@type":"PropertyValueSpecification","valueRequired":true,"valueName":"search_term_string"}}],"inLanguage":"es"}]}},"acf":[],"_links":{"self":[{"href":"https:\/\/www.57reshotel.it\/es\/wp-json\/wp\/v2\/pages\/253","targetHints":{"allow":["GET"]}}],"collection":[{"href":"https:\/\/www.57reshotel.it\/es\/wp-json\/wp\/v2\/pages"}],"about":[{"href":"https:\/\/www.57reshotel.it\/es\/wp-json\/wp\/v2\/types\/page"}],"author":[{"embeddable":true,"href":"https:\/\/www.57reshotel.it\/es\/wp-json\/wp\/v2\/users\/13"}],"replies":[{"embeddable":true,"href":"https:\/\/www.57reshotel.it\/es\/wp-json\/wp\/v2\/comments?post=253"}],"version-history":[{"count":0,"href":"https:\/\/www.57reshotel.it\/es\/wp-json\/wp\/v2\/pages\/253\/revisions"}],"wp:attachment":[{"href":"https:\/\/www.57reshotel.it\/es\/wp-json\/wp\/v2\/media?parent=253"}],"curies":[{"name":"wp","href":"https:\/\/api.w.org\/{rel}","templated":true}]}}