{"id":255,"date":"2021-03-02T10:23:32","date_gmt":"2021-03-02T09:23:32","guid":{"rendered":"http:\/\/57reshotel.ms.decms.eu\/?page_id=255"},"modified":"2021-03-10T18:25:24","modified_gmt":"2021-03-10T17:25:24","slug":"habitaciones","status":"publish","type":"page","link":"https:\/\/www.57reshotel.it\/es\/habitaciones\/","title":{"rendered":"Habitaciones"},"content":{"rendered":"<p>Su parada para una experiencia de sue\u00f1o excepcional (subt\u00edtulo en cursiva)<\/p>\n<p>El 57 ResHotel ofrece amplias habitaciones y apartamentos, elegantemente amueblados y equipados con todas las comodidades modernas.<br \/>\nLas paredes insonorizadas, que proporcionan el m\u00e1ximo confort para una mejor y rejuvenecedora noche de sue\u00f1o, combinadas con otras comodidades, pretenden satisfacer todas las necesidades del hu\u00e9sped para que se sienta como en casa.<\/p>\n<p>Los apartamentos, a diferencia de las habitaciones, constan de una acogedora sala de estar con cocina americana tambi\u00e9n adecuada para estancias m\u00e1s largas.<\/p>\n","protected":false},"excerpt":{"rendered":"<p>Su parada para una experiencia de sue\u00f1o excepcional (subt\u00edtulo en cursiva) El 57 ResHotel ofrece amplias habitaciones y apartamentos, elegantemente amueblados y equipados con todas las comodidades modernas. Las paredes insonorizadas, que proporcionan el m\u00e1ximo confort para una mejor y rejuvenecedora noche de sue\u00f1o, combinadas con otras comodidades, pretenden satisfacer todas las necesidades del hu\u00e9sped [&hellip;]<\/p>\n","protected":false},"author":13,"featured_media":0,"parent":0,"menu_order":30,"comment_status":"closed","ping_status":"closed","template":"","meta":{"footnotes":""},"class_list":["post-255","page","type-page","status-publish","hentry"],"yoast_head":"<!-- This site is optimized with the Yoast SEO plugin v26.9 - https:\/\/yoast.com\/product\/yoast-seo-wordpress\/ -->\n<title>Habitaciones - 57ResHotel<\/title>\n<meta name=\"robots\" content=\"index, follow, max-snippet:-1, max-image-preview:large, max-video-preview:-1\" \/>\n<link rel=\"canonical\" href=\"https:\/\/www.57reshotel.it\/es\/habitaciones\/\" \/>\n<meta property=\"og:locale\" content=\"es_ES\" \/>\n<meta property=\"og:type\" content=\"article\" \/>\n<meta property=\"og:title\" content=\"Habitaciones - 57ResHotel\" \/>\n<meta property=\"og:description\" content=\"Su parada para una experiencia de sue\u00f1o excepcional (subt\u00edtulo en cursiva) El 57 ResHotel ofrece amplias habitaciones y apartamentos, elegantemente amueblados y equipados con todas las comodidades modernas. Las paredes insonorizadas, que proporcionan el m\u00e1ximo confort para una mejor y rejuvenecedora noche de sue\u00f1o, combinadas con otras comodidades, pretenden satisfacer todas las necesidades del hu\u00e9sped [&hellip;]\" \/>\n<meta property=\"og:url\" content=\"https:\/\/www.57reshotel.it\/es\/habitaciones\/\" \/>\n<meta property=\"og:site_name\" content=\"57ResHotel\" \/>\n<meta property=\"article:modified_time\" content=\"2021-03-10T17:25:24+00:00\" \/>\n<meta name=\"twitter:card\" content=\"summary_large_image\" \/>\n<script type=\"application\/ld+json\" class=\"yoast-schema-graph\">{\"@context\":\"https:\/\/schema.org\",\"@graph\":[{\"@type\":\"WebPage\",\"@id\":\"https:\/\/www.57reshotel.it\/es\/habitaciones\/\",\"url\":\"https:\/\/www.57reshotel.it\/es\/habitaciones\/\",\"name\":\"Habitaciones - 57ResHotel\",\"isPartOf\":{\"@id\":\"https:\/\/www.57reshotel.it\/es\/#website\"},\"datePublished\":\"2021-03-02T09:23:32+00:00\",\"dateModified\":\"2021-03-10T17:25:24+00:00\",\"breadcrumb\":{\"@id\":\"https:\/\/www.57reshotel.it\/es\/habitaciones\/#breadcrumb\"},\"inLanguage\":\"es\",\"potentialAction\":[{\"@type\":\"ReadAction\",\"target\":[\"https:\/\/www.57reshotel.it\/es\/habitaciones\/\"]}]},{\"@type\":\"BreadcrumbList\",\"@id\":\"https:\/\/www.57reshotel.it\/es\/habitaciones\/#breadcrumb\",\"itemListElement\":[{\"@type\":\"ListItem\",\"position\":1,\"name\":\"Home\",\"item\":\"https:\/\/www.57reshotel.it\/es\/\"},{\"@type\":\"ListItem\",\"position\":2,\"name\":\"Habitaciones\"}]},{\"@type\":\"WebSite\",\"@id\":\"https:\/\/www.57reshotel.it\/es\/#website\",\"url\":\"https:\/\/www.57reshotel.it\/es\/\",\"name\":\"57ResHotel\",\"description\":\"Ecco un altro sito ms.decms.eu\",\"potentialAction\":[{\"@type\":\"SearchAction\",\"target\":{\"@type\":\"EntryPoint\",\"urlTemplate\":\"https:\/\/www.57reshotel.it\/es\/?s={search_term_string}\"},\"query-input\":{\"@type\":\"PropertyValueSpecification\",\"valueRequired\":true,\"valueName\":\"search_term_string\"}}],\"inLanguage\":\"es\"}]}<\/script>\n<!-- \/ Yoast SEO plugin. -->","yoast_head_json":{"title":"Habitaciones - 57ResHotel","robots":{"index":"index","follow":"follow","max-snippet":"max-snippet:-1","max-image-preview":"max-image-preview:large","max-video-preview":"max-video-preview:-1"},"canonical":"https:\/\/www.57reshotel.it\/es\/habitaciones\/","og_locale":"es_ES","og_type":"article","og_title":"Habitaciones - 57ResHotel","og_description":"Su parada para una experiencia de sue\u00f1o excepcional (subt\u00edtulo en cursiva) El 57 ResHotel ofrece amplias habitaciones y apartamentos, elegantemente amueblados y equipados con todas las comodidades modernas. Las paredes insonorizadas, que proporcionan el m\u00e1ximo confort para una mejor y rejuvenecedora noche de sue\u00f1o, combinadas con otras comodidades, pretenden satisfacer todas las necesidades del hu\u00e9sped [&hellip;]","og_url":"https:\/\/www.57reshotel.it\/es\/habitaciones\/","og_site_name":"57ResHotel","article_modified_time":"2021-03-10T17:25:24+00:00","twitter_card":"summary_large_image","schema":{"@context":"https:\/\/schema.org","@graph":[{"@type":"WebPage","@id":"https:\/\/www.57reshotel.it\/es\/habitaciones\/","url":"https:\/\/www.57reshotel.it\/es\/habitaciones\/","name":"Habitaciones - 57ResHotel","isPartOf":{"@id":"https:\/\/www.57reshotel.it\/es\/#website"},"datePublished":"2021-03-02T09:23:32+00:00","dateModified":"2021-03-10T17:25:24+00:00","breadcrumb":{"@id":"https:\/\/www.57reshotel.it\/es\/habitaciones\/#breadcrumb"},"inLanguage":"es","potentialAction":[{"@type":"ReadAction","target":["https:\/\/www.57reshotel.it\/es\/habitaciones\/"]}]},{"@type":"BreadcrumbList","@id":"https:\/\/www.57reshotel.it\/es\/habitaciones\/#breadcrumb","itemListElement":[{"@type":"ListItem","position":1,"name":"Home","item":"https:\/\/www.57reshotel.it\/es\/"},{"@type":"ListItem","position":2,"name":"Habitaciones"}]},{"@type":"WebSite","@id":"https:\/\/www.57reshotel.it\/es\/#website","url":"https:\/\/www.57reshotel.it\/es\/","name":"57ResHotel","description":"Ecco un altro sito ms.decms.eu","potentialAction":[{"@type":"SearchAction","target":{"@type":"EntryPoint","urlTemplate":"https:\/\/www.57reshotel.it\/es\/?s={search_term_string}"},"query-input":{"@type":"PropertyValueSpecification","valueRequired":true,"valueName":"search_term_string"}}],"inLanguage":"es"}]}},"acf":[],"_links":{"self":[{"href":"https:\/\/www.57reshotel.it\/es\/wp-json\/wp\/v2\/pages\/255","targetHints":{"allow":["GET"]}}],"collection":[{"href":"https:\/\/www.57reshotel.it\/es\/wp-json\/wp\/v2\/pages"}],"about":[{"href":"https:\/\/www.57reshotel.it\/es\/wp-json\/wp\/v2\/types\/page"}],"author":[{"embeddable":true,"href":"https:\/\/www.57reshotel.it\/es\/wp-json\/wp\/v2\/users\/13"}],"replies":[{"embeddable":true,"href":"https:\/\/www.57reshotel.it\/es\/wp-json\/wp\/v2\/comments?post=255"}],"version-history":[{"count":0,"href":"https:\/\/www.57reshotel.it\/es\/wp-json\/wp\/v2\/pages\/255\/revisions"}],"wp:attachment":[{"href":"https:\/\/www.57reshotel.it\/es\/wp-json\/wp\/v2\/media?parent=255"}],"curies":[{"name":"wp","href":"https:\/\/api.w.org\/{rel}","templated":true}]}}