{"id":257,"date":"2021-03-02T10:25:14","date_gmt":"2021-03-02T09:25:14","guid":{"rendered":"http:\/\/57reshotel.ms.decms.eu\/?page_id=257"},"modified":"2021-03-02T10:31:18","modified_gmt":"2021-03-02T09:31:18","slug":"habitacion-standard-individual-o-doble","status":"publish","type":"page","link":"https:\/\/www.57reshotel.it\/es\/habitaciones-cav\/habitacion-standard-individual-o-doble\/","title":{"rendered":"Habitacion Standard Individual o Doble"},"content":{"rendered":"<p>Las habitaciones est\u00e1ndar, de 30 m2, acogen a los hu\u00e9spedes en un espacio c\u00e1lido y luminoso donde el dise\u00f1o sencillo y excepcionalmente funcional se une a la comodidad de quienes viajan por negocios o por placer.<\/p>\n<p>Todas est\u00e1n equipadas con los mejores servicios tecnol\u00f3gicos, conexi\u00f3n a Internet Wi-Fi gratuita, caja fuerte de seguridad, tel\u00e9fono en la habitaci\u00f3n, l\u00ednea de cortes\u00eda y TV LED de pantalla plana.<\/p>\n<p>Este tipo de habitaci\u00f3n tambi\u00e9n cuenta con una cocina totalmente equipada.<\/p>\n","protected":false},"excerpt":{"rendered":"<p>Las habitaciones est\u00e1ndar, de 30 m2, acogen a los hu\u00e9spedes en un espacio c\u00e1lido y luminoso donde el dise\u00f1o sencillo y excepcionalmente funcional se une a la comodidad de quienes viajan por negocios o por placer. Todas est\u00e1n equipadas con los mejores servicios tecnol\u00f3gicos, conexi\u00f3n a Internet Wi-Fi gratuita, caja fuerte de seguridad, tel\u00e9fono en [&hellip;]<\/p>\n","protected":false},"author":13,"featured_media":0,"parent":634,"menu_order":10,"comment_status":"closed","ping_status":"closed","template":"template-single-room.php","meta":{"footnotes":""},"class_list":["post-257","page","type-page","status-publish","hentry"],"yoast_head":"<!-- This site is optimized with the Yoast SEO plugin v26.9 - https:\/\/yoast.com\/product\/yoast-seo-wordpress\/ -->\n<title>Habitacion Standard Individual o Doble - 57ResHotel<\/title>\n<meta name=\"robots\" content=\"index, follow, max-snippet:-1, max-image-preview:large, max-video-preview:-1\" \/>\n<link rel=\"canonical\" href=\"https:\/\/www.57reshotel.it\/es\/habitaciones-cav\/habitacion-standard-individual-o-doble\/\" \/>\n<meta property=\"og:locale\" content=\"es_ES\" \/>\n<meta property=\"og:type\" content=\"article\" \/>\n<meta property=\"og:title\" content=\"Habitacion Standard Individual o Doble - 57ResHotel\" \/>\n<meta property=\"og:description\" content=\"Las habitaciones est\u00e1ndar, de 30 m2, acogen a los hu\u00e9spedes en un espacio c\u00e1lido y luminoso donde el dise\u00f1o sencillo y excepcionalmente funcional se une a la comodidad de quienes viajan por negocios o por placer. Todas est\u00e1n equipadas con los mejores servicios tecnol\u00f3gicos, conexi\u00f3n a Internet Wi-Fi gratuita, caja fuerte de seguridad, tel\u00e9fono en [&hellip;]\" \/>\n<meta property=\"og:url\" content=\"https:\/\/www.57reshotel.it\/es\/habitaciones-cav\/habitacion-standard-individual-o-doble\/\" \/>\n<meta property=\"og:site_name\" content=\"57ResHotel\" \/>\n<meta property=\"article:modified_time\" content=\"2021-03-02T09:31:18+00:00\" \/>\n<meta name=\"twitter:card\" content=\"summary_large_image\" \/>\n<script type=\"application\/ld+json\" class=\"yoast-schema-graph\">{\"@context\":\"https:\/\/schema.org\",\"@graph\":[{\"@type\":\"WebPage\",\"@id\":\"https:\/\/www.57reshotel.it\/es\/habitaciones-cav\/habitacion-standard-individual-o-doble\/\",\"url\":\"https:\/\/www.57reshotel.it\/es\/habitaciones-cav\/habitacion-standard-individual-o-doble\/\",\"name\":\"Habitacion Standard Individual o Doble - 57ResHotel\",\"isPartOf\":{\"@id\":\"https:\/\/www.57reshotel.it\/es\/#website\"},\"datePublished\":\"2021-03-02T09:25:14+00:00\",\"dateModified\":\"2021-03-02T09:31:18+00:00\",\"breadcrumb\":{\"@id\":\"https:\/\/www.57reshotel.it\/es\/habitaciones-cav\/habitacion-standard-individual-o-doble\/#breadcrumb\"},\"inLanguage\":\"es\",\"potentialAction\":[{\"@type\":\"ReadAction\",\"target\":[\"https:\/\/www.57reshotel.it\/es\/habitaciones-cav\/habitacion-standard-individual-o-doble\/\"]}]},{\"@type\":\"BreadcrumbList\",\"@id\":\"https:\/\/www.57reshotel.it\/es\/habitaciones-cav\/habitacion-standard-individual-o-doble\/#breadcrumb\",\"itemListElement\":[{\"@type\":\"ListItem\",\"position\":1,\"name\":\"Home\",\"item\":\"https:\/\/www.57reshotel.it\/es\/\"},{\"@type\":\"ListItem\",\"position\":2,\"name\":\"Habitaciones\",\"item\":\"https:\/\/www.57reshotel.it\/es\/habitaciones\/\"},{\"@type\":\"ListItem\",\"position\":3,\"name\":\"Habitacion Standard Individual o Doble\"}]},{\"@type\":\"WebSite\",\"@id\":\"https:\/\/www.57reshotel.it\/es\/#website\",\"url\":\"https:\/\/www.57reshotel.it\/es\/\",\"name\":\"57ResHotel\",\"description\":\"Ecco un altro sito ms.decms.eu\",\"potentialAction\":[{\"@type\":\"SearchAction\",\"target\":{\"@type\":\"EntryPoint\",\"urlTemplate\":\"https:\/\/www.57reshotel.it\/es\/?s={search_term_string}\"},\"query-input\":{\"@type\":\"PropertyValueSpecification\",\"valueRequired\":true,\"valueName\":\"search_term_string\"}}],\"inLanguage\":\"es\"}]}<\/script>\n<!-- \/ Yoast SEO plugin. -->","yoast_head_json":{"title":"Habitacion Standard Individual o Doble - 57ResHotel","robots":{"index":"index","follow":"follow","max-snippet":"max-snippet:-1","max-image-preview":"max-image-preview:large","max-video-preview":"max-video-preview:-1"},"canonical":"https:\/\/www.57reshotel.it\/es\/habitaciones-cav\/habitacion-standard-individual-o-doble\/","og_locale":"es_ES","og_type":"article","og_title":"Habitacion Standard Individual o Doble - 57ResHotel","og_description":"Las habitaciones est\u00e1ndar, de 30 m2, acogen a los hu\u00e9spedes en un espacio c\u00e1lido y luminoso donde el dise\u00f1o sencillo y excepcionalmente funcional se une a la comodidad de quienes viajan por negocios o por placer. Todas est\u00e1n equipadas con los mejores servicios tecnol\u00f3gicos, conexi\u00f3n a Internet Wi-Fi gratuita, caja fuerte de seguridad, tel\u00e9fono en [&hellip;]","og_url":"https:\/\/www.57reshotel.it\/es\/habitaciones-cav\/habitacion-standard-individual-o-doble\/","og_site_name":"57ResHotel","article_modified_time":"2021-03-02T09:31:18+00:00","twitter_card":"summary_large_image","schema":{"@context":"https:\/\/schema.org","@graph":[{"@type":"WebPage","@id":"https:\/\/www.57reshotel.it\/es\/habitaciones-cav\/habitacion-standard-individual-o-doble\/","url":"https:\/\/www.57reshotel.it\/es\/habitaciones-cav\/habitacion-standard-individual-o-doble\/","name":"Habitacion Standard Individual o Doble - 57ResHotel","isPartOf":{"@id":"https:\/\/www.57reshotel.it\/es\/#website"},"datePublished":"2021-03-02T09:25:14+00:00","dateModified":"2021-03-02T09:31:18+00:00","breadcrumb":{"@id":"https:\/\/www.57reshotel.it\/es\/habitaciones-cav\/habitacion-standard-individual-o-doble\/#breadcrumb"},"inLanguage":"es","potentialAction":[{"@type":"ReadAction","target":["https:\/\/www.57reshotel.it\/es\/habitaciones-cav\/habitacion-standard-individual-o-doble\/"]}]},{"@type":"BreadcrumbList","@id":"https:\/\/www.57reshotel.it\/es\/habitaciones-cav\/habitacion-standard-individual-o-doble\/#breadcrumb","itemListElement":[{"@type":"ListItem","position":1,"name":"Home","item":"https:\/\/www.57reshotel.it\/es\/"},{"@type":"ListItem","position":2,"name":"Habitaciones","item":"https:\/\/www.57reshotel.it\/es\/habitaciones\/"},{"@type":"ListItem","position":3,"name":"Habitacion Standard Individual o Doble"}]},{"@type":"WebSite","@id":"https:\/\/www.57reshotel.it\/es\/#website","url":"https:\/\/www.57reshotel.it\/es\/","name":"57ResHotel","description":"Ecco un altro sito ms.decms.eu","potentialAction":[{"@type":"SearchAction","target":{"@type":"EntryPoint","urlTemplate":"https:\/\/www.57reshotel.it\/es\/?s={search_term_string}"},"query-input":{"@type":"PropertyValueSpecification","valueRequired":true,"valueName":"search_term_string"}}],"inLanguage":"es"}]}},"acf":[],"_links":{"self":[{"href":"https:\/\/www.57reshotel.it\/es\/wp-json\/wp\/v2\/pages\/257","targetHints":{"allow":["GET"]}}],"collection":[{"href":"https:\/\/www.57reshotel.it\/es\/wp-json\/wp\/v2\/pages"}],"about":[{"href":"https:\/\/www.57reshotel.it\/es\/wp-json\/wp\/v2\/types\/page"}],"author":[{"embeddable":true,"href":"https:\/\/www.57reshotel.it\/es\/wp-json\/wp\/v2\/users\/13"}],"replies":[{"embeddable":true,"href":"https:\/\/www.57reshotel.it\/es\/wp-json\/wp\/v2\/comments?post=257"}],"version-history":[{"count":0,"href":"https:\/\/www.57reshotel.it\/es\/wp-json\/wp\/v2\/pages\/257\/revisions"}],"up":[{"embeddable":true,"href":"https:\/\/www.57reshotel.it\/es\/wp-json\/wp\/v2\/pages\/634"}],"wp:attachment":[{"href":"https:\/\/www.57reshotel.it\/es\/wp-json\/wp\/v2\/media?parent=257"}],"curies":[{"name":"wp","href":"https:\/\/api.w.org\/{rel}","templated":true}]}}