{"id":262,"date":"2021-03-02T10:32:05","date_gmt":"2021-03-02T09:32:05","guid":{"rendered":"http:\/\/57reshotel.ms.decms.eu\/?page_id=262"},"modified":"2021-03-02T10:33:25","modified_gmt":"2021-03-02T09:33:25","slug":"habitacion-cuadruple","status":"publish","type":"page","link":"https:\/\/www.57reshotel.it\/es\/habitaciones-cav\/habitacion-cuadruple\/","title":{"rendered":"Habitacion Cu\u00e1druple"},"content":{"rendered":"<p>En un ambiente armonioso y relajante, amueblado en estilo cl\u00e1sico, las habitaciones Cu\u00e1druple Est\u00e1ndar &#8211; Dos, son m\u00e1s grandes que las otras, con una cama doble y adem\u00e1s una litera para acomodar un m\u00e1ximo de 4 personas en la habitaci\u00f3n.<\/p>\n<p>Todas est\u00e1n equipadas con cocina, ba\u00f1o, TV LED de pantalla plana por sat\u00e9lite, caja fuerte, l\u00ednea de cortes\u00eda, tel\u00e9fono en la habitaci\u00f3n y conexi\u00f3n a Internet WI-FI gratuita.<\/p>\n","protected":false},"excerpt":{"rendered":"<p>En un ambiente armonioso y relajante, amueblado en estilo cl\u00e1sico, las habitaciones Cu\u00e1druple Est\u00e1ndar &#8211; Dos, son m\u00e1s grandes que las otras, con una cama doble y adem\u00e1s una litera para acomodar un m\u00e1ximo de 4 personas en la habitaci\u00f3n. Todas est\u00e1n equipadas con cocina, ba\u00f1o, TV LED de pantalla plana por sat\u00e9lite, caja fuerte, [&hellip;]<\/p>\n","protected":false},"author":13,"featured_media":0,"parent":634,"menu_order":30,"comment_status":"closed","ping_status":"closed","template":"template-single-room.php","meta":{"footnotes":""},"class_list":["post-262","page","type-page","status-publish","hentry"],"yoast_head":"<!-- This site is optimized with the Yoast SEO plugin v26.9 - https:\/\/yoast.com\/product\/yoast-seo-wordpress\/ -->\n<title>Habitacion Cu\u00e1druple - 57ResHotel<\/title>\n<meta name=\"robots\" content=\"index, follow, max-snippet:-1, max-image-preview:large, max-video-preview:-1\" \/>\n<link rel=\"canonical\" href=\"https:\/\/www.57reshotel.it\/es\/habitaciones-cav\/habitacion-cuadruple\/\" \/>\n<meta property=\"og:locale\" content=\"es_ES\" \/>\n<meta property=\"og:type\" content=\"article\" \/>\n<meta property=\"og:title\" content=\"Habitacion Cu\u00e1druple - 57ResHotel\" \/>\n<meta property=\"og:description\" content=\"En un ambiente armonioso y relajante, amueblado en estilo cl\u00e1sico, las habitaciones Cu\u00e1druple Est\u00e1ndar &#8211; Dos, son m\u00e1s grandes que las otras, con una cama doble y adem\u00e1s una litera para acomodar un m\u00e1ximo de 4 personas en la habitaci\u00f3n. Todas est\u00e1n equipadas con cocina, ba\u00f1o, TV LED de pantalla plana por sat\u00e9lite, caja fuerte, [&hellip;]\" \/>\n<meta property=\"og:url\" content=\"https:\/\/www.57reshotel.it\/es\/habitaciones-cav\/habitacion-cuadruple\/\" \/>\n<meta property=\"og:site_name\" content=\"57ResHotel\" \/>\n<meta property=\"article:modified_time\" content=\"2021-03-02T09:33:25+00:00\" \/>\n<meta name=\"twitter:card\" content=\"summary_large_image\" \/>\n<script type=\"application\/ld+json\" class=\"yoast-schema-graph\">{\"@context\":\"https:\/\/schema.org\",\"@graph\":[{\"@type\":\"WebPage\",\"@id\":\"https:\/\/www.57reshotel.it\/es\/habitaciones-cav\/habitacion-cuadruple\/\",\"url\":\"https:\/\/www.57reshotel.it\/es\/habitaciones-cav\/habitacion-cuadruple\/\",\"name\":\"Habitacion Cu\u00e1druple - 57ResHotel\",\"isPartOf\":{\"@id\":\"https:\/\/www.57reshotel.it\/es\/#website\"},\"datePublished\":\"2021-03-02T09:32:05+00:00\",\"dateModified\":\"2021-03-02T09:33:25+00:00\",\"breadcrumb\":{\"@id\":\"https:\/\/www.57reshotel.it\/es\/habitaciones-cav\/habitacion-cuadruple\/#breadcrumb\"},\"inLanguage\":\"es\",\"potentialAction\":[{\"@type\":\"ReadAction\",\"target\":[\"https:\/\/www.57reshotel.it\/es\/habitaciones-cav\/habitacion-cuadruple\/\"]}]},{\"@type\":\"BreadcrumbList\",\"@id\":\"https:\/\/www.57reshotel.it\/es\/habitaciones-cav\/habitacion-cuadruple\/#breadcrumb\",\"itemListElement\":[{\"@type\":\"ListItem\",\"position\":1,\"name\":\"Home\",\"item\":\"https:\/\/www.57reshotel.it\/es\/\"},{\"@type\":\"ListItem\",\"position\":2,\"name\":\"Habitaciones\",\"item\":\"https:\/\/www.57reshotel.it\/es\/habitaciones\/\"},{\"@type\":\"ListItem\",\"position\":3,\"name\":\"Habitacion Cu\u00e1druple\"}]},{\"@type\":\"WebSite\",\"@id\":\"https:\/\/www.57reshotel.it\/es\/#website\",\"url\":\"https:\/\/www.57reshotel.it\/es\/\",\"name\":\"57ResHotel\",\"description\":\"Ecco un altro sito ms.decms.eu\",\"potentialAction\":[{\"@type\":\"SearchAction\",\"target\":{\"@type\":\"EntryPoint\",\"urlTemplate\":\"https:\/\/www.57reshotel.it\/es\/?s={search_term_string}\"},\"query-input\":{\"@type\":\"PropertyValueSpecification\",\"valueRequired\":true,\"valueName\":\"search_term_string\"}}],\"inLanguage\":\"es\"}]}<\/script>\n<!-- \/ Yoast SEO plugin. -->","yoast_head_json":{"title":"Habitacion Cu\u00e1druple - 57ResHotel","robots":{"index":"index","follow":"follow","max-snippet":"max-snippet:-1","max-image-preview":"max-image-preview:large","max-video-preview":"max-video-preview:-1"},"canonical":"https:\/\/www.57reshotel.it\/es\/habitaciones-cav\/habitacion-cuadruple\/","og_locale":"es_ES","og_type":"article","og_title":"Habitacion Cu\u00e1druple - 57ResHotel","og_description":"En un ambiente armonioso y relajante, amueblado en estilo cl\u00e1sico, las habitaciones Cu\u00e1druple Est\u00e1ndar &#8211; Dos, son m\u00e1s grandes que las otras, con una cama doble y adem\u00e1s una litera para acomodar un m\u00e1ximo de 4 personas en la habitaci\u00f3n. Todas est\u00e1n equipadas con cocina, ba\u00f1o, TV LED de pantalla plana por sat\u00e9lite, caja fuerte, [&hellip;]","og_url":"https:\/\/www.57reshotel.it\/es\/habitaciones-cav\/habitacion-cuadruple\/","og_site_name":"57ResHotel","article_modified_time":"2021-03-02T09:33:25+00:00","twitter_card":"summary_large_image","schema":{"@context":"https:\/\/schema.org","@graph":[{"@type":"WebPage","@id":"https:\/\/www.57reshotel.it\/es\/habitaciones-cav\/habitacion-cuadruple\/","url":"https:\/\/www.57reshotel.it\/es\/habitaciones-cav\/habitacion-cuadruple\/","name":"Habitacion Cu\u00e1druple - 57ResHotel","isPartOf":{"@id":"https:\/\/www.57reshotel.it\/es\/#website"},"datePublished":"2021-03-02T09:32:05+00:00","dateModified":"2021-03-02T09:33:25+00:00","breadcrumb":{"@id":"https:\/\/www.57reshotel.it\/es\/habitaciones-cav\/habitacion-cuadruple\/#breadcrumb"},"inLanguage":"es","potentialAction":[{"@type":"ReadAction","target":["https:\/\/www.57reshotel.it\/es\/habitaciones-cav\/habitacion-cuadruple\/"]}]},{"@type":"BreadcrumbList","@id":"https:\/\/www.57reshotel.it\/es\/habitaciones-cav\/habitacion-cuadruple\/#breadcrumb","itemListElement":[{"@type":"ListItem","position":1,"name":"Home","item":"https:\/\/www.57reshotel.it\/es\/"},{"@type":"ListItem","position":2,"name":"Habitaciones","item":"https:\/\/www.57reshotel.it\/es\/habitaciones\/"},{"@type":"ListItem","position":3,"name":"Habitacion Cu\u00e1druple"}]},{"@type":"WebSite","@id":"https:\/\/www.57reshotel.it\/es\/#website","url":"https:\/\/www.57reshotel.it\/es\/","name":"57ResHotel","description":"Ecco un altro sito ms.decms.eu","potentialAction":[{"@type":"SearchAction","target":{"@type":"EntryPoint","urlTemplate":"https:\/\/www.57reshotel.it\/es\/?s={search_term_string}"},"query-input":{"@type":"PropertyValueSpecification","valueRequired":true,"valueName":"search_term_string"}}],"inLanguage":"es"}]}},"acf":[],"_links":{"self":[{"href":"https:\/\/www.57reshotel.it\/es\/wp-json\/wp\/v2\/pages\/262","targetHints":{"allow":["GET"]}}],"collection":[{"href":"https:\/\/www.57reshotel.it\/es\/wp-json\/wp\/v2\/pages"}],"about":[{"href":"https:\/\/www.57reshotel.it\/es\/wp-json\/wp\/v2\/types\/page"}],"author":[{"embeddable":true,"href":"https:\/\/www.57reshotel.it\/es\/wp-json\/wp\/v2\/users\/13"}],"replies":[{"embeddable":true,"href":"https:\/\/www.57reshotel.it\/es\/wp-json\/wp\/v2\/comments?post=262"}],"version-history":[{"count":0,"href":"https:\/\/www.57reshotel.it\/es\/wp-json\/wp\/v2\/pages\/262\/revisions"}],"up":[{"embeddable":true,"href":"https:\/\/www.57reshotel.it\/es\/wp-json\/wp\/v2\/pages\/634"}],"wp:attachment":[{"href":"https:\/\/www.57reshotel.it\/es\/wp-json\/wp\/v2\/media?parent=262"}],"curies":[{"name":"wp","href":"https:\/\/api.w.org\/{rel}","templated":true}]}}