{"id":267,"date":"2021-03-02T11:07:30","date_gmt":"2021-03-02T10:07:30","guid":{"rendered":"http:\/\/57reshotel.ms.decms.eu\/?page_id=267"},"modified":"2021-03-02T11:15:39","modified_gmt":"2021-03-02T10:15:39","slug":"habitacion-king-individual-o-doble-con-jacuzzi","status":"publish","type":"page","link":"https:\/\/www.57reshotel.it\/es\/habitaciones\/habitacion-king-individual-o-doble-con-jacuzzi\/","title":{"rendered":"Habitacion King Individual o Doble con Jacuzzi"},"content":{"rendered":"<p>Situadas en la \u00faltima planta del Hotel, las habitaciones King con jacuzzi tienen una superficie m\u00e1xima de 40m2 y han sido pensadas en cada detalle para combinar perfectamente el dise\u00f1o contempor\u00e1neo de los espacios con los mejores servicios adaptables y funcionales.<\/p>\n<p>Para garantizar una experiencia de confort y bienestar total, las habitaciones superiores se distinguen por su mobiliario y accesorios exclusivos, pero tambi\u00e9n por las diversas comodidades de la habitaci\u00f3n, como jacuzzi, Wi-Fi gratuito, minibar con bebidas alcoh\u00f3licas, instalaciones de t\u00e9 y caf\u00e9.<\/p>\n<p>El sue\u00f1o reparador est\u00e1 asegurado por la innegable calidad de la cama king-size.<\/p>\n","protected":false},"excerpt":{"rendered":"<p>Situadas en la \u00faltima planta del Hotel, las habitaciones King con jacuzzi tienen una superficie m\u00e1xima de 40m2 y han sido pensadas en cada detalle para combinar perfectamente el dise\u00f1o contempor\u00e1neo de los espacios con los mejores servicios adaptables y funcionales. Para garantizar una experiencia de confort y bienestar total, las habitaciones superiores se distinguen [&hellip;]<\/p>\n","protected":false},"author":13,"featured_media":0,"parent":255,"menu_order":50,"comment_status":"closed","ping_status":"closed","template":"template-single-room.php","meta":{"footnotes":""},"class_list":["post-267","page","type-page","status-publish","hentry"],"yoast_head":"<!-- This site is optimized with the Yoast SEO plugin v26.9 - https:\/\/yoast.com\/product\/yoast-seo-wordpress\/ -->\n<title>Habitacion King Individual o Doble con Jacuzzi - 57ResHotel<\/title>\n<meta name=\"robots\" content=\"index, follow, max-snippet:-1, max-image-preview:large, max-video-preview:-1\" \/>\n<link rel=\"canonical\" href=\"https:\/\/www.57reshotel.it\/es\/habitaciones\/habitacion-king-individual-o-doble-con-jacuzzi\/\" \/>\n<meta property=\"og:locale\" content=\"es_ES\" \/>\n<meta property=\"og:type\" content=\"article\" \/>\n<meta property=\"og:title\" content=\"Habitacion King Individual o Doble con Jacuzzi - 57ResHotel\" \/>\n<meta property=\"og:description\" content=\"Situadas en la \u00faltima planta del Hotel, las habitaciones King con jacuzzi tienen una superficie m\u00e1xima de 40m2 y han sido pensadas en cada detalle para combinar perfectamente el dise\u00f1o contempor\u00e1neo de los espacios con los mejores servicios adaptables y funcionales. Para garantizar una experiencia de confort y bienestar total, las habitaciones superiores se distinguen [&hellip;]\" \/>\n<meta property=\"og:url\" content=\"https:\/\/www.57reshotel.it\/es\/habitaciones\/habitacion-king-individual-o-doble-con-jacuzzi\/\" \/>\n<meta property=\"og:site_name\" content=\"57ResHotel\" \/>\n<meta property=\"article:modified_time\" content=\"2021-03-02T10:15:39+00:00\" \/>\n<meta name=\"twitter:card\" content=\"summary_large_image\" \/>\n<meta name=\"twitter:label1\" content=\"Tiempo de lectura\" \/>\n\t<meta name=\"twitter:data1\" content=\"1 minuto\" \/>\n<script type=\"application\/ld+json\" class=\"yoast-schema-graph\">{\"@context\":\"https:\/\/schema.org\",\"@graph\":[{\"@type\":\"WebPage\",\"@id\":\"https:\/\/www.57reshotel.it\/es\/habitaciones\/habitacion-king-individual-o-doble-con-jacuzzi\/\",\"url\":\"https:\/\/www.57reshotel.it\/es\/habitaciones\/habitacion-king-individual-o-doble-con-jacuzzi\/\",\"name\":\"Habitacion King Individual o Doble con Jacuzzi - 57ResHotel\",\"isPartOf\":{\"@id\":\"https:\/\/www.57reshotel.it\/es\/#website\"},\"datePublished\":\"2021-03-02T10:07:30+00:00\",\"dateModified\":\"2021-03-02T10:15:39+00:00\",\"breadcrumb\":{\"@id\":\"https:\/\/www.57reshotel.it\/es\/habitaciones\/habitacion-king-individual-o-doble-con-jacuzzi\/#breadcrumb\"},\"inLanguage\":\"es\",\"potentialAction\":[{\"@type\":\"ReadAction\",\"target\":[\"https:\/\/www.57reshotel.it\/es\/habitaciones\/habitacion-king-individual-o-doble-con-jacuzzi\/\"]}]},{\"@type\":\"BreadcrumbList\",\"@id\":\"https:\/\/www.57reshotel.it\/es\/habitaciones\/habitacion-king-individual-o-doble-con-jacuzzi\/#breadcrumb\",\"itemListElement\":[{\"@type\":\"ListItem\",\"position\":1,\"name\":\"Home\",\"item\":\"https:\/\/www.57reshotel.it\/es\/\"},{\"@type\":\"ListItem\",\"position\":2,\"name\":\"Habitaciones\",\"item\":\"https:\/\/www.57reshotel.it\/es\/habitaciones\/\"},{\"@type\":\"ListItem\",\"position\":3,\"name\":\"Habitacion King Individual o Doble con Jacuzzi\"}]},{\"@type\":\"WebSite\",\"@id\":\"https:\/\/www.57reshotel.it\/es\/#website\",\"url\":\"https:\/\/www.57reshotel.it\/es\/\",\"name\":\"57ResHotel\",\"description\":\"Ecco un altro sito ms.decms.eu\",\"potentialAction\":[{\"@type\":\"SearchAction\",\"target\":{\"@type\":\"EntryPoint\",\"urlTemplate\":\"https:\/\/www.57reshotel.it\/es\/?s={search_term_string}\"},\"query-input\":{\"@type\":\"PropertyValueSpecification\",\"valueRequired\":true,\"valueName\":\"search_term_string\"}}],\"inLanguage\":\"es\"}]}<\/script>\n<!-- \/ Yoast SEO plugin. -->","yoast_head_json":{"title":"Habitacion King Individual o Doble con Jacuzzi - 57ResHotel","robots":{"index":"index","follow":"follow","max-snippet":"max-snippet:-1","max-image-preview":"max-image-preview:large","max-video-preview":"max-video-preview:-1"},"canonical":"https:\/\/www.57reshotel.it\/es\/habitaciones\/habitacion-king-individual-o-doble-con-jacuzzi\/","og_locale":"es_ES","og_type":"article","og_title":"Habitacion King Individual o Doble con Jacuzzi - 57ResHotel","og_description":"Situadas en la \u00faltima planta del Hotel, las habitaciones King con jacuzzi tienen una superficie m\u00e1xima de 40m2 y han sido pensadas en cada detalle para combinar perfectamente el dise\u00f1o contempor\u00e1neo de los espacios con los mejores servicios adaptables y funcionales. Para garantizar una experiencia de confort y bienestar total, las habitaciones superiores se distinguen [&hellip;]","og_url":"https:\/\/www.57reshotel.it\/es\/habitaciones\/habitacion-king-individual-o-doble-con-jacuzzi\/","og_site_name":"57ResHotel","article_modified_time":"2021-03-02T10:15:39+00:00","twitter_card":"summary_large_image","twitter_misc":{"Tiempo de lectura":"1 minuto"},"schema":{"@context":"https:\/\/schema.org","@graph":[{"@type":"WebPage","@id":"https:\/\/www.57reshotel.it\/es\/habitaciones\/habitacion-king-individual-o-doble-con-jacuzzi\/","url":"https:\/\/www.57reshotel.it\/es\/habitaciones\/habitacion-king-individual-o-doble-con-jacuzzi\/","name":"Habitacion King Individual o Doble con Jacuzzi - 57ResHotel","isPartOf":{"@id":"https:\/\/www.57reshotel.it\/es\/#website"},"datePublished":"2021-03-02T10:07:30+00:00","dateModified":"2021-03-02T10:15:39+00:00","breadcrumb":{"@id":"https:\/\/www.57reshotel.it\/es\/habitaciones\/habitacion-king-individual-o-doble-con-jacuzzi\/#breadcrumb"},"inLanguage":"es","potentialAction":[{"@type":"ReadAction","target":["https:\/\/www.57reshotel.it\/es\/habitaciones\/habitacion-king-individual-o-doble-con-jacuzzi\/"]}]},{"@type":"BreadcrumbList","@id":"https:\/\/www.57reshotel.it\/es\/habitaciones\/habitacion-king-individual-o-doble-con-jacuzzi\/#breadcrumb","itemListElement":[{"@type":"ListItem","position":1,"name":"Home","item":"https:\/\/www.57reshotel.it\/es\/"},{"@type":"ListItem","position":2,"name":"Habitaciones","item":"https:\/\/www.57reshotel.it\/es\/habitaciones\/"},{"@type":"ListItem","position":3,"name":"Habitacion King Individual o Doble con Jacuzzi"}]},{"@type":"WebSite","@id":"https:\/\/www.57reshotel.it\/es\/#website","url":"https:\/\/www.57reshotel.it\/es\/","name":"57ResHotel","description":"Ecco un altro sito ms.decms.eu","potentialAction":[{"@type":"SearchAction","target":{"@type":"EntryPoint","urlTemplate":"https:\/\/www.57reshotel.it\/es\/?s={search_term_string}"},"query-input":{"@type":"PropertyValueSpecification","valueRequired":true,"valueName":"search_term_string"}}],"inLanguage":"es"}]}},"acf":[],"_links":{"self":[{"href":"https:\/\/www.57reshotel.it\/es\/wp-json\/wp\/v2\/pages\/267","targetHints":{"allow":["GET"]}}],"collection":[{"href":"https:\/\/www.57reshotel.it\/es\/wp-json\/wp\/v2\/pages"}],"about":[{"href":"https:\/\/www.57reshotel.it\/es\/wp-json\/wp\/v2\/types\/page"}],"author":[{"embeddable":true,"href":"https:\/\/www.57reshotel.it\/es\/wp-json\/wp\/v2\/users\/13"}],"replies":[{"embeddable":true,"href":"https:\/\/www.57reshotel.it\/es\/wp-json\/wp\/v2\/comments?post=267"}],"version-history":[{"count":0,"href":"https:\/\/www.57reshotel.it\/es\/wp-json\/wp\/v2\/pages\/267\/revisions"}],"up":[{"embeddable":true,"href":"https:\/\/www.57reshotel.it\/es\/wp-json\/wp\/v2\/pages\/255"}],"wp:attachment":[{"href":"https:\/\/www.57reshotel.it\/es\/wp-json\/wp\/v2\/media?parent=267"}],"curies":[{"name":"wp","href":"https:\/\/api.w.org\/{rel}","templated":true}]}}