{"id":273,"date":"2021-03-02T11:27:24","date_gmt":"2021-03-02T10:27:24","guid":{"rendered":"http:\/\/57reshotel.ms.decms.eu\/?page_id=273"},"modified":"2024-06-26T15:02:00","modified_gmt":"2024-06-26T13:02:00","slug":"servicio-de-transfer","status":"publish","type":"page","link":"https:\/\/www.57reshotel.it\/es\/servicios\/servicio-de-transfer\/","title":{"rendered":"Servicio de Transfer"},"content":{"rendered":"<p>El 57 ResHotel Orio ofrece a sus hu\u00e9spedes un servicio de transporte con un coste de 10,00 \u20ac por habitaci\u00f3n y trayecto, para llegar al aeropuerto de Mil\u00e1n B\u00e9rgamo \u2013 BGY:<\/p>\n<p>Le rogamos que llame a nuestra recepci\u00f3n al +39 035 666 1001 una vez que salga del aeropuerto con el equipaje ya recogido y, si el servicio de transporte est\u00e1 disponible, lo enviaremos a recogerlo.<\/p>\n<p>&nbsp;<\/p>\n<p>El servicio de transporte opera en los siguientes horarios:<\/p>\n<p>&nbsp;<\/p>\n<p>&#8211; De lunes a viernes:<\/p>\n<p>de 01.00 a 08.00 cada 15 minutos para el aeropuerto de Orio al Serio<\/p>\n<p>de 08:00 a 24:00 seg\u00fan disponibilidad desde\/hacia el aeropuerto de Orio al Serio \u2013 llamar a recepci\u00f3n<\/p>\n<p>&nbsp;<\/p>\n<p>&#8211; S\u00e1bado:<\/p>\n<p>desde medianoche hasta las 12.00 cada 15 minutos para el aeropuerto de Orio al Serio<\/p>\n<p>de 19.00 a 00.00 seg\u00fan disponibilidad desde\/hacia el aeropuerto de Orio al Serio \u2013 llamar a recepci\u00f3n<\/p>\n<p>&nbsp;<\/p>\n<p>&#8211; Domingo:<\/p>\n<p>desde medianoche hasta las 7:45 cada 15 minutos para el aeropuerto de Orio al Serio<\/p>\n<p>de 19.00 a 00.00 seg\u00fan disponibilidad desde\/hacia el aeropuerto de Orio al Serio \u2013 llamar a recepci\u00f3n<\/p>\n<p>&nbsp;<\/p>\n<p>Seg\u00fan disponibilidad, el servicio de traslado tambi\u00e9n se puede solicitar fuera de horario contactando con recepci\u00f3n (+39 0356661001).<\/p>\n<p>&nbsp;<\/p>\n<p>El servicio de transporte para llegar a la estaci\u00f3n de tren de B\u00e9rgamo, al centro comercial Orio Center y a la ciudad de B\u00e9rgamo est\u00e1 activo seg\u00fan disponibilidad, que se comprobar\u00e1 en el momento y tiene un coste adicional.<\/p>\n<p>&nbsp;<\/p>\n<p><strong>El servicio de transporte los d\u00edas festivos est\u00e1 activo S\u00d3LO por la ma\u00f1ana hasta las 07.45 y se reanuda de 19.00 a 24.00.<\/strong><\/p>\n","protected":false},"excerpt":{"rendered":"<p>El 57 ResHotel Orio ofrece a sus hu\u00e9spedes un servicio de transporte con un coste de 10,00 \u20ac por habitaci\u00f3n y trayecto, para llegar al aeropuerto de Mil\u00e1n B\u00e9rgamo \u2013 BGY: Le rogamos que llame a nuestra recepci\u00f3n al +39 035 666 1001 una vez que salga del aeropuerto con el equipaje ya recogido y, [&hellip;]<\/p>\n","protected":false},"author":13,"featured_media":0,"parent":269,"menu_order":20,"comment_status":"closed","ping_status":"closed","template":"","meta":{"footnotes":""},"class_list":["post-273","page","type-page","status-publish","hentry"],"yoast_head":"<!-- This site is optimized with the Yoast SEO plugin v26.9 - https:\/\/yoast.com\/product\/yoast-seo-wordpress\/ -->\n<title>Servicio de Transfer - 57ResHotel<\/title>\n<meta name=\"robots\" content=\"index, follow, max-snippet:-1, max-image-preview:large, max-video-preview:-1\" \/>\n<link rel=\"canonical\" href=\"https:\/\/www.57reshotel.it\/es\/servicios\/servicio-de-transfer\/\" \/>\n<meta property=\"og:locale\" content=\"es_ES\" \/>\n<meta property=\"og:type\" content=\"article\" \/>\n<meta property=\"og:title\" content=\"Servicio de Transfer - 57ResHotel\" \/>\n<meta property=\"og:description\" content=\"El 57 ResHotel Orio ofrece a sus hu\u00e9spedes un servicio de transporte con un coste de 10,00 \u20ac por habitaci\u00f3n y trayecto, para llegar al aeropuerto de Mil\u00e1n B\u00e9rgamo \u2013 BGY: Le rogamos que llame a nuestra recepci\u00f3n al +39 035 666 1001 una vez que salga del aeropuerto con el equipaje ya recogido y, [&hellip;]\" \/>\n<meta property=\"og:url\" content=\"https:\/\/www.57reshotel.it\/es\/servicios\/servicio-de-transfer\/\" \/>\n<meta property=\"og:site_name\" content=\"57ResHotel\" \/>\n<meta property=\"article:modified_time\" content=\"2024-06-26T13:02:00+00:00\" \/>\n<meta name=\"twitter:card\" content=\"summary_large_image\" \/>\n<meta name=\"twitter:label1\" content=\"Tiempo de lectura\" \/>\n\t<meta name=\"twitter:data1\" content=\"2 minutos\" \/>\n<script type=\"application\/ld+json\" class=\"yoast-schema-graph\">{\"@context\":\"https:\/\/schema.org\",\"@graph\":[{\"@type\":\"WebPage\",\"@id\":\"https:\/\/www.57reshotel.it\/es\/servicios\/servicio-de-transfer\/\",\"url\":\"https:\/\/www.57reshotel.it\/es\/servicios\/servicio-de-transfer\/\",\"name\":\"Servicio de Transfer - 57ResHotel\",\"isPartOf\":{\"@id\":\"https:\/\/www.57reshotel.it\/es\/#website\"},\"datePublished\":\"2021-03-02T10:27:24+00:00\",\"dateModified\":\"2024-06-26T13:02:00+00:00\",\"breadcrumb\":{\"@id\":\"https:\/\/www.57reshotel.it\/es\/servicios\/servicio-de-transfer\/#breadcrumb\"},\"inLanguage\":\"es\",\"potentialAction\":[{\"@type\":\"ReadAction\",\"target\":[\"https:\/\/www.57reshotel.it\/es\/servicios\/servicio-de-transfer\/\"]}]},{\"@type\":\"BreadcrumbList\",\"@id\":\"https:\/\/www.57reshotel.it\/es\/servicios\/servicio-de-transfer\/#breadcrumb\",\"itemListElement\":[{\"@type\":\"ListItem\",\"position\":1,\"name\":\"Home\",\"item\":\"https:\/\/www.57reshotel.it\/es\/\"},{\"@type\":\"ListItem\",\"position\":2,\"name\":\"Servicios\",\"item\":\"https:\/\/www.57reshotel.it\/es\/servicios\/\"},{\"@type\":\"ListItem\",\"position\":3,\"name\":\"Servicio de Transfer\"}]},{\"@type\":\"WebSite\",\"@id\":\"https:\/\/www.57reshotel.it\/es\/#website\",\"url\":\"https:\/\/www.57reshotel.it\/es\/\",\"name\":\"57ResHotel\",\"description\":\"Ecco un altro sito ms.decms.eu\",\"potentialAction\":[{\"@type\":\"SearchAction\",\"target\":{\"@type\":\"EntryPoint\",\"urlTemplate\":\"https:\/\/www.57reshotel.it\/es\/?s={search_term_string}\"},\"query-input\":{\"@type\":\"PropertyValueSpecification\",\"valueRequired\":true,\"valueName\":\"search_term_string\"}}],\"inLanguage\":\"es\"}]}<\/script>\n<!-- \/ Yoast SEO plugin. -->","yoast_head_json":{"title":"Servicio de Transfer - 57ResHotel","robots":{"index":"index","follow":"follow","max-snippet":"max-snippet:-1","max-image-preview":"max-image-preview:large","max-video-preview":"max-video-preview:-1"},"canonical":"https:\/\/www.57reshotel.it\/es\/servicios\/servicio-de-transfer\/","og_locale":"es_ES","og_type":"article","og_title":"Servicio de Transfer - 57ResHotel","og_description":"El 57 ResHotel Orio ofrece a sus hu\u00e9spedes un servicio de transporte con un coste de 10,00 \u20ac por habitaci\u00f3n y trayecto, para llegar al aeropuerto de Mil\u00e1n B\u00e9rgamo \u2013 BGY: Le rogamos que llame a nuestra recepci\u00f3n al +39 035 666 1001 una vez que salga del aeropuerto con el equipaje ya recogido y, [&hellip;]","og_url":"https:\/\/www.57reshotel.it\/es\/servicios\/servicio-de-transfer\/","og_site_name":"57ResHotel","article_modified_time":"2024-06-26T13:02:00+00:00","twitter_card":"summary_large_image","twitter_misc":{"Tiempo de lectura":"2 minutos"},"schema":{"@context":"https:\/\/schema.org","@graph":[{"@type":"WebPage","@id":"https:\/\/www.57reshotel.it\/es\/servicios\/servicio-de-transfer\/","url":"https:\/\/www.57reshotel.it\/es\/servicios\/servicio-de-transfer\/","name":"Servicio de Transfer - 57ResHotel","isPartOf":{"@id":"https:\/\/www.57reshotel.it\/es\/#website"},"datePublished":"2021-03-02T10:27:24+00:00","dateModified":"2024-06-26T13:02:00+00:00","breadcrumb":{"@id":"https:\/\/www.57reshotel.it\/es\/servicios\/servicio-de-transfer\/#breadcrumb"},"inLanguage":"es","potentialAction":[{"@type":"ReadAction","target":["https:\/\/www.57reshotel.it\/es\/servicios\/servicio-de-transfer\/"]}]},{"@type":"BreadcrumbList","@id":"https:\/\/www.57reshotel.it\/es\/servicios\/servicio-de-transfer\/#breadcrumb","itemListElement":[{"@type":"ListItem","position":1,"name":"Home","item":"https:\/\/www.57reshotel.it\/es\/"},{"@type":"ListItem","position":2,"name":"Servicios","item":"https:\/\/www.57reshotel.it\/es\/servicios\/"},{"@type":"ListItem","position":3,"name":"Servicio de Transfer"}]},{"@type":"WebSite","@id":"https:\/\/www.57reshotel.it\/es\/#website","url":"https:\/\/www.57reshotel.it\/es\/","name":"57ResHotel","description":"Ecco un altro sito ms.decms.eu","potentialAction":[{"@type":"SearchAction","target":{"@type":"EntryPoint","urlTemplate":"https:\/\/www.57reshotel.it\/es\/?s={search_term_string}"},"query-input":{"@type":"PropertyValueSpecification","valueRequired":true,"valueName":"search_term_string"}}],"inLanguage":"es"}]}},"acf":[],"_links":{"self":[{"href":"https:\/\/www.57reshotel.it\/es\/wp-json\/wp\/v2\/pages\/273","targetHints":{"allow":["GET"]}}],"collection":[{"href":"https:\/\/www.57reshotel.it\/es\/wp-json\/wp\/v2\/pages"}],"about":[{"href":"https:\/\/www.57reshotel.it\/es\/wp-json\/wp\/v2\/types\/page"}],"author":[{"embeddable":true,"href":"https:\/\/www.57reshotel.it\/es\/wp-json\/wp\/v2\/users\/13"}],"replies":[{"embeddable":true,"href":"https:\/\/www.57reshotel.it\/es\/wp-json\/wp\/v2\/comments?post=273"}],"version-history":[{"count":0,"href":"https:\/\/www.57reshotel.it\/es\/wp-json\/wp\/v2\/pages\/273\/revisions"}],"up":[{"embeddable":true,"href":"https:\/\/www.57reshotel.it\/es\/wp-json\/wp\/v2\/pages\/269"}],"wp:attachment":[{"href":"https:\/\/www.57reshotel.it\/es\/wp-json\/wp\/v2\/media?parent=273"}],"curies":[{"name":"wp","href":"https:\/\/api.w.org\/{rel}","templated":true}]}}