{"id":293,"date":"2021-03-02T11:49:32","date_gmt":"2021-03-02T10:49:32","guid":{"rendered":"http:\/\/57reshotel.ms.decms.eu\/?page_id=293"},"modified":"2021-03-02T11:49:32","modified_gmt":"2021-03-02T10:49:32","slug":"funicular","status":"publish","type":"page","link":"https:\/\/www.57reshotel.it\/es\/ubicacion\/bergamo\/funicular\/","title":{"rendered":"Funicular"},"content":{"rendered":"<p>Desde hace 120 a\u00f1os, los funiculares atraviesan las murallas de Bergamo, conectando el centro contempor\u00e1neo con el coraz\u00f3n medieval de la ciudad. Durante el viaje la vista es magn\u00edfica, cuando las puertas se abran de nuevo ya estar\u00e1s enamorado de Bergamo.<\/p>\n","protected":false},"excerpt":{"rendered":"<p>Desde hace 120 a\u00f1os, los funiculares atraviesan las murallas de Bergamo, conectando el centro contempor\u00e1neo con el coraz\u00f3n medieval de la ciudad. Durante el viaje la vista es magn\u00edfica, cuando las puertas se abran de nuevo ya estar\u00e1s enamorado de Bergamo.<\/p>\n","protected":false},"author":13,"featured_media":0,"parent":291,"menu_order":10,"comment_status":"closed","ping_status":"closed","template":"","meta":{"footnotes":""},"class_list":["post-293","page","type-page","status-publish","hentry"],"yoast_head":"<!-- This site is optimized with the Yoast SEO plugin v26.9 - https:\/\/yoast.com\/product\/yoast-seo-wordpress\/ -->\n<title>Funicular - 57ResHotel<\/title>\n<meta name=\"robots\" content=\"index, follow, max-snippet:-1, max-image-preview:large, max-video-preview:-1\" \/>\n<link rel=\"canonical\" href=\"https:\/\/www.57reshotel.it\/es\/ubicacion\/bergamo\/funicular\/\" \/>\n<meta property=\"og:locale\" content=\"es_ES\" \/>\n<meta property=\"og:type\" content=\"article\" \/>\n<meta property=\"og:title\" content=\"Funicular - 57ResHotel\" \/>\n<meta property=\"og:description\" content=\"Desde hace 120 a\u00f1os, los funiculares atraviesan las murallas de Bergamo, conectando el centro contempor\u00e1neo con el coraz\u00f3n medieval de la ciudad. Durante el viaje la vista es magn\u00edfica, cuando las puertas se abran de nuevo ya estar\u00e1s enamorado de Bergamo.\" \/>\n<meta property=\"og:url\" content=\"https:\/\/www.57reshotel.it\/es\/ubicacion\/bergamo\/funicular\/\" \/>\n<meta property=\"og:site_name\" content=\"57ResHotel\" \/>\n<meta name=\"twitter:card\" content=\"summary_large_image\" \/>\n<script type=\"application\/ld+json\" class=\"yoast-schema-graph\">{\"@context\":\"https:\/\/schema.org\",\"@graph\":[{\"@type\":\"WebPage\",\"@id\":\"https:\/\/www.57reshotel.it\/es\/ubicacion\/bergamo\/funicular\/\",\"url\":\"https:\/\/www.57reshotel.it\/es\/ubicacion\/bergamo\/funicular\/\",\"name\":\"Funicular - 57ResHotel\",\"isPartOf\":{\"@id\":\"https:\/\/www.57reshotel.it\/es\/#website\"},\"datePublished\":\"2021-03-02T10:49:32+00:00\",\"breadcrumb\":{\"@id\":\"https:\/\/www.57reshotel.it\/es\/ubicacion\/bergamo\/funicular\/#breadcrumb\"},\"inLanguage\":\"es\",\"potentialAction\":[{\"@type\":\"ReadAction\",\"target\":[\"https:\/\/www.57reshotel.it\/es\/ubicacion\/bergamo\/funicular\/\"]}]},{\"@type\":\"BreadcrumbList\",\"@id\":\"https:\/\/www.57reshotel.it\/es\/ubicacion\/bergamo\/funicular\/#breadcrumb\",\"itemListElement\":[{\"@type\":\"ListItem\",\"position\":1,\"name\":\"Home\",\"item\":\"https:\/\/www.57reshotel.it\/es\/\"},{\"@type\":\"ListItem\",\"position\":2,\"name\":\"Ubicacion\",\"item\":\"https:\/\/www.57reshotel.it\/es\/ubicacion\/\"},{\"@type\":\"ListItem\",\"position\":3,\"name\":\"Bergamo\",\"item\":\"https:\/\/www.57reshotel.it\/es\/ubicacion\/bergamo\/\"},{\"@type\":\"ListItem\",\"position\":4,\"name\":\"Funicular\"}]},{\"@type\":\"WebSite\",\"@id\":\"https:\/\/www.57reshotel.it\/es\/#website\",\"url\":\"https:\/\/www.57reshotel.it\/es\/\",\"name\":\"57ResHotel\",\"description\":\"Ecco un altro sito ms.decms.eu\",\"potentialAction\":[{\"@type\":\"SearchAction\",\"target\":{\"@type\":\"EntryPoint\",\"urlTemplate\":\"https:\/\/www.57reshotel.it\/es\/?s={search_term_string}\"},\"query-input\":{\"@type\":\"PropertyValueSpecification\",\"valueRequired\":true,\"valueName\":\"search_term_string\"}}],\"inLanguage\":\"es\"}]}<\/script>\n<!-- \/ Yoast SEO plugin. -->","yoast_head_json":{"title":"Funicular - 57ResHotel","robots":{"index":"index","follow":"follow","max-snippet":"max-snippet:-1","max-image-preview":"max-image-preview:large","max-video-preview":"max-video-preview:-1"},"canonical":"https:\/\/www.57reshotel.it\/es\/ubicacion\/bergamo\/funicular\/","og_locale":"es_ES","og_type":"article","og_title":"Funicular - 57ResHotel","og_description":"Desde hace 120 a\u00f1os, los funiculares atraviesan las murallas de Bergamo, conectando el centro contempor\u00e1neo con el coraz\u00f3n medieval de la ciudad. Durante el viaje la vista es magn\u00edfica, cuando las puertas se abran de nuevo ya estar\u00e1s enamorado de Bergamo.","og_url":"https:\/\/www.57reshotel.it\/es\/ubicacion\/bergamo\/funicular\/","og_site_name":"57ResHotel","twitter_card":"summary_large_image","schema":{"@context":"https:\/\/schema.org","@graph":[{"@type":"WebPage","@id":"https:\/\/www.57reshotel.it\/es\/ubicacion\/bergamo\/funicular\/","url":"https:\/\/www.57reshotel.it\/es\/ubicacion\/bergamo\/funicular\/","name":"Funicular - 57ResHotel","isPartOf":{"@id":"https:\/\/www.57reshotel.it\/es\/#website"},"datePublished":"2021-03-02T10:49:32+00:00","breadcrumb":{"@id":"https:\/\/www.57reshotel.it\/es\/ubicacion\/bergamo\/funicular\/#breadcrumb"},"inLanguage":"es","potentialAction":[{"@type":"ReadAction","target":["https:\/\/www.57reshotel.it\/es\/ubicacion\/bergamo\/funicular\/"]}]},{"@type":"BreadcrumbList","@id":"https:\/\/www.57reshotel.it\/es\/ubicacion\/bergamo\/funicular\/#breadcrumb","itemListElement":[{"@type":"ListItem","position":1,"name":"Home","item":"https:\/\/www.57reshotel.it\/es\/"},{"@type":"ListItem","position":2,"name":"Ubicacion","item":"https:\/\/www.57reshotel.it\/es\/ubicacion\/"},{"@type":"ListItem","position":3,"name":"Bergamo","item":"https:\/\/www.57reshotel.it\/es\/ubicacion\/bergamo\/"},{"@type":"ListItem","position":4,"name":"Funicular"}]},{"@type":"WebSite","@id":"https:\/\/www.57reshotel.it\/es\/#website","url":"https:\/\/www.57reshotel.it\/es\/","name":"57ResHotel","description":"Ecco un altro sito ms.decms.eu","potentialAction":[{"@type":"SearchAction","target":{"@type":"EntryPoint","urlTemplate":"https:\/\/www.57reshotel.it\/es\/?s={search_term_string}"},"query-input":{"@type":"PropertyValueSpecification","valueRequired":true,"valueName":"search_term_string"}}],"inLanguage":"es"}]}},"acf":[],"_links":{"self":[{"href":"https:\/\/www.57reshotel.it\/es\/wp-json\/wp\/v2\/pages\/293","targetHints":{"allow":["GET"]}}],"collection":[{"href":"https:\/\/www.57reshotel.it\/es\/wp-json\/wp\/v2\/pages"}],"about":[{"href":"https:\/\/www.57reshotel.it\/es\/wp-json\/wp\/v2\/types\/page"}],"author":[{"embeddable":true,"href":"https:\/\/www.57reshotel.it\/es\/wp-json\/wp\/v2\/users\/13"}],"replies":[{"embeddable":true,"href":"https:\/\/www.57reshotel.it\/es\/wp-json\/wp\/v2\/comments?post=293"}],"version-history":[{"count":0,"href":"https:\/\/www.57reshotel.it\/es\/wp-json\/wp\/v2\/pages\/293\/revisions"}],"up":[{"embeddable":true,"href":"https:\/\/www.57reshotel.it\/es\/wp-json\/wp\/v2\/pages\/291"}],"wp:attachment":[{"href":"https:\/\/www.57reshotel.it\/es\/wp-json\/wp\/v2\/media?parent=293"}],"curies":[{"name":"wp","href":"https:\/\/api.w.org\/{rel}","templated":true}]}}