{"id":299,"date":"2021-03-02T11:51:45","date_gmt":"2021-03-02T10:51:45","guid":{"rendered":"http:\/\/57reshotel.ms.decms.eu\/?page_id=299"},"modified":"2021-03-02T11:51:45","modified_gmt":"2021-03-02T10:51:45","slug":"teatro-donizetti","status":"publish","type":"page","link":"https:\/\/www.57reshotel.it\/es\/ubicacion\/bergamo\/teatro-donizetti\/","title":{"rendered":"Teatro Donizetti"},"content":{"rendered":"<p>Construido a finales del siglo XVIII y bautizado con el nombre del gran compositor bergamasco Gaetano Donizetti, tambi\u00e9n se llamaba originalmente Teatro Nuovo o Teatro di Fiera.<\/p>\n<p>Situado a la entrada del Sentierone, originalmente era un lugar donde los mercaderes de la \u00e9poca expon\u00edan sus mercanc\u00edas. Al ser un lugar de gran afluencia de gente, era habitual improvisar espect\u00e1culos o peque\u00f1os teatros de madera que se constru\u00edan, se demol\u00edan al final de la temporada y se reconstru\u00edan al comienzo de la siguiente.<\/p>\n<p>En la actualidad, el teatro siempre ha destacado por sus tradicionales representaciones de \u00f3pera, as\u00ed como por una serie de eventos que se han ido convirtiendo en serie a lo largo de los a\u00f1os, como el Festival de M\u00fasica de Bergamo. Hay numerosas iniciativas de entretenimiento, desde el Festival de Jazz de Bergamo hasta la temporada de opereta.<\/p>\n","protected":false},"excerpt":{"rendered":"<p>Construido a finales del siglo XVIII y bautizado con el nombre del gran compositor bergamasco Gaetano Donizetti, tambi\u00e9n se llamaba originalmente Teatro Nuovo o Teatro di Fiera. Situado a la entrada del Sentierone, originalmente era un lugar donde los mercaderes de la \u00e9poca expon\u00edan sus mercanc\u00edas. Al ser un lugar de gran afluencia de gente, [&hellip;]<\/p>\n","protected":false},"author":13,"featured_media":0,"parent":291,"menu_order":40,"comment_status":"closed","ping_status":"closed","template":"","meta":{"footnotes":""},"class_list":["post-299","page","type-page","status-publish","hentry"],"yoast_head":"<!-- This site is optimized with the Yoast SEO plugin v26.9 - https:\/\/yoast.com\/product\/yoast-seo-wordpress\/ -->\n<title>Teatro Donizetti - 57ResHotel<\/title>\n<meta name=\"robots\" content=\"index, follow, max-snippet:-1, max-image-preview:large, max-video-preview:-1\" \/>\n<link rel=\"canonical\" href=\"https:\/\/www.57reshotel.it\/es\/ubicacion\/bergamo\/teatro-donizetti\/\" \/>\n<meta property=\"og:locale\" content=\"es_ES\" \/>\n<meta property=\"og:type\" content=\"article\" \/>\n<meta property=\"og:title\" content=\"Teatro Donizetti - 57ResHotel\" \/>\n<meta property=\"og:description\" content=\"Construido a finales del siglo XVIII y bautizado con el nombre del gran compositor bergamasco Gaetano Donizetti, tambi\u00e9n se llamaba originalmente Teatro Nuovo o Teatro di Fiera. Situado a la entrada del Sentierone, originalmente era un lugar donde los mercaderes de la \u00e9poca expon\u00edan sus mercanc\u00edas. Al ser un lugar de gran afluencia de gente, [&hellip;]\" \/>\n<meta property=\"og:url\" content=\"https:\/\/www.57reshotel.it\/es\/ubicacion\/bergamo\/teatro-donizetti\/\" \/>\n<meta property=\"og:site_name\" content=\"57ResHotel\" \/>\n<meta name=\"twitter:card\" content=\"summary_large_image\" \/>\n<meta name=\"twitter:label1\" content=\"Tiempo de lectura\" \/>\n\t<meta name=\"twitter:data1\" content=\"1 minuto\" \/>\n<script type=\"application\/ld+json\" class=\"yoast-schema-graph\">{\"@context\":\"https:\/\/schema.org\",\"@graph\":[{\"@type\":\"WebPage\",\"@id\":\"https:\/\/www.57reshotel.it\/es\/ubicacion\/bergamo\/teatro-donizetti\/\",\"url\":\"https:\/\/www.57reshotel.it\/es\/ubicacion\/bergamo\/teatro-donizetti\/\",\"name\":\"Teatro Donizetti - 57ResHotel\",\"isPartOf\":{\"@id\":\"https:\/\/www.57reshotel.it\/es\/#website\"},\"datePublished\":\"2021-03-02T10:51:45+00:00\",\"breadcrumb\":{\"@id\":\"https:\/\/www.57reshotel.it\/es\/ubicacion\/bergamo\/teatro-donizetti\/#breadcrumb\"},\"inLanguage\":\"es\",\"potentialAction\":[{\"@type\":\"ReadAction\",\"target\":[\"https:\/\/www.57reshotel.it\/es\/ubicacion\/bergamo\/teatro-donizetti\/\"]}]},{\"@type\":\"BreadcrumbList\",\"@id\":\"https:\/\/www.57reshotel.it\/es\/ubicacion\/bergamo\/teatro-donizetti\/#breadcrumb\",\"itemListElement\":[{\"@type\":\"ListItem\",\"position\":1,\"name\":\"Home\",\"item\":\"https:\/\/www.57reshotel.it\/es\/\"},{\"@type\":\"ListItem\",\"position\":2,\"name\":\"Ubicacion\",\"item\":\"https:\/\/www.57reshotel.it\/es\/ubicacion\/\"},{\"@type\":\"ListItem\",\"position\":3,\"name\":\"Bergamo\",\"item\":\"https:\/\/www.57reshotel.it\/es\/ubicacion\/bergamo\/\"},{\"@type\":\"ListItem\",\"position\":4,\"name\":\"Teatro Donizetti\"}]},{\"@type\":\"WebSite\",\"@id\":\"https:\/\/www.57reshotel.it\/es\/#website\",\"url\":\"https:\/\/www.57reshotel.it\/es\/\",\"name\":\"57ResHotel\",\"description\":\"Ecco un altro sito ms.decms.eu\",\"potentialAction\":[{\"@type\":\"SearchAction\",\"target\":{\"@type\":\"EntryPoint\",\"urlTemplate\":\"https:\/\/www.57reshotel.it\/es\/?s={search_term_string}\"},\"query-input\":{\"@type\":\"PropertyValueSpecification\",\"valueRequired\":true,\"valueName\":\"search_term_string\"}}],\"inLanguage\":\"es\"}]}<\/script>\n<!-- \/ Yoast SEO plugin. -->","yoast_head_json":{"title":"Teatro Donizetti - 57ResHotel","robots":{"index":"index","follow":"follow","max-snippet":"max-snippet:-1","max-image-preview":"max-image-preview:large","max-video-preview":"max-video-preview:-1"},"canonical":"https:\/\/www.57reshotel.it\/es\/ubicacion\/bergamo\/teatro-donizetti\/","og_locale":"es_ES","og_type":"article","og_title":"Teatro Donizetti - 57ResHotel","og_description":"Construido a finales del siglo XVIII y bautizado con el nombre del gran compositor bergamasco Gaetano Donizetti, tambi\u00e9n se llamaba originalmente Teatro Nuovo o Teatro di Fiera. Situado a la entrada del Sentierone, originalmente era un lugar donde los mercaderes de la \u00e9poca expon\u00edan sus mercanc\u00edas. Al ser un lugar de gran afluencia de gente, [&hellip;]","og_url":"https:\/\/www.57reshotel.it\/es\/ubicacion\/bergamo\/teatro-donizetti\/","og_site_name":"57ResHotel","twitter_card":"summary_large_image","twitter_misc":{"Tiempo de lectura":"1 minuto"},"schema":{"@context":"https:\/\/schema.org","@graph":[{"@type":"WebPage","@id":"https:\/\/www.57reshotel.it\/es\/ubicacion\/bergamo\/teatro-donizetti\/","url":"https:\/\/www.57reshotel.it\/es\/ubicacion\/bergamo\/teatro-donizetti\/","name":"Teatro Donizetti - 57ResHotel","isPartOf":{"@id":"https:\/\/www.57reshotel.it\/es\/#website"},"datePublished":"2021-03-02T10:51:45+00:00","breadcrumb":{"@id":"https:\/\/www.57reshotel.it\/es\/ubicacion\/bergamo\/teatro-donizetti\/#breadcrumb"},"inLanguage":"es","potentialAction":[{"@type":"ReadAction","target":["https:\/\/www.57reshotel.it\/es\/ubicacion\/bergamo\/teatro-donizetti\/"]}]},{"@type":"BreadcrumbList","@id":"https:\/\/www.57reshotel.it\/es\/ubicacion\/bergamo\/teatro-donizetti\/#breadcrumb","itemListElement":[{"@type":"ListItem","position":1,"name":"Home","item":"https:\/\/www.57reshotel.it\/es\/"},{"@type":"ListItem","position":2,"name":"Ubicacion","item":"https:\/\/www.57reshotel.it\/es\/ubicacion\/"},{"@type":"ListItem","position":3,"name":"Bergamo","item":"https:\/\/www.57reshotel.it\/es\/ubicacion\/bergamo\/"},{"@type":"ListItem","position":4,"name":"Teatro Donizetti"}]},{"@type":"WebSite","@id":"https:\/\/www.57reshotel.it\/es\/#website","url":"https:\/\/www.57reshotel.it\/es\/","name":"57ResHotel","description":"Ecco un altro sito ms.decms.eu","potentialAction":[{"@type":"SearchAction","target":{"@type":"EntryPoint","urlTemplate":"https:\/\/www.57reshotel.it\/es\/?s={search_term_string}"},"query-input":{"@type":"PropertyValueSpecification","valueRequired":true,"valueName":"search_term_string"}}],"inLanguage":"es"}]}},"acf":[],"_links":{"self":[{"href":"https:\/\/www.57reshotel.it\/es\/wp-json\/wp\/v2\/pages\/299","targetHints":{"allow":["GET"]}}],"collection":[{"href":"https:\/\/www.57reshotel.it\/es\/wp-json\/wp\/v2\/pages"}],"about":[{"href":"https:\/\/www.57reshotel.it\/es\/wp-json\/wp\/v2\/types\/page"}],"author":[{"embeddable":true,"href":"https:\/\/www.57reshotel.it\/es\/wp-json\/wp\/v2\/users\/13"}],"replies":[{"embeddable":true,"href":"https:\/\/www.57reshotel.it\/es\/wp-json\/wp\/v2\/comments?post=299"}],"version-history":[{"count":0,"href":"https:\/\/www.57reshotel.it\/es\/wp-json\/wp\/v2\/pages\/299\/revisions"}],"up":[{"embeddable":true,"href":"https:\/\/www.57reshotel.it\/es\/wp-json\/wp\/v2\/pages\/291"}],"wp:attachment":[{"href":"https:\/\/www.57reshotel.it\/es\/wp-json\/wp\/v2\/media?parent=299"}],"curies":[{"name":"wp","href":"https:\/\/api.w.org\/{rel}","templated":true}]}}