{"id":300,"date":"2021-03-02T11:52:39","date_gmt":"2021-03-02T10:52:39","guid":{"rendered":"http:\/\/57reshotel.ms.decms.eu\/?page_id=300"},"modified":"2021-03-02T11:52:39","modified_gmt":"2021-03-02T10:52:39","slug":"rocca","status":"publish","type":"page","link":"https:\/\/www.57reshotel.it\/es\/ubicacion\/bergamo\/rocca\/","title":{"rendered":"Rocca"},"content":{"rendered":"<p>Desde el funicular de la parte alta de la ciudad, suba hacia la colina de Sant&#8217;Eufemia para llegar al complejo de la Rocca, uno de los lugares del coraz\u00f3n de los bergamascos.<br \/>\nEl breve paseo se ve bien recompensado por la excepcional vista panor\u00e1mica de 360\u00b0 que se puede disfrutar desde la torre: ante los ojos, adem\u00e1s de las maravillas de la Ciudad Alta, los Prealpes Orobios y toda la llanura bergamasca, hasta Mil\u00e1n.<\/p>\n<p>La Rocca, una fortificaci\u00f3n de origen en el siglo XIV, a\u00fan conserva huellas evidentes de su funci\u00f3n militar a lo largo de los siglos: recorra el camino de ronda, descubra la puerta de rescate y entre en la casa del bombardero, que hoy alberga el Museo del Siglo XIX.<br \/>\nEl recorrido narra las transformaciones de la ciudad entre el Antiguo R\u00e9gimen y la Unificaci\u00f3n de Italia. Una Bergamo en pleno clima del Risorgimento en la que perviven las historias de los 180 bergamascos de los Mil que se unieron a Garibaldi en la heroica empresa.<\/p>\n","protected":false},"excerpt":{"rendered":"<p>Desde el funicular de la parte alta de la ciudad, suba hacia la colina de Sant&#8217;Eufemia para llegar al complejo de la Rocca, uno de los lugares del coraz\u00f3n de los bergamascos. El breve paseo se ve bien recompensado por la excepcional vista panor\u00e1mica de 360\u00b0 que se puede disfrutar desde la torre: ante los [&hellip;]<\/p>\n","protected":false},"author":13,"featured_media":0,"parent":291,"menu_order":40,"comment_status":"closed","ping_status":"closed","template":"","meta":{"footnotes":""},"class_list":["post-300","page","type-page","status-publish","hentry"],"yoast_head":"<!-- This site is optimized with the Yoast SEO plugin v26.9 - https:\/\/yoast.com\/product\/yoast-seo-wordpress\/ -->\n<title>Rocca - 57ResHotel<\/title>\n<meta name=\"robots\" content=\"index, follow, max-snippet:-1, max-image-preview:large, max-video-preview:-1\" \/>\n<link rel=\"canonical\" href=\"https:\/\/www.57reshotel.it\/es\/ubicacion\/bergamo\/rocca\/\" \/>\n<meta property=\"og:locale\" content=\"es_ES\" \/>\n<meta property=\"og:type\" content=\"article\" \/>\n<meta property=\"og:title\" content=\"Rocca - 57ResHotel\" \/>\n<meta property=\"og:description\" content=\"Desde el funicular de la parte alta de la ciudad, suba hacia la colina de Sant&#8217;Eufemia para llegar al complejo de la Rocca, uno de los lugares del coraz\u00f3n de los bergamascos. El breve paseo se ve bien recompensado por la excepcional vista panor\u00e1mica de 360\u00b0 que se puede disfrutar desde la torre: ante los [&hellip;]\" \/>\n<meta property=\"og:url\" content=\"https:\/\/www.57reshotel.it\/es\/ubicacion\/bergamo\/rocca\/\" \/>\n<meta property=\"og:site_name\" content=\"57ResHotel\" \/>\n<meta name=\"twitter:card\" content=\"summary_large_image\" \/>\n<meta name=\"twitter:label1\" content=\"Tiempo de lectura\" \/>\n\t<meta name=\"twitter:data1\" content=\"1 minuto\" \/>\n<script type=\"application\/ld+json\" class=\"yoast-schema-graph\">{\"@context\":\"https:\/\/schema.org\",\"@graph\":[{\"@type\":\"WebPage\",\"@id\":\"https:\/\/www.57reshotel.it\/es\/ubicacion\/bergamo\/rocca\/\",\"url\":\"https:\/\/www.57reshotel.it\/es\/ubicacion\/bergamo\/rocca\/\",\"name\":\"Rocca - 57ResHotel\",\"isPartOf\":{\"@id\":\"https:\/\/www.57reshotel.it\/es\/#website\"},\"datePublished\":\"2021-03-02T10:52:39+00:00\",\"breadcrumb\":{\"@id\":\"https:\/\/www.57reshotel.it\/es\/ubicacion\/bergamo\/rocca\/#breadcrumb\"},\"inLanguage\":\"es\",\"potentialAction\":[{\"@type\":\"ReadAction\",\"target\":[\"https:\/\/www.57reshotel.it\/es\/ubicacion\/bergamo\/rocca\/\"]}]},{\"@type\":\"BreadcrumbList\",\"@id\":\"https:\/\/www.57reshotel.it\/es\/ubicacion\/bergamo\/rocca\/#breadcrumb\",\"itemListElement\":[{\"@type\":\"ListItem\",\"position\":1,\"name\":\"Home\",\"item\":\"https:\/\/www.57reshotel.it\/es\/\"},{\"@type\":\"ListItem\",\"position\":2,\"name\":\"Ubicacion\",\"item\":\"https:\/\/www.57reshotel.it\/es\/ubicacion\/\"},{\"@type\":\"ListItem\",\"position\":3,\"name\":\"Bergamo\",\"item\":\"https:\/\/www.57reshotel.it\/es\/ubicacion\/bergamo\/\"},{\"@type\":\"ListItem\",\"position\":4,\"name\":\"Rocca\"}]},{\"@type\":\"WebSite\",\"@id\":\"https:\/\/www.57reshotel.it\/es\/#website\",\"url\":\"https:\/\/www.57reshotel.it\/es\/\",\"name\":\"57ResHotel\",\"description\":\"Ecco un altro sito ms.decms.eu\",\"potentialAction\":[{\"@type\":\"SearchAction\",\"target\":{\"@type\":\"EntryPoint\",\"urlTemplate\":\"https:\/\/www.57reshotel.it\/es\/?s={search_term_string}\"},\"query-input\":{\"@type\":\"PropertyValueSpecification\",\"valueRequired\":true,\"valueName\":\"search_term_string\"}}],\"inLanguage\":\"es\"}]}<\/script>\n<!-- \/ Yoast SEO plugin. -->","yoast_head_json":{"title":"Rocca - 57ResHotel","robots":{"index":"index","follow":"follow","max-snippet":"max-snippet:-1","max-image-preview":"max-image-preview:large","max-video-preview":"max-video-preview:-1"},"canonical":"https:\/\/www.57reshotel.it\/es\/ubicacion\/bergamo\/rocca\/","og_locale":"es_ES","og_type":"article","og_title":"Rocca - 57ResHotel","og_description":"Desde el funicular de la parte alta de la ciudad, suba hacia la colina de Sant&#8217;Eufemia para llegar al complejo de la Rocca, uno de los lugares del coraz\u00f3n de los bergamascos. El breve paseo se ve bien recompensado por la excepcional vista panor\u00e1mica de 360\u00b0 que se puede disfrutar desde la torre: ante los [&hellip;]","og_url":"https:\/\/www.57reshotel.it\/es\/ubicacion\/bergamo\/rocca\/","og_site_name":"57ResHotel","twitter_card":"summary_large_image","twitter_misc":{"Tiempo de lectura":"1 minuto"},"schema":{"@context":"https:\/\/schema.org","@graph":[{"@type":"WebPage","@id":"https:\/\/www.57reshotel.it\/es\/ubicacion\/bergamo\/rocca\/","url":"https:\/\/www.57reshotel.it\/es\/ubicacion\/bergamo\/rocca\/","name":"Rocca - 57ResHotel","isPartOf":{"@id":"https:\/\/www.57reshotel.it\/es\/#website"},"datePublished":"2021-03-02T10:52:39+00:00","breadcrumb":{"@id":"https:\/\/www.57reshotel.it\/es\/ubicacion\/bergamo\/rocca\/#breadcrumb"},"inLanguage":"es","potentialAction":[{"@type":"ReadAction","target":["https:\/\/www.57reshotel.it\/es\/ubicacion\/bergamo\/rocca\/"]}]},{"@type":"BreadcrumbList","@id":"https:\/\/www.57reshotel.it\/es\/ubicacion\/bergamo\/rocca\/#breadcrumb","itemListElement":[{"@type":"ListItem","position":1,"name":"Home","item":"https:\/\/www.57reshotel.it\/es\/"},{"@type":"ListItem","position":2,"name":"Ubicacion","item":"https:\/\/www.57reshotel.it\/es\/ubicacion\/"},{"@type":"ListItem","position":3,"name":"Bergamo","item":"https:\/\/www.57reshotel.it\/es\/ubicacion\/bergamo\/"},{"@type":"ListItem","position":4,"name":"Rocca"}]},{"@type":"WebSite","@id":"https:\/\/www.57reshotel.it\/es\/#website","url":"https:\/\/www.57reshotel.it\/es\/","name":"57ResHotel","description":"Ecco un altro sito ms.decms.eu","potentialAction":[{"@type":"SearchAction","target":{"@type":"EntryPoint","urlTemplate":"https:\/\/www.57reshotel.it\/es\/?s={search_term_string}"},"query-input":{"@type":"PropertyValueSpecification","valueRequired":true,"valueName":"search_term_string"}}],"inLanguage":"es"}]}},"acf":[],"_links":{"self":[{"href":"https:\/\/www.57reshotel.it\/es\/wp-json\/wp\/v2\/pages\/300","targetHints":{"allow":["GET"]}}],"collection":[{"href":"https:\/\/www.57reshotel.it\/es\/wp-json\/wp\/v2\/pages"}],"about":[{"href":"https:\/\/www.57reshotel.it\/es\/wp-json\/wp\/v2\/types\/page"}],"author":[{"embeddable":true,"href":"https:\/\/www.57reshotel.it\/es\/wp-json\/wp\/v2\/users\/13"}],"replies":[{"embeddable":true,"href":"https:\/\/www.57reshotel.it\/es\/wp-json\/wp\/v2\/comments?post=300"}],"version-history":[{"count":0,"href":"https:\/\/www.57reshotel.it\/es\/wp-json\/wp\/v2\/pages\/300\/revisions"}],"up":[{"embeddable":true,"href":"https:\/\/www.57reshotel.it\/es\/wp-json\/wp\/v2\/pages\/291"}],"wp:attachment":[{"href":"https:\/\/www.57reshotel.it\/es\/wp-json\/wp\/v2\/media?parent=300"}],"curies":[{"name":"wp","href":"https:\/\/api.w.org\/{rel}","templated":true}]}}