{"id":303,"date":"2021-03-02T11:53:22","date_gmt":"2021-03-02T10:53:22","guid":{"rendered":"http:\/\/57reshotel.ms.decms.eu\/?page_id=303"},"modified":"2021-03-02T11:53:22","modified_gmt":"2021-03-02T10:53:22","slug":"piazza-vecchia","status":"publish","type":"page","link":"https:\/\/www.57reshotel.it\/es\/ubicacion\/bergamo\/piazza-vecchia\/","title":{"rendered":"Piazza Vecchia"},"content":{"rendered":"<p>Decir Piazza Vecchia es decir Citt\u00e0 Alta: durante siglos fue el eje del poder pol\u00edtico de Bergamo y a\u00fan hoy sigue siendo el lugar donde la gente se re\u00fane y pasa su tiempo libre.<\/p>\n<p>La plaza est\u00e1 presidida por majestuosos e imponentes edificios dispuestos seg\u00fan una armoniosa y perfecta geometr\u00eda, entre ellos el Palacio de la Ragione, que data de finales de 1100 y es la sede municipal m\u00e1s antigua que existe en Lombard\u00eda, y la Torre C\u00edvica, conocida como \u00abil Campanone\u00bb.<\/p>\n<p>En el centro de la Piazza Vecchia se puede admirar la fuente Contarini, donada a la ciudad en 1780 por el Podest\u00e0 Alvise Contarini. En el lado opuesto de la plaza se encuentra el Palazzo Nuovo, sede del Ayuntamiento hasta 1873 y hoy de la Biblioteca Angelo Mai, que conserva un patrimonio bibliogr\u00e1fico formado por incunables, libros del siglo XVI, grabados, manuscritos y otros hallazgos de inestimable valor, lo que la convierte en una de las bibliotecas m\u00e1s importantes de Italia.<\/p>\n","protected":false},"excerpt":{"rendered":"<p>Decir Piazza Vecchia es decir Citt\u00e0 Alta: durante siglos fue el eje del poder pol\u00edtico de Bergamo y a\u00fan hoy sigue siendo el lugar donde la gente se re\u00fane y pasa su tiempo libre. La plaza est\u00e1 presidida por majestuosos e imponentes edificios dispuestos seg\u00fan una armoniosa y perfecta geometr\u00eda, entre ellos el Palacio de [&hellip;]<\/p>\n","protected":false},"author":13,"featured_media":0,"parent":291,"menu_order":60,"comment_status":"closed","ping_status":"closed","template":"","meta":{"footnotes":""},"class_list":["post-303","page","type-page","status-publish","hentry"],"yoast_head":"<!-- This site is optimized with the Yoast SEO plugin v26.9 - https:\/\/yoast.com\/product\/yoast-seo-wordpress\/ -->\n<title>Piazza Vecchia - 57ResHotel<\/title>\n<meta name=\"robots\" content=\"index, follow, max-snippet:-1, max-image-preview:large, max-video-preview:-1\" \/>\n<link rel=\"canonical\" href=\"https:\/\/www.57reshotel.it\/es\/ubicacion\/bergamo\/piazza-vecchia\/\" \/>\n<meta property=\"og:locale\" content=\"es_ES\" \/>\n<meta property=\"og:type\" content=\"article\" \/>\n<meta property=\"og:title\" content=\"Piazza Vecchia - 57ResHotel\" \/>\n<meta property=\"og:description\" content=\"Decir Piazza Vecchia es decir Citt\u00e0 Alta: durante siglos fue el eje del poder pol\u00edtico de Bergamo y a\u00fan hoy sigue siendo el lugar donde la gente se re\u00fane y pasa su tiempo libre. La plaza est\u00e1 presidida por majestuosos e imponentes edificios dispuestos seg\u00fan una armoniosa y perfecta geometr\u00eda, entre ellos el Palacio de [&hellip;]\" \/>\n<meta property=\"og:url\" content=\"https:\/\/www.57reshotel.it\/es\/ubicacion\/bergamo\/piazza-vecchia\/\" \/>\n<meta property=\"og:site_name\" content=\"57ResHotel\" \/>\n<meta name=\"twitter:card\" content=\"summary_large_image\" \/>\n<meta name=\"twitter:label1\" content=\"Tiempo de lectura\" \/>\n\t<meta name=\"twitter:data1\" content=\"1 minuto\" \/>\n<script type=\"application\/ld+json\" class=\"yoast-schema-graph\">{\"@context\":\"https:\/\/schema.org\",\"@graph\":[{\"@type\":\"WebPage\",\"@id\":\"https:\/\/www.57reshotel.it\/es\/ubicacion\/bergamo\/piazza-vecchia\/\",\"url\":\"https:\/\/www.57reshotel.it\/es\/ubicacion\/bergamo\/piazza-vecchia\/\",\"name\":\"Piazza Vecchia - 57ResHotel\",\"isPartOf\":{\"@id\":\"https:\/\/www.57reshotel.it\/es\/#website\"},\"datePublished\":\"2021-03-02T10:53:22+00:00\",\"breadcrumb\":{\"@id\":\"https:\/\/www.57reshotel.it\/es\/ubicacion\/bergamo\/piazza-vecchia\/#breadcrumb\"},\"inLanguage\":\"es\",\"potentialAction\":[{\"@type\":\"ReadAction\",\"target\":[\"https:\/\/www.57reshotel.it\/es\/ubicacion\/bergamo\/piazza-vecchia\/\"]}]},{\"@type\":\"BreadcrumbList\",\"@id\":\"https:\/\/www.57reshotel.it\/es\/ubicacion\/bergamo\/piazza-vecchia\/#breadcrumb\",\"itemListElement\":[{\"@type\":\"ListItem\",\"position\":1,\"name\":\"Home\",\"item\":\"https:\/\/www.57reshotel.it\/es\/\"},{\"@type\":\"ListItem\",\"position\":2,\"name\":\"Ubicacion\",\"item\":\"https:\/\/www.57reshotel.it\/es\/ubicacion\/\"},{\"@type\":\"ListItem\",\"position\":3,\"name\":\"Bergamo\",\"item\":\"https:\/\/www.57reshotel.it\/es\/ubicacion\/bergamo\/\"},{\"@type\":\"ListItem\",\"position\":4,\"name\":\"Piazza Vecchia\"}]},{\"@type\":\"WebSite\",\"@id\":\"https:\/\/www.57reshotel.it\/es\/#website\",\"url\":\"https:\/\/www.57reshotel.it\/es\/\",\"name\":\"57ResHotel\",\"description\":\"Ecco un altro sito ms.decms.eu\",\"potentialAction\":[{\"@type\":\"SearchAction\",\"target\":{\"@type\":\"EntryPoint\",\"urlTemplate\":\"https:\/\/www.57reshotel.it\/es\/?s={search_term_string}\"},\"query-input\":{\"@type\":\"PropertyValueSpecification\",\"valueRequired\":true,\"valueName\":\"search_term_string\"}}],\"inLanguage\":\"es\"}]}<\/script>\n<!-- \/ Yoast SEO plugin. -->","yoast_head_json":{"title":"Piazza Vecchia - 57ResHotel","robots":{"index":"index","follow":"follow","max-snippet":"max-snippet:-1","max-image-preview":"max-image-preview:large","max-video-preview":"max-video-preview:-1"},"canonical":"https:\/\/www.57reshotel.it\/es\/ubicacion\/bergamo\/piazza-vecchia\/","og_locale":"es_ES","og_type":"article","og_title":"Piazza Vecchia - 57ResHotel","og_description":"Decir Piazza Vecchia es decir Citt\u00e0 Alta: durante siglos fue el eje del poder pol\u00edtico de Bergamo y a\u00fan hoy sigue siendo el lugar donde la gente se re\u00fane y pasa su tiempo libre. La plaza est\u00e1 presidida por majestuosos e imponentes edificios dispuestos seg\u00fan una armoniosa y perfecta geometr\u00eda, entre ellos el Palacio de [&hellip;]","og_url":"https:\/\/www.57reshotel.it\/es\/ubicacion\/bergamo\/piazza-vecchia\/","og_site_name":"57ResHotel","twitter_card":"summary_large_image","twitter_misc":{"Tiempo de lectura":"1 minuto"},"schema":{"@context":"https:\/\/schema.org","@graph":[{"@type":"WebPage","@id":"https:\/\/www.57reshotel.it\/es\/ubicacion\/bergamo\/piazza-vecchia\/","url":"https:\/\/www.57reshotel.it\/es\/ubicacion\/bergamo\/piazza-vecchia\/","name":"Piazza Vecchia - 57ResHotel","isPartOf":{"@id":"https:\/\/www.57reshotel.it\/es\/#website"},"datePublished":"2021-03-02T10:53:22+00:00","breadcrumb":{"@id":"https:\/\/www.57reshotel.it\/es\/ubicacion\/bergamo\/piazza-vecchia\/#breadcrumb"},"inLanguage":"es","potentialAction":[{"@type":"ReadAction","target":["https:\/\/www.57reshotel.it\/es\/ubicacion\/bergamo\/piazza-vecchia\/"]}]},{"@type":"BreadcrumbList","@id":"https:\/\/www.57reshotel.it\/es\/ubicacion\/bergamo\/piazza-vecchia\/#breadcrumb","itemListElement":[{"@type":"ListItem","position":1,"name":"Home","item":"https:\/\/www.57reshotel.it\/es\/"},{"@type":"ListItem","position":2,"name":"Ubicacion","item":"https:\/\/www.57reshotel.it\/es\/ubicacion\/"},{"@type":"ListItem","position":3,"name":"Bergamo","item":"https:\/\/www.57reshotel.it\/es\/ubicacion\/bergamo\/"},{"@type":"ListItem","position":4,"name":"Piazza Vecchia"}]},{"@type":"WebSite","@id":"https:\/\/www.57reshotel.it\/es\/#website","url":"https:\/\/www.57reshotel.it\/es\/","name":"57ResHotel","description":"Ecco un altro sito ms.decms.eu","potentialAction":[{"@type":"SearchAction","target":{"@type":"EntryPoint","urlTemplate":"https:\/\/www.57reshotel.it\/es\/?s={search_term_string}"},"query-input":{"@type":"PropertyValueSpecification","valueRequired":true,"valueName":"search_term_string"}}],"inLanguage":"es"}]}},"acf":[],"_links":{"self":[{"href":"https:\/\/www.57reshotel.it\/es\/wp-json\/wp\/v2\/pages\/303","targetHints":{"allow":["GET"]}}],"collection":[{"href":"https:\/\/www.57reshotel.it\/es\/wp-json\/wp\/v2\/pages"}],"about":[{"href":"https:\/\/www.57reshotel.it\/es\/wp-json\/wp\/v2\/types\/page"}],"author":[{"embeddable":true,"href":"https:\/\/www.57reshotel.it\/es\/wp-json\/wp\/v2\/users\/13"}],"replies":[{"embeddable":true,"href":"https:\/\/www.57reshotel.it\/es\/wp-json\/wp\/v2\/comments?post=303"}],"version-history":[{"count":0,"href":"https:\/\/www.57reshotel.it\/es\/wp-json\/wp\/v2\/pages\/303\/revisions"}],"up":[{"embeddable":true,"href":"https:\/\/www.57reshotel.it\/es\/wp-json\/wp\/v2\/pages\/291"}],"wp:attachment":[{"href":"https:\/\/www.57reshotel.it\/es\/wp-json\/wp\/v2\/media?parent=303"}],"curies":[{"name":"wp","href":"https:\/\/api.w.org\/{rel}","templated":true}]}}