{"id":305,"date":"2021-03-02T11:54:35","date_gmt":"2021-03-02T10:54:35","guid":{"rendered":"http:\/\/57reshotel.ms.decms.eu\/?page_id=305"},"modified":"2021-03-02T11:54:35","modified_gmt":"2021-03-02T10:54:35","slug":"basilica-s-maria-maggiore","status":"publish","type":"page","link":"https:\/\/www.57reshotel.it\/es\/ubicacion\/bergamo\/basilica-s-maria-maggiore\/","title":{"rendered":"Bas\u00edlica S. Maria Maggiore"},"content":{"rendered":"<p>Las severas l\u00edneas rom\u00e1nicas del exterior contrastan con la explosi\u00f3n barroca que descubrir\u00e1 al entrar. Majestuosa e imponente, es la iglesia m\u00e1s bella y querida de Bergamo.<\/p>\n<p>Existe un profundo y antiguo v\u00ednculo entre la ciudad y la Bas\u00edlica de Santa Mar\u00eda la Mayor, que probablemente se deriva de las condiciones \u00fanicas de su construcci\u00f3n.<br \/>\nLa Bas\u00edlica es particular porque se caracteriza por la falta de una entrada central y de la fachada, que formaba una sola pared con el edificio adyacente.<br \/>\nLas cuatro entradas de la iglesia son, de hecho, todas laterales. En la base de las peque\u00f1as columnas de los pr\u00f3ceres del siglo XIV de Giovanni da Campione, cuatro leones de m\u00e1rmol rojo y blanco custodian impasibles y majestuosos las entradas norte y sur.<br \/>\nEn el lado norte, la puerta llamada \u00abdei Leoni rossi\u00bb (leones rojos) se abre a la plaza del Duomo; el lado sur, en cambio, da a la plaza Rosate con la puerta llamada \u00abdei Leoni bianchi\u00bb (leones blancos). La diferente coloraci\u00f3n viene dada por el tipo de m\u00e1rmol utilizado: m\u00e1rmol de Verona para los rojos y m\u00e1rmol de Candoglia (en el Val d&#8217;Ossola piamont\u00e9s) para los blancos.<br \/>\nIncluso el lugar elegido no es casual: siempre se ha considerado sagrado, ya en la \u00e9poca romana albergaba un templo pagano luego destruido dedicado a la diosa Clemenza y en el siglo VIII se construy\u00f3 all\u00ed otra iglesia dedicada a la Virgen.<\/p>\n","protected":false},"excerpt":{"rendered":"<p>Las severas l\u00edneas rom\u00e1nicas del exterior contrastan con la explosi\u00f3n barroca que descubrir\u00e1 al entrar. Majestuosa e imponente, es la iglesia m\u00e1s bella y querida de Bergamo. Existe un profundo y antiguo v\u00ednculo entre la ciudad y la Bas\u00edlica de Santa Mar\u00eda la Mayor, que probablemente se deriva de las condiciones \u00fanicas de su construcci\u00f3n. [&hellip;]<\/p>\n","protected":false},"author":13,"featured_media":0,"parent":291,"menu_order":70,"comment_status":"closed","ping_status":"closed","template":"","meta":{"footnotes":""},"class_list":["post-305","page","type-page","status-publish","hentry"],"yoast_head":"<!-- This site is optimized with the Yoast SEO plugin v26.9 - https:\/\/yoast.com\/product\/yoast-seo-wordpress\/ -->\n<title>Bas\u00edlica S. Maria Maggiore - 57ResHotel<\/title>\n<meta name=\"robots\" content=\"index, follow, max-snippet:-1, max-image-preview:large, max-video-preview:-1\" \/>\n<link rel=\"canonical\" href=\"https:\/\/www.57reshotel.it\/es\/ubicacion\/bergamo\/basilica-s-maria-maggiore\/\" \/>\n<meta property=\"og:locale\" content=\"es_ES\" \/>\n<meta property=\"og:type\" content=\"article\" \/>\n<meta property=\"og:title\" content=\"Bas\u00edlica S. Maria Maggiore - 57ResHotel\" \/>\n<meta property=\"og:description\" content=\"Las severas l\u00edneas rom\u00e1nicas del exterior contrastan con la explosi\u00f3n barroca que descubrir\u00e1 al entrar. Majestuosa e imponente, es la iglesia m\u00e1s bella y querida de Bergamo. Existe un profundo y antiguo v\u00ednculo entre la ciudad y la Bas\u00edlica de Santa Mar\u00eda la Mayor, que probablemente se deriva de las condiciones \u00fanicas de su construcci\u00f3n. [&hellip;]\" \/>\n<meta property=\"og:url\" content=\"https:\/\/www.57reshotel.it\/es\/ubicacion\/bergamo\/basilica-s-maria-maggiore\/\" \/>\n<meta property=\"og:site_name\" content=\"57ResHotel\" \/>\n<meta name=\"twitter:card\" content=\"summary_large_image\" \/>\n<meta name=\"twitter:label1\" content=\"Tiempo de lectura\" \/>\n\t<meta name=\"twitter:data1\" content=\"1 minuto\" \/>\n<script type=\"application\/ld+json\" class=\"yoast-schema-graph\">{\"@context\":\"https:\/\/schema.org\",\"@graph\":[{\"@type\":\"WebPage\",\"@id\":\"https:\/\/www.57reshotel.it\/es\/ubicacion\/bergamo\/basilica-s-maria-maggiore\/\",\"url\":\"https:\/\/www.57reshotel.it\/es\/ubicacion\/bergamo\/basilica-s-maria-maggiore\/\",\"name\":\"Bas\u00edlica S. Maria Maggiore - 57ResHotel\",\"isPartOf\":{\"@id\":\"https:\/\/www.57reshotel.it\/es\/#website\"},\"datePublished\":\"2021-03-02T10:54:35+00:00\",\"breadcrumb\":{\"@id\":\"https:\/\/www.57reshotel.it\/es\/ubicacion\/bergamo\/basilica-s-maria-maggiore\/#breadcrumb\"},\"inLanguage\":\"es\",\"potentialAction\":[{\"@type\":\"ReadAction\",\"target\":[\"https:\/\/www.57reshotel.it\/es\/ubicacion\/bergamo\/basilica-s-maria-maggiore\/\"]}]},{\"@type\":\"BreadcrumbList\",\"@id\":\"https:\/\/www.57reshotel.it\/es\/ubicacion\/bergamo\/basilica-s-maria-maggiore\/#breadcrumb\",\"itemListElement\":[{\"@type\":\"ListItem\",\"position\":1,\"name\":\"Home\",\"item\":\"https:\/\/www.57reshotel.it\/es\/\"},{\"@type\":\"ListItem\",\"position\":2,\"name\":\"Ubicacion\",\"item\":\"https:\/\/www.57reshotel.it\/es\/ubicacion\/\"},{\"@type\":\"ListItem\",\"position\":3,\"name\":\"Bergamo\",\"item\":\"https:\/\/www.57reshotel.it\/es\/ubicacion\/bergamo\/\"},{\"@type\":\"ListItem\",\"position\":4,\"name\":\"Bas\u00edlica S. Maria Maggiore\"}]},{\"@type\":\"WebSite\",\"@id\":\"https:\/\/www.57reshotel.it\/es\/#website\",\"url\":\"https:\/\/www.57reshotel.it\/es\/\",\"name\":\"57ResHotel\",\"description\":\"Ecco un altro sito ms.decms.eu\",\"potentialAction\":[{\"@type\":\"SearchAction\",\"target\":{\"@type\":\"EntryPoint\",\"urlTemplate\":\"https:\/\/www.57reshotel.it\/es\/?s={search_term_string}\"},\"query-input\":{\"@type\":\"PropertyValueSpecification\",\"valueRequired\":true,\"valueName\":\"search_term_string\"}}],\"inLanguage\":\"es\"}]}<\/script>\n<!-- \/ Yoast SEO plugin. -->","yoast_head_json":{"title":"Bas\u00edlica S. Maria Maggiore - 57ResHotel","robots":{"index":"index","follow":"follow","max-snippet":"max-snippet:-1","max-image-preview":"max-image-preview:large","max-video-preview":"max-video-preview:-1"},"canonical":"https:\/\/www.57reshotel.it\/es\/ubicacion\/bergamo\/basilica-s-maria-maggiore\/","og_locale":"es_ES","og_type":"article","og_title":"Bas\u00edlica S. Maria Maggiore - 57ResHotel","og_description":"Las severas l\u00edneas rom\u00e1nicas del exterior contrastan con la explosi\u00f3n barroca que descubrir\u00e1 al entrar. Majestuosa e imponente, es la iglesia m\u00e1s bella y querida de Bergamo. Existe un profundo y antiguo v\u00ednculo entre la ciudad y la Bas\u00edlica de Santa Mar\u00eda la Mayor, que probablemente se deriva de las condiciones \u00fanicas de su construcci\u00f3n. [&hellip;]","og_url":"https:\/\/www.57reshotel.it\/es\/ubicacion\/bergamo\/basilica-s-maria-maggiore\/","og_site_name":"57ResHotel","twitter_card":"summary_large_image","twitter_misc":{"Tiempo de lectura":"1 minuto"},"schema":{"@context":"https:\/\/schema.org","@graph":[{"@type":"WebPage","@id":"https:\/\/www.57reshotel.it\/es\/ubicacion\/bergamo\/basilica-s-maria-maggiore\/","url":"https:\/\/www.57reshotel.it\/es\/ubicacion\/bergamo\/basilica-s-maria-maggiore\/","name":"Bas\u00edlica S. Maria Maggiore - 57ResHotel","isPartOf":{"@id":"https:\/\/www.57reshotel.it\/es\/#website"},"datePublished":"2021-03-02T10:54:35+00:00","breadcrumb":{"@id":"https:\/\/www.57reshotel.it\/es\/ubicacion\/bergamo\/basilica-s-maria-maggiore\/#breadcrumb"},"inLanguage":"es","potentialAction":[{"@type":"ReadAction","target":["https:\/\/www.57reshotel.it\/es\/ubicacion\/bergamo\/basilica-s-maria-maggiore\/"]}]},{"@type":"BreadcrumbList","@id":"https:\/\/www.57reshotel.it\/es\/ubicacion\/bergamo\/basilica-s-maria-maggiore\/#breadcrumb","itemListElement":[{"@type":"ListItem","position":1,"name":"Home","item":"https:\/\/www.57reshotel.it\/es\/"},{"@type":"ListItem","position":2,"name":"Ubicacion","item":"https:\/\/www.57reshotel.it\/es\/ubicacion\/"},{"@type":"ListItem","position":3,"name":"Bergamo","item":"https:\/\/www.57reshotel.it\/es\/ubicacion\/bergamo\/"},{"@type":"ListItem","position":4,"name":"Bas\u00edlica S. Maria Maggiore"}]},{"@type":"WebSite","@id":"https:\/\/www.57reshotel.it\/es\/#website","url":"https:\/\/www.57reshotel.it\/es\/","name":"57ResHotel","description":"Ecco un altro sito ms.decms.eu","potentialAction":[{"@type":"SearchAction","target":{"@type":"EntryPoint","urlTemplate":"https:\/\/www.57reshotel.it\/es\/?s={search_term_string}"},"query-input":{"@type":"PropertyValueSpecification","valueRequired":true,"valueName":"search_term_string"}}],"inLanguage":"es"}]}},"acf":[],"_links":{"self":[{"href":"https:\/\/www.57reshotel.it\/es\/wp-json\/wp\/v2\/pages\/305","targetHints":{"allow":["GET"]}}],"collection":[{"href":"https:\/\/www.57reshotel.it\/es\/wp-json\/wp\/v2\/pages"}],"about":[{"href":"https:\/\/www.57reshotel.it\/es\/wp-json\/wp\/v2\/types\/page"}],"author":[{"embeddable":true,"href":"https:\/\/www.57reshotel.it\/es\/wp-json\/wp\/v2\/users\/13"}],"replies":[{"embeddable":true,"href":"https:\/\/www.57reshotel.it\/es\/wp-json\/wp\/v2\/comments?post=305"}],"version-history":[{"count":0,"href":"https:\/\/www.57reshotel.it\/es\/wp-json\/wp\/v2\/pages\/305\/revisions"}],"up":[{"embeddable":true,"href":"https:\/\/www.57reshotel.it\/es\/wp-json\/wp\/v2\/pages\/291"}],"wp:attachment":[{"href":"https:\/\/www.57reshotel.it\/es\/wp-json\/wp\/v2\/media?parent=305"}],"curies":[{"name":"wp","href":"https:\/\/api.w.org\/{rel}","templated":true}]}}