{"id":311,"date":"2021-03-02T11:56:47","date_gmt":"2021-03-02T10:56:47","guid":{"rendered":"http:\/\/57reshotel.ms.decms.eu\/?page_id=311"},"modified":"2021-03-02T11:56:47","modified_gmt":"2021-03-02T10:56:47","slug":"baptisterio","status":"publish","type":"page","link":"https:\/\/www.57reshotel.it\/es\/ubicacion\/bergamo\/baptisterio\/","title":{"rendered":"Baptisterio"},"content":{"rendered":"<p>Una especie de n\u00famero m\u00e1gico se repite varias veces en este baptisterio: el ocho.<br \/>\nComo los laterales del monumento, que dise\u00f1an geom\u00e9tricamente su contorno y lo hacen tan caracter\u00edstico. Los bajorrelieves que adornan las paredes interiores del Baptisterio con escenas de la Vida de Jes\u00fas, obra del famoso escultor del siglo XIV Giovanni da Campione. O las estatuas colocadas fuera de la c\u00fapula, en las esquinas, que representan las Virtudes: Fe, Esperanza, Caridad, Justicia, Prudencia, Fortaleza, Templanza, con el a\u00f1adido de la Paciencia.<\/p>\n<p>Un baptisterio n\u00f3mada, que parece no encontrar la paz: el edificio, tal como lo vemos hoy, es en realidad el resultado de numerosos desplazamientos a lo largo de los siglos.<br \/>\nConstruida en 1340 en el interior de la bas\u00edlica de Santa Maria Maggiore de Citt\u00e0 Alta, permaneci\u00f3 all\u00ed hasta 1661. Posteriormente, se desmont\u00f3 y se volvi\u00f3 a montar de forma totalmente arbitraria, con a\u00f1adidos y reconstrucciones, en otras dos ocasiones. Finalmente encontr\u00f3 su ubicaci\u00f3n definitiva en 1898-99 en el lado oeste de la Piazza del Duomo en Citt\u00e0 Alta, donde se recre\u00f3 en estilo neog\u00f3tico.<br \/>\nEn el centro de la \u00fanica sala octogonal de la que se compone, se pueden admirar las decoraciones g\u00f3ticas de la pila bautismal, es decir, la pila que conten\u00eda el agua para bautizar a las personas seg\u00fan el rito cat\u00f3lico. Detr\u00e1s de ella, ver\u00e1 el altar coronado por una estatua de m\u00e1rmol que representa a San Juan Bautista.<\/p>\n","protected":false},"excerpt":{"rendered":"<p>Una especie de n\u00famero m\u00e1gico se repite varias veces en este baptisterio: el ocho. Como los laterales del monumento, que dise\u00f1an geom\u00e9tricamente su contorno y lo hacen tan caracter\u00edstico. Los bajorrelieves que adornan las paredes interiores del Baptisterio con escenas de la Vida de Jes\u00fas, obra del famoso escultor del siglo XIV Giovanni da Campione. [&hellip;]<\/p>\n","protected":false},"author":13,"featured_media":0,"parent":291,"menu_order":100,"comment_status":"closed","ping_status":"closed","template":"","meta":{"footnotes":""},"class_list":["post-311","page","type-page","status-publish","hentry"],"yoast_head":"<!-- This site is optimized with the Yoast SEO plugin v26.9 - https:\/\/yoast.com\/product\/yoast-seo-wordpress\/ -->\n<title>Baptisterio - 57ResHotel<\/title>\n<meta name=\"robots\" content=\"index, follow, max-snippet:-1, max-image-preview:large, max-video-preview:-1\" \/>\n<link rel=\"canonical\" href=\"https:\/\/www.57reshotel.it\/es\/ubicacion\/bergamo\/baptisterio\/\" \/>\n<meta property=\"og:locale\" content=\"es_ES\" \/>\n<meta property=\"og:type\" content=\"article\" \/>\n<meta property=\"og:title\" content=\"Baptisterio - 57ResHotel\" \/>\n<meta property=\"og:description\" content=\"Una especie de n\u00famero m\u00e1gico se repite varias veces en este baptisterio: el ocho. Como los laterales del monumento, que dise\u00f1an geom\u00e9tricamente su contorno y lo hacen tan caracter\u00edstico. Los bajorrelieves que adornan las paredes interiores del Baptisterio con escenas de la Vida de Jes\u00fas, obra del famoso escultor del siglo XIV Giovanni da Campione. [&hellip;]\" \/>\n<meta property=\"og:url\" content=\"https:\/\/www.57reshotel.it\/es\/ubicacion\/bergamo\/baptisterio\/\" \/>\n<meta property=\"og:site_name\" content=\"57ResHotel\" \/>\n<meta name=\"twitter:card\" content=\"summary_large_image\" \/>\n<meta name=\"twitter:label1\" content=\"Tiempo de lectura\" \/>\n\t<meta name=\"twitter:data1\" content=\"1 minuto\" \/>\n<script type=\"application\/ld+json\" class=\"yoast-schema-graph\">{\"@context\":\"https:\/\/schema.org\",\"@graph\":[{\"@type\":\"WebPage\",\"@id\":\"https:\/\/www.57reshotel.it\/es\/ubicacion\/bergamo\/baptisterio\/\",\"url\":\"https:\/\/www.57reshotel.it\/es\/ubicacion\/bergamo\/baptisterio\/\",\"name\":\"Baptisterio - 57ResHotel\",\"isPartOf\":{\"@id\":\"https:\/\/www.57reshotel.it\/es\/#website\"},\"datePublished\":\"2021-03-02T10:56:47+00:00\",\"breadcrumb\":{\"@id\":\"https:\/\/www.57reshotel.it\/es\/ubicacion\/bergamo\/baptisterio\/#breadcrumb\"},\"inLanguage\":\"es\",\"potentialAction\":[{\"@type\":\"ReadAction\",\"target\":[\"https:\/\/www.57reshotel.it\/es\/ubicacion\/bergamo\/baptisterio\/\"]}]},{\"@type\":\"BreadcrumbList\",\"@id\":\"https:\/\/www.57reshotel.it\/es\/ubicacion\/bergamo\/baptisterio\/#breadcrumb\",\"itemListElement\":[{\"@type\":\"ListItem\",\"position\":1,\"name\":\"Home\",\"item\":\"https:\/\/www.57reshotel.it\/es\/\"},{\"@type\":\"ListItem\",\"position\":2,\"name\":\"Ubicacion\",\"item\":\"https:\/\/www.57reshotel.it\/es\/ubicacion\/\"},{\"@type\":\"ListItem\",\"position\":3,\"name\":\"Bergamo\",\"item\":\"https:\/\/www.57reshotel.it\/es\/ubicacion\/bergamo\/\"},{\"@type\":\"ListItem\",\"position\":4,\"name\":\"Baptisterio\"}]},{\"@type\":\"WebSite\",\"@id\":\"https:\/\/www.57reshotel.it\/es\/#website\",\"url\":\"https:\/\/www.57reshotel.it\/es\/\",\"name\":\"57ResHotel\",\"description\":\"Ecco un altro sito ms.decms.eu\",\"potentialAction\":[{\"@type\":\"SearchAction\",\"target\":{\"@type\":\"EntryPoint\",\"urlTemplate\":\"https:\/\/www.57reshotel.it\/es\/?s={search_term_string}\"},\"query-input\":{\"@type\":\"PropertyValueSpecification\",\"valueRequired\":true,\"valueName\":\"search_term_string\"}}],\"inLanguage\":\"es\"}]}<\/script>\n<!-- \/ Yoast SEO plugin. -->","yoast_head_json":{"title":"Baptisterio - 57ResHotel","robots":{"index":"index","follow":"follow","max-snippet":"max-snippet:-1","max-image-preview":"max-image-preview:large","max-video-preview":"max-video-preview:-1"},"canonical":"https:\/\/www.57reshotel.it\/es\/ubicacion\/bergamo\/baptisterio\/","og_locale":"es_ES","og_type":"article","og_title":"Baptisterio - 57ResHotel","og_description":"Una especie de n\u00famero m\u00e1gico se repite varias veces en este baptisterio: el ocho. Como los laterales del monumento, que dise\u00f1an geom\u00e9tricamente su contorno y lo hacen tan caracter\u00edstico. Los bajorrelieves que adornan las paredes interiores del Baptisterio con escenas de la Vida de Jes\u00fas, obra del famoso escultor del siglo XIV Giovanni da Campione. [&hellip;]","og_url":"https:\/\/www.57reshotel.it\/es\/ubicacion\/bergamo\/baptisterio\/","og_site_name":"57ResHotel","twitter_card":"summary_large_image","twitter_misc":{"Tiempo de lectura":"1 minuto"},"schema":{"@context":"https:\/\/schema.org","@graph":[{"@type":"WebPage","@id":"https:\/\/www.57reshotel.it\/es\/ubicacion\/bergamo\/baptisterio\/","url":"https:\/\/www.57reshotel.it\/es\/ubicacion\/bergamo\/baptisterio\/","name":"Baptisterio - 57ResHotel","isPartOf":{"@id":"https:\/\/www.57reshotel.it\/es\/#website"},"datePublished":"2021-03-02T10:56:47+00:00","breadcrumb":{"@id":"https:\/\/www.57reshotel.it\/es\/ubicacion\/bergamo\/baptisterio\/#breadcrumb"},"inLanguage":"es","potentialAction":[{"@type":"ReadAction","target":["https:\/\/www.57reshotel.it\/es\/ubicacion\/bergamo\/baptisterio\/"]}]},{"@type":"BreadcrumbList","@id":"https:\/\/www.57reshotel.it\/es\/ubicacion\/bergamo\/baptisterio\/#breadcrumb","itemListElement":[{"@type":"ListItem","position":1,"name":"Home","item":"https:\/\/www.57reshotel.it\/es\/"},{"@type":"ListItem","position":2,"name":"Ubicacion","item":"https:\/\/www.57reshotel.it\/es\/ubicacion\/"},{"@type":"ListItem","position":3,"name":"Bergamo","item":"https:\/\/www.57reshotel.it\/es\/ubicacion\/bergamo\/"},{"@type":"ListItem","position":4,"name":"Baptisterio"}]},{"@type":"WebSite","@id":"https:\/\/www.57reshotel.it\/es\/#website","url":"https:\/\/www.57reshotel.it\/es\/","name":"57ResHotel","description":"Ecco un altro sito ms.decms.eu","potentialAction":[{"@type":"SearchAction","target":{"@type":"EntryPoint","urlTemplate":"https:\/\/www.57reshotel.it\/es\/?s={search_term_string}"},"query-input":{"@type":"PropertyValueSpecification","valueRequired":true,"valueName":"search_term_string"}}],"inLanguage":"es"}]}},"acf":[],"_links":{"self":[{"href":"https:\/\/www.57reshotel.it\/es\/wp-json\/wp\/v2\/pages\/311","targetHints":{"allow":["GET"]}}],"collection":[{"href":"https:\/\/www.57reshotel.it\/es\/wp-json\/wp\/v2\/pages"}],"about":[{"href":"https:\/\/www.57reshotel.it\/es\/wp-json\/wp\/v2\/types\/page"}],"author":[{"embeddable":true,"href":"https:\/\/www.57reshotel.it\/es\/wp-json\/wp\/v2\/users\/13"}],"replies":[{"embeddable":true,"href":"https:\/\/www.57reshotel.it\/es\/wp-json\/wp\/v2\/comments?post=311"}],"version-history":[{"count":0,"href":"https:\/\/www.57reshotel.it\/es\/wp-json\/wp\/v2\/pages\/311\/revisions"}],"up":[{"embeddable":true,"href":"https:\/\/www.57reshotel.it\/es\/wp-json\/wp\/v2\/pages\/291"}],"wp:attachment":[{"href":"https:\/\/www.57reshotel.it\/es\/wp-json\/wp\/v2\/media?parent=311"}],"curies":[{"name":"wp","href":"https:\/\/api.w.org\/{rel}","templated":true}]}}