{"id":321,"date":"2021-03-02T12:01:39","date_gmt":"2021-03-02T11:01:39","guid":{"rendered":"http:\/\/57reshotel.ms.decms.eu\/?page_id=321"},"modified":"2021-03-02T12:01:39","modified_gmt":"2021-03-02T11:01:39","slug":"puerta-de-santalessandro","status":"publish","type":"page","link":"https:\/\/www.57reshotel.it\/es\/ubicacion\/bergamo\/puerta-de-santalessandro\/","title":{"rendered":"Puerta de Sant&#8217;Alessandro"},"content":{"rendered":"<p>La puerta de las murallas venecianas que da al oeste se llama Porta Sant&#8217;Alessandro y era el acceso a la ciudad para los que ven\u00edan de Lecco y Como. Su nombre deriva de la cercana bas\u00edlica dedicada a la patrona de Bergamo y arrasada en 1561, como recuerda una placa colocada junto a la \u00fanica columna superviviente de la bas\u00edlica, para permitir la construcci\u00f3n de las Murallas. Al atravesar la puerta, todav\u00eda se encuentra la \u00abColonna di Sant&#8217;Alessandro\u00bb (columna de San Alejandro), que marca el lugar exacto donde se encontraba la catedral, posteriormente demolida.<\/p>\n<p>Hoy en d\u00eda, esta enorme puerta se encuentra en la zona de Citt\u00e0 Alta llamada Colle Aperto, un apodo que naci\u00f3 a principios del siglo XIX, cuando se nivel\u00f3 la zona que va desde Viale delle Mura hasta Porta Sant&#8217;Alessandro. La plaza ofrece una perspectiva encantadora tanto de la parte monumental como del paisaje.<\/p>\n","protected":false},"excerpt":{"rendered":"<p>La puerta de las murallas venecianas que da al oeste se llama Porta Sant&#8217;Alessandro y era el acceso a la ciudad para los que ven\u00edan de Lecco y Como. Su nombre deriva de la cercana bas\u00edlica dedicada a la patrona de Bergamo y arrasada en 1561, como recuerda una placa colocada junto a la \u00fanica [&hellip;]<\/p>\n","protected":false},"author":13,"featured_media":0,"parent":291,"menu_order":150,"comment_status":"closed","ping_status":"closed","template":"","meta":{"footnotes":""},"class_list":["post-321","page","type-page","status-publish","hentry"],"yoast_head":"<!-- This site is optimized with the Yoast SEO plugin v26.9 - https:\/\/yoast.com\/product\/yoast-seo-wordpress\/ -->\n<title>Puerta de Sant&#039;Alessandro - 57ResHotel<\/title>\n<meta name=\"robots\" content=\"index, follow, max-snippet:-1, max-image-preview:large, max-video-preview:-1\" \/>\n<link rel=\"canonical\" href=\"https:\/\/www.57reshotel.it\/es\/ubicacion\/bergamo\/puerta-de-santalessandro\/\" \/>\n<meta property=\"og:locale\" content=\"es_ES\" \/>\n<meta property=\"og:type\" content=\"article\" \/>\n<meta property=\"og:title\" content=\"Puerta de Sant&#039;Alessandro - 57ResHotel\" \/>\n<meta property=\"og:description\" content=\"La puerta de las murallas venecianas que da al oeste se llama Porta Sant&#8217;Alessandro y era el acceso a la ciudad para los que ven\u00edan de Lecco y Como. Su nombre deriva de la cercana bas\u00edlica dedicada a la patrona de Bergamo y arrasada en 1561, como recuerda una placa colocada junto a la \u00fanica [&hellip;]\" \/>\n<meta property=\"og:url\" content=\"https:\/\/www.57reshotel.it\/es\/ubicacion\/bergamo\/puerta-de-santalessandro\/\" \/>\n<meta property=\"og:site_name\" content=\"57ResHotel\" \/>\n<meta name=\"twitter:card\" content=\"summary_large_image\" \/>\n<meta name=\"twitter:label1\" content=\"Tiempo de lectura\" \/>\n\t<meta name=\"twitter:data1\" content=\"1 minuto\" \/>\n<script type=\"application\/ld+json\" class=\"yoast-schema-graph\">{\"@context\":\"https:\/\/schema.org\",\"@graph\":[{\"@type\":\"WebPage\",\"@id\":\"https:\/\/www.57reshotel.it\/es\/ubicacion\/bergamo\/puerta-de-santalessandro\/\",\"url\":\"https:\/\/www.57reshotel.it\/es\/ubicacion\/bergamo\/puerta-de-santalessandro\/\",\"name\":\"Puerta de Sant'Alessandro - 57ResHotel\",\"isPartOf\":{\"@id\":\"https:\/\/www.57reshotel.it\/es\/#website\"},\"datePublished\":\"2021-03-02T11:01:39+00:00\",\"breadcrumb\":{\"@id\":\"https:\/\/www.57reshotel.it\/es\/ubicacion\/bergamo\/puerta-de-santalessandro\/#breadcrumb\"},\"inLanguage\":\"es\",\"potentialAction\":[{\"@type\":\"ReadAction\",\"target\":[\"https:\/\/www.57reshotel.it\/es\/ubicacion\/bergamo\/puerta-de-santalessandro\/\"]}]},{\"@type\":\"BreadcrumbList\",\"@id\":\"https:\/\/www.57reshotel.it\/es\/ubicacion\/bergamo\/puerta-de-santalessandro\/#breadcrumb\",\"itemListElement\":[{\"@type\":\"ListItem\",\"position\":1,\"name\":\"Home\",\"item\":\"https:\/\/www.57reshotel.it\/es\/\"},{\"@type\":\"ListItem\",\"position\":2,\"name\":\"Ubicacion\",\"item\":\"https:\/\/www.57reshotel.it\/es\/ubicacion\/\"},{\"@type\":\"ListItem\",\"position\":3,\"name\":\"Bergamo\",\"item\":\"https:\/\/www.57reshotel.it\/es\/ubicacion\/bergamo\/\"},{\"@type\":\"ListItem\",\"position\":4,\"name\":\"Puerta de Sant&#8217;Alessandro\"}]},{\"@type\":\"WebSite\",\"@id\":\"https:\/\/www.57reshotel.it\/es\/#website\",\"url\":\"https:\/\/www.57reshotel.it\/es\/\",\"name\":\"57ResHotel\",\"description\":\"Ecco un altro sito ms.decms.eu\",\"potentialAction\":[{\"@type\":\"SearchAction\",\"target\":{\"@type\":\"EntryPoint\",\"urlTemplate\":\"https:\/\/www.57reshotel.it\/es\/?s={search_term_string}\"},\"query-input\":{\"@type\":\"PropertyValueSpecification\",\"valueRequired\":true,\"valueName\":\"search_term_string\"}}],\"inLanguage\":\"es\"}]}<\/script>\n<!-- \/ Yoast SEO plugin. -->","yoast_head_json":{"title":"Puerta de Sant'Alessandro - 57ResHotel","robots":{"index":"index","follow":"follow","max-snippet":"max-snippet:-1","max-image-preview":"max-image-preview:large","max-video-preview":"max-video-preview:-1"},"canonical":"https:\/\/www.57reshotel.it\/es\/ubicacion\/bergamo\/puerta-de-santalessandro\/","og_locale":"es_ES","og_type":"article","og_title":"Puerta de Sant'Alessandro - 57ResHotel","og_description":"La puerta de las murallas venecianas que da al oeste se llama Porta Sant&#8217;Alessandro y era el acceso a la ciudad para los que ven\u00edan de Lecco y Como. Su nombre deriva de la cercana bas\u00edlica dedicada a la patrona de Bergamo y arrasada en 1561, como recuerda una placa colocada junto a la \u00fanica [&hellip;]","og_url":"https:\/\/www.57reshotel.it\/es\/ubicacion\/bergamo\/puerta-de-santalessandro\/","og_site_name":"57ResHotel","twitter_card":"summary_large_image","twitter_misc":{"Tiempo de lectura":"1 minuto"},"schema":{"@context":"https:\/\/schema.org","@graph":[{"@type":"WebPage","@id":"https:\/\/www.57reshotel.it\/es\/ubicacion\/bergamo\/puerta-de-santalessandro\/","url":"https:\/\/www.57reshotel.it\/es\/ubicacion\/bergamo\/puerta-de-santalessandro\/","name":"Puerta de Sant'Alessandro - 57ResHotel","isPartOf":{"@id":"https:\/\/www.57reshotel.it\/es\/#website"},"datePublished":"2021-03-02T11:01:39+00:00","breadcrumb":{"@id":"https:\/\/www.57reshotel.it\/es\/ubicacion\/bergamo\/puerta-de-santalessandro\/#breadcrumb"},"inLanguage":"es","potentialAction":[{"@type":"ReadAction","target":["https:\/\/www.57reshotel.it\/es\/ubicacion\/bergamo\/puerta-de-santalessandro\/"]}]},{"@type":"BreadcrumbList","@id":"https:\/\/www.57reshotel.it\/es\/ubicacion\/bergamo\/puerta-de-santalessandro\/#breadcrumb","itemListElement":[{"@type":"ListItem","position":1,"name":"Home","item":"https:\/\/www.57reshotel.it\/es\/"},{"@type":"ListItem","position":2,"name":"Ubicacion","item":"https:\/\/www.57reshotel.it\/es\/ubicacion\/"},{"@type":"ListItem","position":3,"name":"Bergamo","item":"https:\/\/www.57reshotel.it\/es\/ubicacion\/bergamo\/"},{"@type":"ListItem","position":4,"name":"Puerta de Sant&#8217;Alessandro"}]},{"@type":"WebSite","@id":"https:\/\/www.57reshotel.it\/es\/#website","url":"https:\/\/www.57reshotel.it\/es\/","name":"57ResHotel","description":"Ecco un altro sito ms.decms.eu","potentialAction":[{"@type":"SearchAction","target":{"@type":"EntryPoint","urlTemplate":"https:\/\/www.57reshotel.it\/es\/?s={search_term_string}"},"query-input":{"@type":"PropertyValueSpecification","valueRequired":true,"valueName":"search_term_string"}}],"inLanguage":"es"}]}},"acf":[],"_links":{"self":[{"href":"https:\/\/www.57reshotel.it\/es\/wp-json\/wp\/v2\/pages\/321","targetHints":{"allow":["GET"]}}],"collection":[{"href":"https:\/\/www.57reshotel.it\/es\/wp-json\/wp\/v2\/pages"}],"about":[{"href":"https:\/\/www.57reshotel.it\/es\/wp-json\/wp\/v2\/types\/page"}],"author":[{"embeddable":true,"href":"https:\/\/www.57reshotel.it\/es\/wp-json\/wp\/v2\/users\/13"}],"replies":[{"embeddable":true,"href":"https:\/\/www.57reshotel.it\/es\/wp-json\/wp\/v2\/comments?post=321"}],"version-history":[{"count":0,"href":"https:\/\/www.57reshotel.it\/es\/wp-json\/wp\/v2\/pages\/321\/revisions"}],"up":[{"embeddable":true,"href":"https:\/\/www.57reshotel.it\/es\/wp-json\/wp\/v2\/pages\/291"}],"wp:attachment":[{"href":"https:\/\/www.57reshotel.it\/es\/wp-json\/wp\/v2\/media?parent=321"}],"curies":[{"name":"wp","href":"https:\/\/api.w.org\/{rel}","templated":true}]}}