{"id":327,"date":"2021-03-02T12:04:36","date_gmt":"2021-03-02T11:04:36","guid":{"rendered":"http:\/\/57reshotel.ms.decms.eu\/?page_id=327"},"modified":"2021-03-02T12:04:36","modified_gmt":"2021-03-02T11:04:36","slug":"sentierone","status":"publish","type":"page","link":"https:\/\/www.57reshotel.it\/es\/ubicacion\/bergamo\/sentierone\/","title":{"rendered":"Sentierone"},"content":{"rendered":"<p>El centro de la Bergamo contempor\u00e1nea es el lugar ideal para pasear en nombre de las compras, el entretenimiento, el arte y la historia.<br \/>\nEste magn\u00edfico tramo de calle centenaria es el elegante Centro Piacentiniano, un incre\u00edble complejo arquitect\u00f3nico que en su d\u00eda alberg\u00f3 la antigua feria de la ciudad. Este antiguo ambiente se revive gracias a los numerosos eventos y puestos t\u00edpicos que animan el centro de la ciudad con colores y aromas durante todo el a\u00f1o. Siguiendo el curso del Sentierone, bordeando la hilera de imponentes casta\u00f1os y pasando por los propileos de Porta Nuova, se llega a la Via XX Settembre, dominada por el Palazzo Frizzoni, el ayuntamiento.<br \/>\nA partir de aqu\u00ed, s\u00f3lo hay que dejarse llevar por el ajetreo de la vida local: boutiques y tiendas de todo tipo, miradores y callejones de una rara belleza, todo en nombre del ocio. Y por \u00faltimo, por qu\u00e9 no regalarse un caf\u00e9 o un aperitivo en uno de los clubes que animan este rinc\u00f3n de la ciudad?<\/p>\n<p>Mientras pasea, no se pierda las numerosas plazas aleda\u00f1as, incluida la hermosa Piazza Dante, en cuyo centro se encuentra la Fuente del Trit\u00f3n, tambi\u00e9n conocida como la Fuente de la Feria, dise\u00f1ada por Caniana. Si le gusta el arte, no puede perderse la majestuosa iglesia de San Bartolomeo y Stefano, que cierra el lado oriental de esta zona: su interior alberga la famosa \u00abPala Martinengo\u00bb, pintada por Lorenzo Lotto en el siglo XVI.<br \/>\nA lo largo del Sentierone se encuentra, por un lado, el \u00abquadriportico\u00bb, con su elegante estructura de airosas arcadas, con incrustaciones de m\u00e1rmol y salpicado de refinadas tiendas y restaurantes; por otro lado, el teatro de la ciudad, dedicado al gran compositor bergamasco Gaetano Donizetti.<br \/>\nAl cruzar la calle se encuentra otro amplio y elegante ensanche: la plaza Vittorio Veneto, en cuyo centro destaca el obelisco dedicado a Napole\u00f3n y dominado por la Torre dei Caduti.<\/p>\n","protected":false},"excerpt":{"rendered":"<p>El centro de la Bergamo contempor\u00e1nea es el lugar ideal para pasear en nombre de las compras, el entretenimiento, el arte y la historia. Este magn\u00edfico tramo de calle centenaria es el elegante Centro Piacentiniano, un incre\u00edble complejo arquitect\u00f3nico que en su d\u00eda alberg\u00f3 la antigua feria de la ciudad. Este antiguo ambiente se revive [&hellip;]<\/p>\n","protected":false},"author":13,"featured_media":0,"parent":291,"menu_order":180,"comment_status":"closed","ping_status":"closed","template":"","meta":{"footnotes":""},"class_list":["post-327","page","type-page","status-publish","hentry"],"yoast_head":"<!-- This site is optimized with the Yoast SEO plugin v26.9 - https:\/\/yoast.com\/product\/yoast-seo-wordpress\/ -->\n<title>Sentierone - 57ResHotel<\/title>\n<meta name=\"robots\" content=\"index, follow, max-snippet:-1, max-image-preview:large, max-video-preview:-1\" \/>\n<link rel=\"canonical\" href=\"https:\/\/www.57reshotel.it\/es\/ubicacion\/bergamo\/sentierone\/\" \/>\n<meta property=\"og:locale\" content=\"es_ES\" \/>\n<meta property=\"og:type\" content=\"article\" \/>\n<meta property=\"og:title\" content=\"Sentierone - 57ResHotel\" \/>\n<meta property=\"og:description\" content=\"El centro de la Bergamo contempor\u00e1nea es el lugar ideal para pasear en nombre de las compras, el entretenimiento, el arte y la historia. Este magn\u00edfico tramo de calle centenaria es el elegante Centro Piacentiniano, un incre\u00edble complejo arquitect\u00f3nico que en su d\u00eda alberg\u00f3 la antigua feria de la ciudad. Este antiguo ambiente se revive [&hellip;]\" \/>\n<meta property=\"og:url\" content=\"https:\/\/www.57reshotel.it\/es\/ubicacion\/bergamo\/sentierone\/\" \/>\n<meta property=\"og:site_name\" content=\"57ResHotel\" \/>\n<meta name=\"twitter:card\" content=\"summary_large_image\" \/>\n<meta name=\"twitter:label1\" content=\"Tiempo de lectura\" \/>\n\t<meta name=\"twitter:data1\" content=\"2 minutos\" \/>\n<script type=\"application\/ld+json\" class=\"yoast-schema-graph\">{\"@context\":\"https:\/\/schema.org\",\"@graph\":[{\"@type\":\"WebPage\",\"@id\":\"https:\/\/www.57reshotel.it\/es\/ubicacion\/bergamo\/sentierone\/\",\"url\":\"https:\/\/www.57reshotel.it\/es\/ubicacion\/bergamo\/sentierone\/\",\"name\":\"Sentierone - 57ResHotel\",\"isPartOf\":{\"@id\":\"https:\/\/www.57reshotel.it\/es\/#website\"},\"datePublished\":\"2021-03-02T11:04:36+00:00\",\"breadcrumb\":{\"@id\":\"https:\/\/www.57reshotel.it\/es\/ubicacion\/bergamo\/sentierone\/#breadcrumb\"},\"inLanguage\":\"es\",\"potentialAction\":[{\"@type\":\"ReadAction\",\"target\":[\"https:\/\/www.57reshotel.it\/es\/ubicacion\/bergamo\/sentierone\/\"]}]},{\"@type\":\"BreadcrumbList\",\"@id\":\"https:\/\/www.57reshotel.it\/es\/ubicacion\/bergamo\/sentierone\/#breadcrumb\",\"itemListElement\":[{\"@type\":\"ListItem\",\"position\":1,\"name\":\"Home\",\"item\":\"https:\/\/www.57reshotel.it\/es\/\"},{\"@type\":\"ListItem\",\"position\":2,\"name\":\"Ubicacion\",\"item\":\"https:\/\/www.57reshotel.it\/es\/ubicacion\/\"},{\"@type\":\"ListItem\",\"position\":3,\"name\":\"Bergamo\",\"item\":\"https:\/\/www.57reshotel.it\/es\/ubicacion\/bergamo\/\"},{\"@type\":\"ListItem\",\"position\":4,\"name\":\"Sentierone\"}]},{\"@type\":\"WebSite\",\"@id\":\"https:\/\/www.57reshotel.it\/es\/#website\",\"url\":\"https:\/\/www.57reshotel.it\/es\/\",\"name\":\"57ResHotel\",\"description\":\"Ecco un altro sito ms.decms.eu\",\"potentialAction\":[{\"@type\":\"SearchAction\",\"target\":{\"@type\":\"EntryPoint\",\"urlTemplate\":\"https:\/\/www.57reshotel.it\/es\/?s={search_term_string}\"},\"query-input\":{\"@type\":\"PropertyValueSpecification\",\"valueRequired\":true,\"valueName\":\"search_term_string\"}}],\"inLanguage\":\"es\"}]}<\/script>\n<!-- \/ Yoast SEO plugin. -->","yoast_head_json":{"title":"Sentierone - 57ResHotel","robots":{"index":"index","follow":"follow","max-snippet":"max-snippet:-1","max-image-preview":"max-image-preview:large","max-video-preview":"max-video-preview:-1"},"canonical":"https:\/\/www.57reshotel.it\/es\/ubicacion\/bergamo\/sentierone\/","og_locale":"es_ES","og_type":"article","og_title":"Sentierone - 57ResHotel","og_description":"El centro de la Bergamo contempor\u00e1nea es el lugar ideal para pasear en nombre de las compras, el entretenimiento, el arte y la historia. Este magn\u00edfico tramo de calle centenaria es el elegante Centro Piacentiniano, un incre\u00edble complejo arquitect\u00f3nico que en su d\u00eda alberg\u00f3 la antigua feria de la ciudad. Este antiguo ambiente se revive [&hellip;]","og_url":"https:\/\/www.57reshotel.it\/es\/ubicacion\/bergamo\/sentierone\/","og_site_name":"57ResHotel","twitter_card":"summary_large_image","twitter_misc":{"Tiempo de lectura":"2 minutos"},"schema":{"@context":"https:\/\/schema.org","@graph":[{"@type":"WebPage","@id":"https:\/\/www.57reshotel.it\/es\/ubicacion\/bergamo\/sentierone\/","url":"https:\/\/www.57reshotel.it\/es\/ubicacion\/bergamo\/sentierone\/","name":"Sentierone - 57ResHotel","isPartOf":{"@id":"https:\/\/www.57reshotel.it\/es\/#website"},"datePublished":"2021-03-02T11:04:36+00:00","breadcrumb":{"@id":"https:\/\/www.57reshotel.it\/es\/ubicacion\/bergamo\/sentierone\/#breadcrumb"},"inLanguage":"es","potentialAction":[{"@type":"ReadAction","target":["https:\/\/www.57reshotel.it\/es\/ubicacion\/bergamo\/sentierone\/"]}]},{"@type":"BreadcrumbList","@id":"https:\/\/www.57reshotel.it\/es\/ubicacion\/bergamo\/sentierone\/#breadcrumb","itemListElement":[{"@type":"ListItem","position":1,"name":"Home","item":"https:\/\/www.57reshotel.it\/es\/"},{"@type":"ListItem","position":2,"name":"Ubicacion","item":"https:\/\/www.57reshotel.it\/es\/ubicacion\/"},{"@type":"ListItem","position":3,"name":"Bergamo","item":"https:\/\/www.57reshotel.it\/es\/ubicacion\/bergamo\/"},{"@type":"ListItem","position":4,"name":"Sentierone"}]},{"@type":"WebSite","@id":"https:\/\/www.57reshotel.it\/es\/#website","url":"https:\/\/www.57reshotel.it\/es\/","name":"57ResHotel","description":"Ecco un altro sito ms.decms.eu","potentialAction":[{"@type":"SearchAction","target":{"@type":"EntryPoint","urlTemplate":"https:\/\/www.57reshotel.it\/es\/?s={search_term_string}"},"query-input":{"@type":"PropertyValueSpecification","valueRequired":true,"valueName":"search_term_string"}}],"inLanguage":"es"}]}},"acf":[],"_links":{"self":[{"href":"https:\/\/www.57reshotel.it\/es\/wp-json\/wp\/v2\/pages\/327","targetHints":{"allow":["GET"]}}],"collection":[{"href":"https:\/\/www.57reshotel.it\/es\/wp-json\/wp\/v2\/pages"}],"about":[{"href":"https:\/\/www.57reshotel.it\/es\/wp-json\/wp\/v2\/types\/page"}],"author":[{"embeddable":true,"href":"https:\/\/www.57reshotel.it\/es\/wp-json\/wp\/v2\/users\/13"}],"replies":[{"embeddable":true,"href":"https:\/\/www.57reshotel.it\/es\/wp-json\/wp\/v2\/comments?post=327"}],"version-history":[{"count":0,"href":"https:\/\/www.57reshotel.it\/es\/wp-json\/wp\/v2\/pages\/327\/revisions"}],"up":[{"embeddable":true,"href":"https:\/\/www.57reshotel.it\/es\/wp-json\/wp\/v2\/pages\/291"}],"wp:attachment":[{"href":"https:\/\/www.57reshotel.it\/es\/wp-json\/wp\/v2\/media?parent=327"}],"curies":[{"name":"wp","href":"https:\/\/api.w.org\/{rel}","templated":true}]}}