{"id":338,"date":"2021-03-02T12:08:32","date_gmt":"2021-03-02T11:08:32","guid":{"rendered":"http:\/\/57reshotel.ms.decms.eu\/?page_id=338"},"modified":"2021-03-02T12:08:32","modified_gmt":"2021-03-02T11:08:32","slug":"vinos","status":"publish","type":"page","link":"https:\/\/www.57reshotel.it\/es\/ubicacion\/enogastronomia\/vinos\/","title":{"rendered":"Vinos"},"content":{"rendered":"<p>La campi\u00f1a bergamasca era conocida por su producci\u00f3n de vino.<\/p>\n<p>Hoy, sin embargo, podemos contar con la excelencia que representa el Valcalepio Doc, tinto y blanco, cuya zona de producci\u00f3n es una amplia zona de colinas que va de los 300 a los 600 metros sobre el nivel del mar en laderas bien expuestas al sol.<\/p>\n<p>Tambi\u00e9n son zonas de valor medioambiental, donde serpentean las Rutas del Vino y Sabores de Valcalepio. Justamente famoso es el Moscatel de Scanzo DOCG, un vino cl\u00e1sico de meditaci\u00f3n cuyas vides se dice que fueron introducidas por los romanos y quiz\u00e1s incluso antes por los etruscos.<\/p>\n","protected":false},"excerpt":{"rendered":"<p>La campi\u00f1a bergamasca era conocida por su producci\u00f3n de vino. Hoy, sin embargo, podemos contar con la excelencia que representa el Valcalepio Doc, tinto y blanco, cuya zona de producci\u00f3n es una amplia zona de colinas que va de los 300 a los 600 metros sobre el nivel del mar en laderas bien expuestas al [&hellip;]<\/p>\n","protected":false},"author":13,"featured_media":0,"parent":334,"menu_order":20,"comment_status":"closed","ping_status":"closed","template":"","meta":{"footnotes":""},"class_list":["post-338","page","type-page","status-publish","hentry"],"yoast_head":"<!-- This site is optimized with the Yoast SEO plugin v26.9 - https:\/\/yoast.com\/product\/yoast-seo-wordpress\/ -->\n<title>Vinos - 57ResHotel<\/title>\n<meta name=\"robots\" content=\"index, follow, max-snippet:-1, max-image-preview:large, max-video-preview:-1\" \/>\n<link rel=\"canonical\" href=\"https:\/\/www.57reshotel.it\/es\/ubicacion\/enogastronomia\/vinos\/\" \/>\n<meta property=\"og:locale\" content=\"es_ES\" \/>\n<meta property=\"og:type\" content=\"article\" \/>\n<meta property=\"og:title\" content=\"Vinos - 57ResHotel\" \/>\n<meta property=\"og:description\" content=\"La campi\u00f1a bergamasca era conocida por su producci\u00f3n de vino. Hoy, sin embargo, podemos contar con la excelencia que representa el Valcalepio Doc, tinto y blanco, cuya zona de producci\u00f3n es una amplia zona de colinas que va de los 300 a los 600 metros sobre el nivel del mar en laderas bien expuestas al [&hellip;]\" \/>\n<meta property=\"og:url\" content=\"https:\/\/www.57reshotel.it\/es\/ubicacion\/enogastronomia\/vinos\/\" \/>\n<meta property=\"og:site_name\" content=\"57ResHotel\" \/>\n<meta name=\"twitter:card\" content=\"summary_large_image\" \/>\n<meta name=\"twitter:label1\" content=\"Tiempo de lectura\" \/>\n\t<meta name=\"twitter:data1\" content=\"1 minuto\" \/>\n<script type=\"application\/ld+json\" class=\"yoast-schema-graph\">{\"@context\":\"https:\/\/schema.org\",\"@graph\":[{\"@type\":\"WebPage\",\"@id\":\"https:\/\/www.57reshotel.it\/es\/ubicacion\/enogastronomia\/vinos\/\",\"url\":\"https:\/\/www.57reshotel.it\/es\/ubicacion\/enogastronomia\/vinos\/\",\"name\":\"Vinos - 57ResHotel\",\"isPartOf\":{\"@id\":\"https:\/\/www.57reshotel.it\/es\/#website\"},\"datePublished\":\"2021-03-02T11:08:32+00:00\",\"breadcrumb\":{\"@id\":\"https:\/\/www.57reshotel.it\/es\/ubicacion\/enogastronomia\/vinos\/#breadcrumb\"},\"inLanguage\":\"es\",\"potentialAction\":[{\"@type\":\"ReadAction\",\"target\":[\"https:\/\/www.57reshotel.it\/es\/ubicacion\/enogastronomia\/vinos\/\"]}]},{\"@type\":\"BreadcrumbList\",\"@id\":\"https:\/\/www.57reshotel.it\/es\/ubicacion\/enogastronomia\/vinos\/#breadcrumb\",\"itemListElement\":[{\"@type\":\"ListItem\",\"position\":1,\"name\":\"Home\",\"item\":\"https:\/\/www.57reshotel.it\/es\/\"},{\"@type\":\"ListItem\",\"position\":2,\"name\":\"Ubicacion\",\"item\":\"https:\/\/www.57reshotel.it\/es\/ubicacion\/\"},{\"@type\":\"ListItem\",\"position\":3,\"name\":\"Enogastronom\u00eda\",\"item\":\"https:\/\/www.57reshotel.it\/es\/ubicacion\/enogastronomia\/\"},{\"@type\":\"ListItem\",\"position\":4,\"name\":\"Vinos\"}]},{\"@type\":\"WebSite\",\"@id\":\"https:\/\/www.57reshotel.it\/es\/#website\",\"url\":\"https:\/\/www.57reshotel.it\/es\/\",\"name\":\"57ResHotel\",\"description\":\"Ecco un altro sito ms.decms.eu\",\"potentialAction\":[{\"@type\":\"SearchAction\",\"target\":{\"@type\":\"EntryPoint\",\"urlTemplate\":\"https:\/\/www.57reshotel.it\/es\/?s={search_term_string}\"},\"query-input\":{\"@type\":\"PropertyValueSpecification\",\"valueRequired\":true,\"valueName\":\"search_term_string\"}}],\"inLanguage\":\"es\"}]}<\/script>\n<!-- \/ Yoast SEO plugin. -->","yoast_head_json":{"title":"Vinos - 57ResHotel","robots":{"index":"index","follow":"follow","max-snippet":"max-snippet:-1","max-image-preview":"max-image-preview:large","max-video-preview":"max-video-preview:-1"},"canonical":"https:\/\/www.57reshotel.it\/es\/ubicacion\/enogastronomia\/vinos\/","og_locale":"es_ES","og_type":"article","og_title":"Vinos - 57ResHotel","og_description":"La campi\u00f1a bergamasca era conocida por su producci\u00f3n de vino. Hoy, sin embargo, podemos contar con la excelencia que representa el Valcalepio Doc, tinto y blanco, cuya zona de producci\u00f3n es una amplia zona de colinas que va de los 300 a los 600 metros sobre el nivel del mar en laderas bien expuestas al [&hellip;]","og_url":"https:\/\/www.57reshotel.it\/es\/ubicacion\/enogastronomia\/vinos\/","og_site_name":"57ResHotel","twitter_card":"summary_large_image","twitter_misc":{"Tiempo de lectura":"1 minuto"},"schema":{"@context":"https:\/\/schema.org","@graph":[{"@type":"WebPage","@id":"https:\/\/www.57reshotel.it\/es\/ubicacion\/enogastronomia\/vinos\/","url":"https:\/\/www.57reshotel.it\/es\/ubicacion\/enogastronomia\/vinos\/","name":"Vinos - 57ResHotel","isPartOf":{"@id":"https:\/\/www.57reshotel.it\/es\/#website"},"datePublished":"2021-03-02T11:08:32+00:00","breadcrumb":{"@id":"https:\/\/www.57reshotel.it\/es\/ubicacion\/enogastronomia\/vinos\/#breadcrumb"},"inLanguage":"es","potentialAction":[{"@type":"ReadAction","target":["https:\/\/www.57reshotel.it\/es\/ubicacion\/enogastronomia\/vinos\/"]}]},{"@type":"BreadcrumbList","@id":"https:\/\/www.57reshotel.it\/es\/ubicacion\/enogastronomia\/vinos\/#breadcrumb","itemListElement":[{"@type":"ListItem","position":1,"name":"Home","item":"https:\/\/www.57reshotel.it\/es\/"},{"@type":"ListItem","position":2,"name":"Ubicacion","item":"https:\/\/www.57reshotel.it\/es\/ubicacion\/"},{"@type":"ListItem","position":3,"name":"Enogastronom\u00eda","item":"https:\/\/www.57reshotel.it\/es\/ubicacion\/enogastronomia\/"},{"@type":"ListItem","position":4,"name":"Vinos"}]},{"@type":"WebSite","@id":"https:\/\/www.57reshotel.it\/es\/#website","url":"https:\/\/www.57reshotel.it\/es\/","name":"57ResHotel","description":"Ecco un altro sito ms.decms.eu","potentialAction":[{"@type":"SearchAction","target":{"@type":"EntryPoint","urlTemplate":"https:\/\/www.57reshotel.it\/es\/?s={search_term_string}"},"query-input":{"@type":"PropertyValueSpecification","valueRequired":true,"valueName":"search_term_string"}}],"inLanguage":"es"}]}},"acf":[],"_links":{"self":[{"href":"https:\/\/www.57reshotel.it\/es\/wp-json\/wp\/v2\/pages\/338","targetHints":{"allow":["GET"]}}],"collection":[{"href":"https:\/\/www.57reshotel.it\/es\/wp-json\/wp\/v2\/pages"}],"about":[{"href":"https:\/\/www.57reshotel.it\/es\/wp-json\/wp\/v2\/types\/page"}],"author":[{"embeddable":true,"href":"https:\/\/www.57reshotel.it\/es\/wp-json\/wp\/v2\/users\/13"}],"replies":[{"embeddable":true,"href":"https:\/\/www.57reshotel.it\/es\/wp-json\/wp\/v2\/comments?post=338"}],"version-history":[{"count":0,"href":"https:\/\/www.57reshotel.it\/es\/wp-json\/wp\/v2\/pages\/338\/revisions"}],"up":[{"embeddable":true,"href":"https:\/\/www.57reshotel.it\/es\/wp-json\/wp\/v2\/pages\/334"}],"wp:attachment":[{"href":"https:\/\/www.57reshotel.it\/es\/wp-json\/wp\/v2\/media?parent=338"}],"curies":[{"name":"wp","href":"https:\/\/api.w.org\/{rel}","templated":true}]}}