{"id":342,"date":"2021-03-02T12:09:46","date_gmt":"2021-03-02T11:09:46","guid":{"rendered":"http:\/\/57reshotel.ms.decms.eu\/?page_id=342"},"modified":"2021-03-02T12:09:46","modified_gmt":"2021-03-02T11:09:46","slug":"salumi","status":"publish","type":"page","link":"https:\/\/www.57reshotel.it\/es\/ubicacion\/enogastronomia\/salumi\/","title":{"rendered":"Salumi"},"content":{"rendered":"<p>Todos los embutidos t\u00edpicos de Bergamo, cuando se comercializan, deben llevar una marca espec\u00edfica aprobada por el Comit\u00e9 italiano que garantiza la conformidad del producto con los requisitos espec\u00edficos establecidos por la ley.<\/p>\n","protected":false},"excerpt":{"rendered":"<p>Todos los embutidos t\u00edpicos de Bergamo, cuando se comercializan, deben llevar una marca espec\u00edfica aprobada por el Comit\u00e9 italiano que garantiza la conformidad del producto con los requisitos espec\u00edficos establecidos por la ley.<\/p>\n","protected":false},"author":13,"featured_media":0,"parent":334,"menu_order":40,"comment_status":"closed","ping_status":"closed","template":"","meta":{"footnotes":""},"class_list":["post-342","page","type-page","status-publish","hentry"],"yoast_head":"<!-- This site is optimized with the Yoast SEO plugin v26.9 - https:\/\/yoast.com\/product\/yoast-seo-wordpress\/ -->\n<title>Salumi - 57ResHotel<\/title>\n<meta name=\"robots\" content=\"index, follow, max-snippet:-1, max-image-preview:large, max-video-preview:-1\" \/>\n<link rel=\"canonical\" href=\"https:\/\/www.57reshotel.it\/es\/ubicacion\/enogastronomia\/salumi\/\" \/>\n<meta property=\"og:locale\" content=\"es_ES\" \/>\n<meta property=\"og:type\" content=\"article\" \/>\n<meta property=\"og:title\" content=\"Salumi - 57ResHotel\" \/>\n<meta property=\"og:description\" content=\"Todos los embutidos t\u00edpicos de Bergamo, cuando se comercializan, deben llevar una marca espec\u00edfica aprobada por el Comit\u00e9 italiano que garantiza la conformidad del producto con los requisitos espec\u00edficos establecidos por la ley.\" \/>\n<meta property=\"og:url\" content=\"https:\/\/www.57reshotel.it\/es\/ubicacion\/enogastronomia\/salumi\/\" \/>\n<meta property=\"og:site_name\" content=\"57ResHotel\" \/>\n<meta name=\"twitter:card\" content=\"summary_large_image\" \/>\n<script type=\"application\/ld+json\" class=\"yoast-schema-graph\">{\"@context\":\"https:\/\/schema.org\",\"@graph\":[{\"@type\":\"WebPage\",\"@id\":\"https:\/\/www.57reshotel.it\/es\/ubicacion\/enogastronomia\/salumi\/\",\"url\":\"https:\/\/www.57reshotel.it\/es\/ubicacion\/enogastronomia\/salumi\/\",\"name\":\"Salumi - 57ResHotel\",\"isPartOf\":{\"@id\":\"https:\/\/www.57reshotel.it\/es\/#website\"},\"datePublished\":\"2021-03-02T11:09:46+00:00\",\"breadcrumb\":{\"@id\":\"https:\/\/www.57reshotel.it\/es\/ubicacion\/enogastronomia\/salumi\/#breadcrumb\"},\"inLanguage\":\"es\",\"potentialAction\":[{\"@type\":\"ReadAction\",\"target\":[\"https:\/\/www.57reshotel.it\/es\/ubicacion\/enogastronomia\/salumi\/\"]}]},{\"@type\":\"BreadcrumbList\",\"@id\":\"https:\/\/www.57reshotel.it\/es\/ubicacion\/enogastronomia\/salumi\/#breadcrumb\",\"itemListElement\":[{\"@type\":\"ListItem\",\"position\":1,\"name\":\"Home\",\"item\":\"https:\/\/www.57reshotel.it\/es\/\"},{\"@type\":\"ListItem\",\"position\":2,\"name\":\"Ubicacion\",\"item\":\"https:\/\/www.57reshotel.it\/es\/ubicacion\/\"},{\"@type\":\"ListItem\",\"position\":3,\"name\":\"Enogastronom\u00eda\",\"item\":\"https:\/\/www.57reshotel.it\/es\/ubicacion\/enogastronomia\/\"},{\"@type\":\"ListItem\",\"position\":4,\"name\":\"Salumi\"}]},{\"@type\":\"WebSite\",\"@id\":\"https:\/\/www.57reshotel.it\/es\/#website\",\"url\":\"https:\/\/www.57reshotel.it\/es\/\",\"name\":\"57ResHotel\",\"description\":\"Ecco un altro sito ms.decms.eu\",\"potentialAction\":[{\"@type\":\"SearchAction\",\"target\":{\"@type\":\"EntryPoint\",\"urlTemplate\":\"https:\/\/www.57reshotel.it\/es\/?s={search_term_string}\"},\"query-input\":{\"@type\":\"PropertyValueSpecification\",\"valueRequired\":true,\"valueName\":\"search_term_string\"}}],\"inLanguage\":\"es\"}]}<\/script>\n<!-- \/ Yoast SEO plugin. -->","yoast_head_json":{"title":"Salumi - 57ResHotel","robots":{"index":"index","follow":"follow","max-snippet":"max-snippet:-1","max-image-preview":"max-image-preview:large","max-video-preview":"max-video-preview:-1"},"canonical":"https:\/\/www.57reshotel.it\/es\/ubicacion\/enogastronomia\/salumi\/","og_locale":"es_ES","og_type":"article","og_title":"Salumi - 57ResHotel","og_description":"Todos los embutidos t\u00edpicos de Bergamo, cuando se comercializan, deben llevar una marca espec\u00edfica aprobada por el Comit\u00e9 italiano que garantiza la conformidad del producto con los requisitos espec\u00edficos establecidos por la ley.","og_url":"https:\/\/www.57reshotel.it\/es\/ubicacion\/enogastronomia\/salumi\/","og_site_name":"57ResHotel","twitter_card":"summary_large_image","schema":{"@context":"https:\/\/schema.org","@graph":[{"@type":"WebPage","@id":"https:\/\/www.57reshotel.it\/es\/ubicacion\/enogastronomia\/salumi\/","url":"https:\/\/www.57reshotel.it\/es\/ubicacion\/enogastronomia\/salumi\/","name":"Salumi - 57ResHotel","isPartOf":{"@id":"https:\/\/www.57reshotel.it\/es\/#website"},"datePublished":"2021-03-02T11:09:46+00:00","breadcrumb":{"@id":"https:\/\/www.57reshotel.it\/es\/ubicacion\/enogastronomia\/salumi\/#breadcrumb"},"inLanguage":"es","potentialAction":[{"@type":"ReadAction","target":["https:\/\/www.57reshotel.it\/es\/ubicacion\/enogastronomia\/salumi\/"]}]},{"@type":"BreadcrumbList","@id":"https:\/\/www.57reshotel.it\/es\/ubicacion\/enogastronomia\/salumi\/#breadcrumb","itemListElement":[{"@type":"ListItem","position":1,"name":"Home","item":"https:\/\/www.57reshotel.it\/es\/"},{"@type":"ListItem","position":2,"name":"Ubicacion","item":"https:\/\/www.57reshotel.it\/es\/ubicacion\/"},{"@type":"ListItem","position":3,"name":"Enogastronom\u00eda","item":"https:\/\/www.57reshotel.it\/es\/ubicacion\/enogastronomia\/"},{"@type":"ListItem","position":4,"name":"Salumi"}]},{"@type":"WebSite","@id":"https:\/\/www.57reshotel.it\/es\/#website","url":"https:\/\/www.57reshotel.it\/es\/","name":"57ResHotel","description":"Ecco un altro sito ms.decms.eu","potentialAction":[{"@type":"SearchAction","target":{"@type":"EntryPoint","urlTemplate":"https:\/\/www.57reshotel.it\/es\/?s={search_term_string}"},"query-input":{"@type":"PropertyValueSpecification","valueRequired":true,"valueName":"search_term_string"}}],"inLanguage":"es"}]}},"acf":[],"_links":{"self":[{"href":"https:\/\/www.57reshotel.it\/es\/wp-json\/wp\/v2\/pages\/342","targetHints":{"allow":["GET"]}}],"collection":[{"href":"https:\/\/www.57reshotel.it\/es\/wp-json\/wp\/v2\/pages"}],"about":[{"href":"https:\/\/www.57reshotel.it\/es\/wp-json\/wp\/v2\/types\/page"}],"author":[{"embeddable":true,"href":"https:\/\/www.57reshotel.it\/es\/wp-json\/wp\/v2\/users\/13"}],"replies":[{"embeddable":true,"href":"https:\/\/www.57reshotel.it\/es\/wp-json\/wp\/v2\/comments?post=342"}],"version-history":[{"count":0,"href":"https:\/\/www.57reshotel.it\/es\/wp-json\/wp\/v2\/pages\/342\/revisions"}],"up":[{"embeddable":true,"href":"https:\/\/www.57reshotel.it\/es\/wp-json\/wp\/v2\/pages\/334"}],"wp:attachment":[{"href":"https:\/\/www.57reshotel.it\/es\/wp-json\/wp\/v2\/media?parent=342"}],"curies":[{"name":"wp","href":"https:\/\/api.w.org\/{rel}","templated":true}]}}