{"id":346,"date":"2021-03-02T12:10:59","date_gmt":"2021-03-02T11:10:59","guid":{"rendered":"http:\/\/57reshotel.ms.decms.eu\/?page_id=346"},"modified":"2021-03-02T12:10:59","modified_gmt":"2021-03-02T11:10:59","slug":"casoncelli","status":"publish","type":"page","link":"https:\/\/www.57reshotel.it\/es\/ubicacion\/enogastronomia\/casoncelli\/","title":{"rendered":"Casoncelli"},"content":{"rendered":"<p>El casoncello es otro plato t\u00edpico de Bergamo.<\/p>\n<p>Se trata de una pasta rellena t\u00edpica de la Lombard\u00eda oriental, pero hay muchas variantes locales que, aunque son ligeramente diferentes entre s\u00ed, conservan algunas caracter\u00edsticas b\u00e1sicas: el relleno com\u00fan consiste en carne, queso grana padano y hierbas, mientras que la masa tiene forma de media luna.<\/p>\n","protected":false},"excerpt":{"rendered":"<p>El casoncello es otro plato t\u00edpico de Bergamo. Se trata de una pasta rellena t\u00edpica de la Lombard\u00eda oriental, pero hay muchas variantes locales que, aunque son ligeramente diferentes entre s\u00ed, conservan algunas caracter\u00edsticas b\u00e1sicas: el relleno com\u00fan consiste en carne, queso grana padano y hierbas, mientras que la masa tiene forma de media luna.<\/p>\n","protected":false},"author":13,"featured_media":0,"parent":334,"menu_order":60,"comment_status":"closed","ping_status":"closed","template":"","meta":{"footnotes":""},"class_list":["post-346","page","type-page","status-publish","hentry"],"yoast_head":"<!-- This site is optimized with the Yoast SEO plugin v26.9 - https:\/\/yoast.com\/product\/yoast-seo-wordpress\/ -->\n<title>Casoncelli - 57ResHotel<\/title>\n<meta name=\"robots\" content=\"index, follow, max-snippet:-1, max-image-preview:large, max-video-preview:-1\" \/>\n<link rel=\"canonical\" href=\"https:\/\/www.57reshotel.it\/es\/ubicacion\/enogastronomia\/casoncelli\/\" \/>\n<meta property=\"og:locale\" content=\"es_ES\" \/>\n<meta property=\"og:type\" content=\"article\" \/>\n<meta property=\"og:title\" content=\"Casoncelli - 57ResHotel\" \/>\n<meta property=\"og:description\" content=\"El casoncello es otro plato t\u00edpico de Bergamo. Se trata de una pasta rellena t\u00edpica de la Lombard\u00eda oriental, pero hay muchas variantes locales que, aunque son ligeramente diferentes entre s\u00ed, conservan algunas caracter\u00edsticas b\u00e1sicas: el relleno com\u00fan consiste en carne, queso grana padano y hierbas, mientras que la masa tiene forma de media luna.\" \/>\n<meta property=\"og:url\" content=\"https:\/\/www.57reshotel.it\/es\/ubicacion\/enogastronomia\/casoncelli\/\" \/>\n<meta property=\"og:site_name\" content=\"57ResHotel\" \/>\n<meta name=\"twitter:card\" content=\"summary_large_image\" \/>\n<script type=\"application\/ld+json\" class=\"yoast-schema-graph\">{\"@context\":\"https:\/\/schema.org\",\"@graph\":[{\"@type\":\"WebPage\",\"@id\":\"https:\/\/www.57reshotel.it\/es\/ubicacion\/enogastronomia\/casoncelli\/\",\"url\":\"https:\/\/www.57reshotel.it\/es\/ubicacion\/enogastronomia\/casoncelli\/\",\"name\":\"Casoncelli - 57ResHotel\",\"isPartOf\":{\"@id\":\"https:\/\/www.57reshotel.it\/es\/#website\"},\"datePublished\":\"2021-03-02T11:10:59+00:00\",\"breadcrumb\":{\"@id\":\"https:\/\/www.57reshotel.it\/es\/ubicacion\/enogastronomia\/casoncelli\/#breadcrumb\"},\"inLanguage\":\"es\",\"potentialAction\":[{\"@type\":\"ReadAction\",\"target\":[\"https:\/\/www.57reshotel.it\/es\/ubicacion\/enogastronomia\/casoncelli\/\"]}]},{\"@type\":\"BreadcrumbList\",\"@id\":\"https:\/\/www.57reshotel.it\/es\/ubicacion\/enogastronomia\/casoncelli\/#breadcrumb\",\"itemListElement\":[{\"@type\":\"ListItem\",\"position\":1,\"name\":\"Home\",\"item\":\"https:\/\/www.57reshotel.it\/es\/\"},{\"@type\":\"ListItem\",\"position\":2,\"name\":\"Ubicacion\",\"item\":\"https:\/\/www.57reshotel.it\/es\/ubicacion\/\"},{\"@type\":\"ListItem\",\"position\":3,\"name\":\"Enogastronom\u00eda\",\"item\":\"https:\/\/www.57reshotel.it\/es\/ubicacion\/enogastronomia\/\"},{\"@type\":\"ListItem\",\"position\":4,\"name\":\"Casoncelli\"}]},{\"@type\":\"WebSite\",\"@id\":\"https:\/\/www.57reshotel.it\/es\/#website\",\"url\":\"https:\/\/www.57reshotel.it\/es\/\",\"name\":\"57ResHotel\",\"description\":\"Ecco un altro sito ms.decms.eu\",\"potentialAction\":[{\"@type\":\"SearchAction\",\"target\":{\"@type\":\"EntryPoint\",\"urlTemplate\":\"https:\/\/www.57reshotel.it\/es\/?s={search_term_string}\"},\"query-input\":{\"@type\":\"PropertyValueSpecification\",\"valueRequired\":true,\"valueName\":\"search_term_string\"}}],\"inLanguage\":\"es\"}]}<\/script>\n<!-- \/ Yoast SEO plugin. -->","yoast_head_json":{"title":"Casoncelli - 57ResHotel","robots":{"index":"index","follow":"follow","max-snippet":"max-snippet:-1","max-image-preview":"max-image-preview:large","max-video-preview":"max-video-preview:-1"},"canonical":"https:\/\/www.57reshotel.it\/es\/ubicacion\/enogastronomia\/casoncelli\/","og_locale":"es_ES","og_type":"article","og_title":"Casoncelli - 57ResHotel","og_description":"El casoncello es otro plato t\u00edpico de Bergamo. Se trata de una pasta rellena t\u00edpica de la Lombard\u00eda oriental, pero hay muchas variantes locales que, aunque son ligeramente diferentes entre s\u00ed, conservan algunas caracter\u00edsticas b\u00e1sicas: el relleno com\u00fan consiste en carne, queso grana padano y hierbas, mientras que la masa tiene forma de media luna.","og_url":"https:\/\/www.57reshotel.it\/es\/ubicacion\/enogastronomia\/casoncelli\/","og_site_name":"57ResHotel","twitter_card":"summary_large_image","schema":{"@context":"https:\/\/schema.org","@graph":[{"@type":"WebPage","@id":"https:\/\/www.57reshotel.it\/es\/ubicacion\/enogastronomia\/casoncelli\/","url":"https:\/\/www.57reshotel.it\/es\/ubicacion\/enogastronomia\/casoncelli\/","name":"Casoncelli - 57ResHotel","isPartOf":{"@id":"https:\/\/www.57reshotel.it\/es\/#website"},"datePublished":"2021-03-02T11:10:59+00:00","breadcrumb":{"@id":"https:\/\/www.57reshotel.it\/es\/ubicacion\/enogastronomia\/casoncelli\/#breadcrumb"},"inLanguage":"es","potentialAction":[{"@type":"ReadAction","target":["https:\/\/www.57reshotel.it\/es\/ubicacion\/enogastronomia\/casoncelli\/"]}]},{"@type":"BreadcrumbList","@id":"https:\/\/www.57reshotel.it\/es\/ubicacion\/enogastronomia\/casoncelli\/#breadcrumb","itemListElement":[{"@type":"ListItem","position":1,"name":"Home","item":"https:\/\/www.57reshotel.it\/es\/"},{"@type":"ListItem","position":2,"name":"Ubicacion","item":"https:\/\/www.57reshotel.it\/es\/ubicacion\/"},{"@type":"ListItem","position":3,"name":"Enogastronom\u00eda","item":"https:\/\/www.57reshotel.it\/es\/ubicacion\/enogastronomia\/"},{"@type":"ListItem","position":4,"name":"Casoncelli"}]},{"@type":"WebSite","@id":"https:\/\/www.57reshotel.it\/es\/#website","url":"https:\/\/www.57reshotel.it\/es\/","name":"57ResHotel","description":"Ecco un altro sito ms.decms.eu","potentialAction":[{"@type":"SearchAction","target":{"@type":"EntryPoint","urlTemplate":"https:\/\/www.57reshotel.it\/es\/?s={search_term_string}"},"query-input":{"@type":"PropertyValueSpecification","valueRequired":true,"valueName":"search_term_string"}}],"inLanguage":"es"}]}},"acf":[],"_links":{"self":[{"href":"https:\/\/www.57reshotel.it\/es\/wp-json\/wp\/v2\/pages\/346","targetHints":{"allow":["GET"]}}],"collection":[{"href":"https:\/\/www.57reshotel.it\/es\/wp-json\/wp\/v2\/pages"}],"about":[{"href":"https:\/\/www.57reshotel.it\/es\/wp-json\/wp\/v2\/types\/page"}],"author":[{"embeddable":true,"href":"https:\/\/www.57reshotel.it\/es\/wp-json\/wp\/v2\/users\/13"}],"replies":[{"embeddable":true,"href":"https:\/\/www.57reshotel.it\/es\/wp-json\/wp\/v2\/comments?post=346"}],"version-history":[{"count":0,"href":"https:\/\/www.57reshotel.it\/es\/wp-json\/wp\/v2\/pages\/346\/revisions"}],"up":[{"embeddable":true,"href":"https:\/\/www.57reshotel.it\/es\/wp-json\/wp\/v2\/pages\/334"}],"wp:attachment":[{"href":"https:\/\/www.57reshotel.it\/es\/wp-json\/wp\/v2\/media?parent=346"}],"curies":[{"name":"wp","href":"https:\/\/api.w.org\/{rel}","templated":true}]}}