{"id":353,"date":"2021-03-02T12:14:05","date_gmt":"2021-03-02T11:14:05","guid":{"rendered":"http:\/\/57reshotel.ms.decms.eu\/?page_id=353"},"modified":"2021-03-02T12:14:05","modified_gmt":"2021-03-02T11:14:05","slug":"qc-san-pellegrino-spa","status":"publish","type":"page","link":"https:\/\/www.57reshotel.it\/es\/ubicacion\/alrededores\/qc-san-pellegrino-spa\/","title":{"rendered":"QC San Pellegrino Spa"},"content":{"rendered":"<p>Las antiguas curas termales dan paso, hoy, a una nueva forma de bienestar, abrazada por las maravillas del pasado, donde los frescos, las columnatas y los techos de principios del siglo XX se mezclan inesperadamente con la arquitectura y las instalaciones de dise\u00f1o moderno.<br \/>\nA s\u00f3lo veinticinco kil\u00f3metros de Bergamo, en medio del paisaje monta\u00f1oso de la Val Brembana, San Pellegrino se convirti\u00f3 en un centro tur\u00edstico de moda y muy popular en plena temporada de la irrepetible Belle Epoque.<br \/>\nYa a principios del siglo XX, San Pellegrino Terme estaba dotada de instalaciones y servicios que asombraban a los visitantes y contribu\u00edan a difundir su fama.<\/p>\n<p>El complejo del Casino data de 1904, con una entrada espectacular, una escalera monumental y hermosas salas, entre ellas el Salone delle Feste; junto a \u00e9l, las Terme (termas) inmersas en el verde, con salones y p\u00f3rticos en los que el despliegue de m\u00e1rmoles, mosaicos y espl\u00e9ndidas vidrieras se acompa\u00f1an de instalaciones sanitarias y servicios de vanguardia; m\u00e1s abajo, alineado a lo largo del r\u00edo Brembo, dominado por una fachada de 128 metros, se encuentra el colosal Grand Hotel, construido en 1905. El estilo liberty se asociaba al gusto y al placer de vivir de una sociedad cosmopolita.<\/p>\n","protected":false},"excerpt":{"rendered":"<p>Las antiguas curas termales dan paso, hoy, a una nueva forma de bienestar, abrazada por las maravillas del pasado, donde los frescos, las columnatas y los techos de principios del siglo XX se mezclan inesperadamente con la arquitectura y las instalaciones de dise\u00f1o moderno. A s\u00f3lo veinticinco kil\u00f3metros de Bergamo, en medio del paisaje monta\u00f1oso [&hellip;]<\/p>\n","protected":false},"author":13,"featured_media":0,"parent":348,"menu_order":20,"comment_status":"closed","ping_status":"closed","template":"","meta":{"footnotes":""},"class_list":["post-353","page","type-page","status-publish","hentry"],"yoast_head":"<!-- This site is optimized with the Yoast SEO plugin v26.9 - https:\/\/yoast.com\/product\/yoast-seo-wordpress\/ -->\n<title>QC San Pellegrino Spa - 57ResHotel<\/title>\n<meta name=\"robots\" content=\"index, follow, max-snippet:-1, max-image-preview:large, max-video-preview:-1\" \/>\n<link rel=\"canonical\" href=\"https:\/\/www.57reshotel.it\/es\/ubicacion\/alrededores\/qc-san-pellegrino-spa\/\" \/>\n<meta property=\"og:locale\" content=\"es_ES\" \/>\n<meta property=\"og:type\" content=\"article\" \/>\n<meta property=\"og:title\" content=\"QC San Pellegrino Spa - 57ResHotel\" \/>\n<meta property=\"og:description\" content=\"Las antiguas curas termales dan paso, hoy, a una nueva forma de bienestar, abrazada por las maravillas del pasado, donde los frescos, las columnatas y los techos de principios del siglo XX se mezclan inesperadamente con la arquitectura y las instalaciones de dise\u00f1o moderno. A s\u00f3lo veinticinco kil\u00f3metros de Bergamo, en medio del paisaje monta\u00f1oso [&hellip;]\" \/>\n<meta property=\"og:url\" content=\"https:\/\/www.57reshotel.it\/es\/ubicacion\/alrededores\/qc-san-pellegrino-spa\/\" \/>\n<meta property=\"og:site_name\" content=\"57ResHotel\" \/>\n<meta name=\"twitter:card\" content=\"summary_large_image\" \/>\n<meta name=\"twitter:label1\" content=\"Tiempo de lectura\" \/>\n\t<meta name=\"twitter:data1\" content=\"1 minuto\" \/>\n<script type=\"application\/ld+json\" class=\"yoast-schema-graph\">{\"@context\":\"https:\/\/schema.org\",\"@graph\":[{\"@type\":\"WebPage\",\"@id\":\"https:\/\/www.57reshotel.it\/es\/ubicacion\/alrededores\/qc-san-pellegrino-spa\/\",\"url\":\"https:\/\/www.57reshotel.it\/es\/ubicacion\/alrededores\/qc-san-pellegrino-spa\/\",\"name\":\"QC San Pellegrino Spa - 57ResHotel\",\"isPartOf\":{\"@id\":\"https:\/\/www.57reshotel.it\/es\/#website\"},\"datePublished\":\"2021-03-02T11:14:05+00:00\",\"breadcrumb\":{\"@id\":\"https:\/\/www.57reshotel.it\/es\/ubicacion\/alrededores\/qc-san-pellegrino-spa\/#breadcrumb\"},\"inLanguage\":\"es\",\"potentialAction\":[{\"@type\":\"ReadAction\",\"target\":[\"https:\/\/www.57reshotel.it\/es\/ubicacion\/alrededores\/qc-san-pellegrino-spa\/\"]}]},{\"@type\":\"BreadcrumbList\",\"@id\":\"https:\/\/www.57reshotel.it\/es\/ubicacion\/alrededores\/qc-san-pellegrino-spa\/#breadcrumb\",\"itemListElement\":[{\"@type\":\"ListItem\",\"position\":1,\"name\":\"Home\",\"item\":\"https:\/\/www.57reshotel.it\/es\/\"},{\"@type\":\"ListItem\",\"position\":2,\"name\":\"Ubicacion\",\"item\":\"https:\/\/www.57reshotel.it\/es\/ubicacion\/\"},{\"@type\":\"ListItem\",\"position\":3,\"name\":\"Alrededores\",\"item\":\"https:\/\/www.57reshotel.it\/es\/ubicacion\/alrededores\/\"},{\"@type\":\"ListItem\",\"position\":4,\"name\":\"QC San Pellegrino Spa\"}]},{\"@type\":\"WebSite\",\"@id\":\"https:\/\/www.57reshotel.it\/es\/#website\",\"url\":\"https:\/\/www.57reshotel.it\/es\/\",\"name\":\"57ResHotel\",\"description\":\"Ecco un altro sito ms.decms.eu\",\"potentialAction\":[{\"@type\":\"SearchAction\",\"target\":{\"@type\":\"EntryPoint\",\"urlTemplate\":\"https:\/\/www.57reshotel.it\/es\/?s={search_term_string}\"},\"query-input\":{\"@type\":\"PropertyValueSpecification\",\"valueRequired\":true,\"valueName\":\"search_term_string\"}}],\"inLanguage\":\"es\"}]}<\/script>\n<!-- \/ Yoast SEO plugin. -->","yoast_head_json":{"title":"QC San Pellegrino Spa - 57ResHotel","robots":{"index":"index","follow":"follow","max-snippet":"max-snippet:-1","max-image-preview":"max-image-preview:large","max-video-preview":"max-video-preview:-1"},"canonical":"https:\/\/www.57reshotel.it\/es\/ubicacion\/alrededores\/qc-san-pellegrino-spa\/","og_locale":"es_ES","og_type":"article","og_title":"QC San Pellegrino Spa - 57ResHotel","og_description":"Las antiguas curas termales dan paso, hoy, a una nueva forma de bienestar, abrazada por las maravillas del pasado, donde los frescos, las columnatas y los techos de principios del siglo XX se mezclan inesperadamente con la arquitectura y las instalaciones de dise\u00f1o moderno. A s\u00f3lo veinticinco kil\u00f3metros de Bergamo, en medio del paisaje monta\u00f1oso [&hellip;]","og_url":"https:\/\/www.57reshotel.it\/es\/ubicacion\/alrededores\/qc-san-pellegrino-spa\/","og_site_name":"57ResHotel","twitter_card":"summary_large_image","twitter_misc":{"Tiempo de lectura":"1 minuto"},"schema":{"@context":"https:\/\/schema.org","@graph":[{"@type":"WebPage","@id":"https:\/\/www.57reshotel.it\/es\/ubicacion\/alrededores\/qc-san-pellegrino-spa\/","url":"https:\/\/www.57reshotel.it\/es\/ubicacion\/alrededores\/qc-san-pellegrino-spa\/","name":"QC San Pellegrino Spa - 57ResHotel","isPartOf":{"@id":"https:\/\/www.57reshotel.it\/es\/#website"},"datePublished":"2021-03-02T11:14:05+00:00","breadcrumb":{"@id":"https:\/\/www.57reshotel.it\/es\/ubicacion\/alrededores\/qc-san-pellegrino-spa\/#breadcrumb"},"inLanguage":"es","potentialAction":[{"@type":"ReadAction","target":["https:\/\/www.57reshotel.it\/es\/ubicacion\/alrededores\/qc-san-pellegrino-spa\/"]}]},{"@type":"BreadcrumbList","@id":"https:\/\/www.57reshotel.it\/es\/ubicacion\/alrededores\/qc-san-pellegrino-spa\/#breadcrumb","itemListElement":[{"@type":"ListItem","position":1,"name":"Home","item":"https:\/\/www.57reshotel.it\/es\/"},{"@type":"ListItem","position":2,"name":"Ubicacion","item":"https:\/\/www.57reshotel.it\/es\/ubicacion\/"},{"@type":"ListItem","position":3,"name":"Alrededores","item":"https:\/\/www.57reshotel.it\/es\/ubicacion\/alrededores\/"},{"@type":"ListItem","position":4,"name":"QC San Pellegrino Spa"}]},{"@type":"WebSite","@id":"https:\/\/www.57reshotel.it\/es\/#website","url":"https:\/\/www.57reshotel.it\/es\/","name":"57ResHotel","description":"Ecco un altro sito ms.decms.eu","potentialAction":[{"@type":"SearchAction","target":{"@type":"EntryPoint","urlTemplate":"https:\/\/www.57reshotel.it\/es\/?s={search_term_string}"},"query-input":{"@type":"PropertyValueSpecification","valueRequired":true,"valueName":"search_term_string"}}],"inLanguage":"es"}]}},"acf":[],"_links":{"self":[{"href":"https:\/\/www.57reshotel.it\/es\/wp-json\/wp\/v2\/pages\/353","targetHints":{"allow":["GET"]}}],"collection":[{"href":"https:\/\/www.57reshotel.it\/es\/wp-json\/wp\/v2\/pages"}],"about":[{"href":"https:\/\/www.57reshotel.it\/es\/wp-json\/wp\/v2\/types\/page"}],"author":[{"embeddable":true,"href":"https:\/\/www.57reshotel.it\/es\/wp-json\/wp\/v2\/users\/13"}],"replies":[{"embeddable":true,"href":"https:\/\/www.57reshotel.it\/es\/wp-json\/wp\/v2\/comments?post=353"}],"version-history":[{"count":0,"href":"https:\/\/www.57reshotel.it\/es\/wp-json\/wp\/v2\/pages\/353\/revisions"}],"up":[{"embeddable":true,"href":"https:\/\/www.57reshotel.it\/es\/wp-json\/wp\/v2\/pages\/348"}],"wp:attachment":[{"href":"https:\/\/www.57reshotel.it\/es\/wp-json\/wp\/v2\/media?parent=353"}],"curies":[{"name":"wp","href":"https:\/\/api.w.org\/{rel}","templated":true}]}}