{"id":355,"date":"2021-03-02T12:14:41","date_gmt":"2021-03-02T11:14:41","guid":{"rendered":"http:\/\/57reshotel.ms.decms.eu\/?page_id=355"},"modified":"2021-03-02T12:14:41","modified_gmt":"2021-03-02T11:14:41","slug":"leolandia","status":"publish","type":"page","link":"https:\/\/www.57reshotel.it\/es\/ubicacion\/alrededores\/leolandia\/","title":{"rendered":"Leolandia"},"content":{"rendered":"<p>Rodeado de un gran parque verde con diferentes zonas tem\u00e1ticas y multitud de atracciones aptas para todas las edades, Leolandia es el destino ideal para pasar un d\u00eda de diversi\u00f3n en familia y el lugar donde los sue\u00f1os de los ni\u00f1os se hacen realidad.<\/p>\n<p>Leolandia es el destino ideal para pasar un d\u00eda de diversi\u00f3n en familia y un lugar donde los sue\u00f1os de los ni\u00f1os se hacen realidad. Emocionantes espect\u00e1culos con bailarines y acr\u00f3batas internacionales, as\u00ed como un mont\u00f3n de aventuras entre piratas y vaqueros, animaciones itinerantes y paseos en temerarios barcos piratas, locos trenes del oeste, ca\u00f1ones llenos de adrenalina, incre\u00edbles m\u00e1quinas voladoras y refrescantes atracciones acu\u00e1ticas para pasar los calurosos d\u00edas de verano. En primer lugar, La Baia dei Piccoli Surfisti (La Bah\u00eda de los Peque\u00f1os Surfistas), la nueva zona de estilo playero, el lugar ideal para jugar entre zonas de juego secas y h\u00famedas, el gran faro desde el que puedes deslizarte hasta la orilla, el estanque con juegos de agua y la zona de juegos con charcos el\u00e1sticos.<\/p>\n<p>Para los amantes de los descubrimientos, tambi\u00e9n pueden visitar la granja y la Minitalia hist\u00f3rica, para un viaje por nuestra pen\u00ednsula entre 160 monumentos en miniatura perfectamente reproducidos.<\/p>\n","protected":false},"excerpt":{"rendered":"<p>Rodeado de un gran parque verde con diferentes zonas tem\u00e1ticas y multitud de atracciones aptas para todas las edades, Leolandia es el destino ideal para pasar un d\u00eda de diversi\u00f3n en familia y el lugar donde los sue\u00f1os de los ni\u00f1os se hacen realidad. Leolandia es el destino ideal para pasar un d\u00eda de diversi\u00f3n [&hellip;]<\/p>\n","protected":false},"author":13,"featured_media":0,"parent":348,"menu_order":30,"comment_status":"closed","ping_status":"closed","template":"","meta":{"footnotes":""},"class_list":["post-355","page","type-page","status-publish","hentry"],"yoast_head":"<!-- This site is optimized with the Yoast SEO plugin v26.9 - https:\/\/yoast.com\/product\/yoast-seo-wordpress\/ -->\n<title>Leolandia - 57ResHotel<\/title>\n<meta name=\"robots\" content=\"index, follow, max-snippet:-1, max-image-preview:large, max-video-preview:-1\" \/>\n<link rel=\"canonical\" href=\"https:\/\/www.57reshotel.it\/es\/ubicacion\/alrededores\/leolandia\/\" \/>\n<meta property=\"og:locale\" content=\"es_ES\" \/>\n<meta property=\"og:type\" content=\"article\" \/>\n<meta property=\"og:title\" content=\"Leolandia - 57ResHotel\" \/>\n<meta property=\"og:description\" content=\"Rodeado de un gran parque verde con diferentes zonas tem\u00e1ticas y multitud de atracciones aptas para todas las edades, Leolandia es el destino ideal para pasar un d\u00eda de diversi\u00f3n en familia y el lugar donde los sue\u00f1os de los ni\u00f1os se hacen realidad. Leolandia es el destino ideal para pasar un d\u00eda de diversi\u00f3n [&hellip;]\" \/>\n<meta property=\"og:url\" content=\"https:\/\/www.57reshotel.it\/es\/ubicacion\/alrededores\/leolandia\/\" \/>\n<meta property=\"og:site_name\" content=\"57ResHotel\" \/>\n<meta name=\"twitter:card\" content=\"summary_large_image\" \/>\n<meta name=\"twitter:label1\" content=\"Tiempo de lectura\" \/>\n\t<meta name=\"twitter:data1\" content=\"1 minuto\" \/>\n<script type=\"application\/ld+json\" class=\"yoast-schema-graph\">{\"@context\":\"https:\/\/schema.org\",\"@graph\":[{\"@type\":\"WebPage\",\"@id\":\"https:\/\/www.57reshotel.it\/es\/ubicacion\/alrededores\/leolandia\/\",\"url\":\"https:\/\/www.57reshotel.it\/es\/ubicacion\/alrededores\/leolandia\/\",\"name\":\"Leolandia - 57ResHotel\",\"isPartOf\":{\"@id\":\"https:\/\/www.57reshotel.it\/es\/#website\"},\"datePublished\":\"2021-03-02T11:14:41+00:00\",\"breadcrumb\":{\"@id\":\"https:\/\/www.57reshotel.it\/es\/ubicacion\/alrededores\/leolandia\/#breadcrumb\"},\"inLanguage\":\"es\",\"potentialAction\":[{\"@type\":\"ReadAction\",\"target\":[\"https:\/\/www.57reshotel.it\/es\/ubicacion\/alrededores\/leolandia\/\"]}]},{\"@type\":\"BreadcrumbList\",\"@id\":\"https:\/\/www.57reshotel.it\/es\/ubicacion\/alrededores\/leolandia\/#breadcrumb\",\"itemListElement\":[{\"@type\":\"ListItem\",\"position\":1,\"name\":\"Home\",\"item\":\"https:\/\/www.57reshotel.it\/es\/\"},{\"@type\":\"ListItem\",\"position\":2,\"name\":\"Ubicacion\",\"item\":\"https:\/\/www.57reshotel.it\/es\/ubicacion\/\"},{\"@type\":\"ListItem\",\"position\":3,\"name\":\"Alrededores\",\"item\":\"https:\/\/www.57reshotel.it\/es\/ubicacion\/alrededores\/\"},{\"@type\":\"ListItem\",\"position\":4,\"name\":\"Leolandia\"}]},{\"@type\":\"WebSite\",\"@id\":\"https:\/\/www.57reshotel.it\/es\/#website\",\"url\":\"https:\/\/www.57reshotel.it\/es\/\",\"name\":\"57ResHotel\",\"description\":\"Ecco un altro sito ms.decms.eu\",\"potentialAction\":[{\"@type\":\"SearchAction\",\"target\":{\"@type\":\"EntryPoint\",\"urlTemplate\":\"https:\/\/www.57reshotel.it\/es\/?s={search_term_string}\"},\"query-input\":{\"@type\":\"PropertyValueSpecification\",\"valueRequired\":true,\"valueName\":\"search_term_string\"}}],\"inLanguage\":\"es\"}]}<\/script>\n<!-- \/ Yoast SEO plugin. -->","yoast_head_json":{"title":"Leolandia - 57ResHotel","robots":{"index":"index","follow":"follow","max-snippet":"max-snippet:-1","max-image-preview":"max-image-preview:large","max-video-preview":"max-video-preview:-1"},"canonical":"https:\/\/www.57reshotel.it\/es\/ubicacion\/alrededores\/leolandia\/","og_locale":"es_ES","og_type":"article","og_title":"Leolandia - 57ResHotel","og_description":"Rodeado de un gran parque verde con diferentes zonas tem\u00e1ticas y multitud de atracciones aptas para todas las edades, Leolandia es el destino ideal para pasar un d\u00eda de diversi\u00f3n en familia y el lugar donde los sue\u00f1os de los ni\u00f1os se hacen realidad. Leolandia es el destino ideal para pasar un d\u00eda de diversi\u00f3n [&hellip;]","og_url":"https:\/\/www.57reshotel.it\/es\/ubicacion\/alrededores\/leolandia\/","og_site_name":"57ResHotel","twitter_card":"summary_large_image","twitter_misc":{"Tiempo de lectura":"1 minuto"},"schema":{"@context":"https:\/\/schema.org","@graph":[{"@type":"WebPage","@id":"https:\/\/www.57reshotel.it\/es\/ubicacion\/alrededores\/leolandia\/","url":"https:\/\/www.57reshotel.it\/es\/ubicacion\/alrededores\/leolandia\/","name":"Leolandia - 57ResHotel","isPartOf":{"@id":"https:\/\/www.57reshotel.it\/es\/#website"},"datePublished":"2021-03-02T11:14:41+00:00","breadcrumb":{"@id":"https:\/\/www.57reshotel.it\/es\/ubicacion\/alrededores\/leolandia\/#breadcrumb"},"inLanguage":"es","potentialAction":[{"@type":"ReadAction","target":["https:\/\/www.57reshotel.it\/es\/ubicacion\/alrededores\/leolandia\/"]}]},{"@type":"BreadcrumbList","@id":"https:\/\/www.57reshotel.it\/es\/ubicacion\/alrededores\/leolandia\/#breadcrumb","itemListElement":[{"@type":"ListItem","position":1,"name":"Home","item":"https:\/\/www.57reshotel.it\/es\/"},{"@type":"ListItem","position":2,"name":"Ubicacion","item":"https:\/\/www.57reshotel.it\/es\/ubicacion\/"},{"@type":"ListItem","position":3,"name":"Alrededores","item":"https:\/\/www.57reshotel.it\/es\/ubicacion\/alrededores\/"},{"@type":"ListItem","position":4,"name":"Leolandia"}]},{"@type":"WebSite","@id":"https:\/\/www.57reshotel.it\/es\/#website","url":"https:\/\/www.57reshotel.it\/es\/","name":"57ResHotel","description":"Ecco un altro sito ms.decms.eu","potentialAction":[{"@type":"SearchAction","target":{"@type":"EntryPoint","urlTemplate":"https:\/\/www.57reshotel.it\/es\/?s={search_term_string}"},"query-input":{"@type":"PropertyValueSpecification","valueRequired":true,"valueName":"search_term_string"}}],"inLanguage":"es"}]}},"acf":[],"_links":{"self":[{"href":"https:\/\/www.57reshotel.it\/es\/wp-json\/wp\/v2\/pages\/355","targetHints":{"allow":["GET"]}}],"collection":[{"href":"https:\/\/www.57reshotel.it\/es\/wp-json\/wp\/v2\/pages"}],"about":[{"href":"https:\/\/www.57reshotel.it\/es\/wp-json\/wp\/v2\/types\/page"}],"author":[{"embeddable":true,"href":"https:\/\/www.57reshotel.it\/es\/wp-json\/wp\/v2\/users\/13"}],"replies":[{"embeddable":true,"href":"https:\/\/www.57reshotel.it\/es\/wp-json\/wp\/v2\/comments?post=355"}],"version-history":[{"count":0,"href":"https:\/\/www.57reshotel.it\/es\/wp-json\/wp\/v2\/pages\/355\/revisions"}],"up":[{"embeddable":true,"href":"https:\/\/www.57reshotel.it\/es\/wp-json\/wp\/v2\/pages\/348"}],"wp:attachment":[{"href":"https:\/\/www.57reshotel.it\/es\/wp-json\/wp\/v2\/media?parent=355"}],"curies":[{"name":"wp","href":"https:\/\/api.w.org\/{rel}","templated":true}]}}