{"id":359,"date":"2021-03-02T12:15:42","date_gmt":"2021-03-02T11:15:42","guid":{"rendered":"http:\/\/57reshotel.ms.decms.eu\/?page_id=359"},"modified":"2021-03-02T12:15:42","modified_gmt":"2021-03-02T11:15:42","slug":"lago-de-garda","status":"publish","type":"page","link":"https:\/\/www.57reshotel.it\/es\/ubicacion\/alrededores\/lago-de-garda\/","title":{"rendered":"Lago de Garda"},"content":{"rendered":"<p>Llamar lago a Garda es un poco limitado, ya que es el mayor lago italiano con una superficie de 370 kil\u00f3metros cuadrados. Ser\u00eda justo considerarlo un mar entre las monta\u00f1as, porque esta es la sensaci\u00f3n que se tiene al mirarlo: en cualquier direcci\u00f3n que se mire, no se ven los l\u00edmites. De hecho, el lago de Garda ba\u00f1a tres regiones italianas: Lombard\u00eda, V\u00e9neto y Trentino-Alto Adigio, ofreciendo una extraordinaria variedad de paisajes.<\/p>\n<p>Desde monta\u00f1as nevadas, pasando por colinas onduladas, hasta peque\u00f1os pueblos en las orillas, incluyendo algunas islas en medio del lago, el lago de Garda es un destino que puede satisfacer a todos, durante todo el a\u00f1o.<\/p>\n","protected":false},"excerpt":{"rendered":"<p>Llamar lago a Garda es un poco limitado, ya que es el mayor lago italiano con una superficie de 370 kil\u00f3metros cuadrados. Ser\u00eda justo considerarlo un mar entre las monta\u00f1as, porque esta es la sensaci\u00f3n que se tiene al mirarlo: en cualquier direcci\u00f3n que se mire, no se ven los l\u00edmites. De hecho, el lago [&hellip;]<\/p>\n","protected":false},"author":13,"featured_media":0,"parent":348,"menu_order":50,"comment_status":"closed","ping_status":"closed","template":"","meta":{"footnotes":""},"class_list":["post-359","page","type-page","status-publish","hentry"],"yoast_head":"<!-- This site is optimized with the Yoast SEO plugin v26.9 - https:\/\/yoast.com\/product\/yoast-seo-wordpress\/ -->\n<title>Lago de Garda - 57ResHotel<\/title>\n<meta name=\"robots\" content=\"index, follow, max-snippet:-1, max-image-preview:large, max-video-preview:-1\" \/>\n<link rel=\"canonical\" href=\"https:\/\/www.57reshotel.it\/es\/ubicacion\/alrededores\/lago-de-garda\/\" \/>\n<meta property=\"og:locale\" content=\"es_ES\" \/>\n<meta property=\"og:type\" content=\"article\" \/>\n<meta property=\"og:title\" content=\"Lago de Garda - 57ResHotel\" \/>\n<meta property=\"og:description\" content=\"Llamar lago a Garda es un poco limitado, ya que es el mayor lago italiano con una superficie de 370 kil\u00f3metros cuadrados. Ser\u00eda justo considerarlo un mar entre las monta\u00f1as, porque esta es la sensaci\u00f3n que se tiene al mirarlo: en cualquier direcci\u00f3n que se mire, no se ven los l\u00edmites. De hecho, el lago [&hellip;]\" \/>\n<meta property=\"og:url\" content=\"https:\/\/www.57reshotel.it\/es\/ubicacion\/alrededores\/lago-de-garda\/\" \/>\n<meta property=\"og:site_name\" content=\"57ResHotel\" \/>\n<meta name=\"twitter:card\" content=\"summary_large_image\" \/>\n<meta name=\"twitter:label1\" content=\"Tiempo de lectura\" \/>\n\t<meta name=\"twitter:data1\" content=\"1 minuto\" \/>\n<script type=\"application\/ld+json\" class=\"yoast-schema-graph\">{\"@context\":\"https:\/\/schema.org\",\"@graph\":[{\"@type\":\"WebPage\",\"@id\":\"https:\/\/www.57reshotel.it\/es\/ubicacion\/alrededores\/lago-de-garda\/\",\"url\":\"https:\/\/www.57reshotel.it\/es\/ubicacion\/alrededores\/lago-de-garda\/\",\"name\":\"Lago de Garda - 57ResHotel\",\"isPartOf\":{\"@id\":\"https:\/\/www.57reshotel.it\/es\/#website\"},\"datePublished\":\"2021-03-02T11:15:42+00:00\",\"breadcrumb\":{\"@id\":\"https:\/\/www.57reshotel.it\/es\/ubicacion\/alrededores\/lago-de-garda\/#breadcrumb\"},\"inLanguage\":\"es\",\"potentialAction\":[{\"@type\":\"ReadAction\",\"target\":[\"https:\/\/www.57reshotel.it\/es\/ubicacion\/alrededores\/lago-de-garda\/\"]}]},{\"@type\":\"BreadcrumbList\",\"@id\":\"https:\/\/www.57reshotel.it\/es\/ubicacion\/alrededores\/lago-de-garda\/#breadcrumb\",\"itemListElement\":[{\"@type\":\"ListItem\",\"position\":1,\"name\":\"Home\",\"item\":\"https:\/\/www.57reshotel.it\/es\/\"},{\"@type\":\"ListItem\",\"position\":2,\"name\":\"Ubicacion\",\"item\":\"https:\/\/www.57reshotel.it\/es\/ubicacion\/\"},{\"@type\":\"ListItem\",\"position\":3,\"name\":\"Alrededores\",\"item\":\"https:\/\/www.57reshotel.it\/es\/ubicacion\/alrededores\/\"},{\"@type\":\"ListItem\",\"position\":4,\"name\":\"Lago de Garda\"}]},{\"@type\":\"WebSite\",\"@id\":\"https:\/\/www.57reshotel.it\/es\/#website\",\"url\":\"https:\/\/www.57reshotel.it\/es\/\",\"name\":\"57ResHotel\",\"description\":\"Ecco un altro sito ms.decms.eu\",\"potentialAction\":[{\"@type\":\"SearchAction\",\"target\":{\"@type\":\"EntryPoint\",\"urlTemplate\":\"https:\/\/www.57reshotel.it\/es\/?s={search_term_string}\"},\"query-input\":{\"@type\":\"PropertyValueSpecification\",\"valueRequired\":true,\"valueName\":\"search_term_string\"}}],\"inLanguage\":\"es\"}]}<\/script>\n<!-- \/ Yoast SEO plugin. -->","yoast_head_json":{"title":"Lago de Garda - 57ResHotel","robots":{"index":"index","follow":"follow","max-snippet":"max-snippet:-1","max-image-preview":"max-image-preview:large","max-video-preview":"max-video-preview:-1"},"canonical":"https:\/\/www.57reshotel.it\/es\/ubicacion\/alrededores\/lago-de-garda\/","og_locale":"es_ES","og_type":"article","og_title":"Lago de Garda - 57ResHotel","og_description":"Llamar lago a Garda es un poco limitado, ya que es el mayor lago italiano con una superficie de 370 kil\u00f3metros cuadrados. Ser\u00eda justo considerarlo un mar entre las monta\u00f1as, porque esta es la sensaci\u00f3n que se tiene al mirarlo: en cualquier direcci\u00f3n que se mire, no se ven los l\u00edmites. De hecho, el lago [&hellip;]","og_url":"https:\/\/www.57reshotel.it\/es\/ubicacion\/alrededores\/lago-de-garda\/","og_site_name":"57ResHotel","twitter_card":"summary_large_image","twitter_misc":{"Tiempo de lectura":"1 minuto"},"schema":{"@context":"https:\/\/schema.org","@graph":[{"@type":"WebPage","@id":"https:\/\/www.57reshotel.it\/es\/ubicacion\/alrededores\/lago-de-garda\/","url":"https:\/\/www.57reshotel.it\/es\/ubicacion\/alrededores\/lago-de-garda\/","name":"Lago de Garda - 57ResHotel","isPartOf":{"@id":"https:\/\/www.57reshotel.it\/es\/#website"},"datePublished":"2021-03-02T11:15:42+00:00","breadcrumb":{"@id":"https:\/\/www.57reshotel.it\/es\/ubicacion\/alrededores\/lago-de-garda\/#breadcrumb"},"inLanguage":"es","potentialAction":[{"@type":"ReadAction","target":["https:\/\/www.57reshotel.it\/es\/ubicacion\/alrededores\/lago-de-garda\/"]}]},{"@type":"BreadcrumbList","@id":"https:\/\/www.57reshotel.it\/es\/ubicacion\/alrededores\/lago-de-garda\/#breadcrumb","itemListElement":[{"@type":"ListItem","position":1,"name":"Home","item":"https:\/\/www.57reshotel.it\/es\/"},{"@type":"ListItem","position":2,"name":"Ubicacion","item":"https:\/\/www.57reshotel.it\/es\/ubicacion\/"},{"@type":"ListItem","position":3,"name":"Alrededores","item":"https:\/\/www.57reshotel.it\/es\/ubicacion\/alrededores\/"},{"@type":"ListItem","position":4,"name":"Lago de Garda"}]},{"@type":"WebSite","@id":"https:\/\/www.57reshotel.it\/es\/#website","url":"https:\/\/www.57reshotel.it\/es\/","name":"57ResHotel","description":"Ecco un altro sito ms.decms.eu","potentialAction":[{"@type":"SearchAction","target":{"@type":"EntryPoint","urlTemplate":"https:\/\/www.57reshotel.it\/es\/?s={search_term_string}"},"query-input":{"@type":"PropertyValueSpecification","valueRequired":true,"valueName":"search_term_string"}}],"inLanguage":"es"}]}},"acf":[],"_links":{"self":[{"href":"https:\/\/www.57reshotel.it\/es\/wp-json\/wp\/v2\/pages\/359","targetHints":{"allow":["GET"]}}],"collection":[{"href":"https:\/\/www.57reshotel.it\/es\/wp-json\/wp\/v2\/pages"}],"about":[{"href":"https:\/\/www.57reshotel.it\/es\/wp-json\/wp\/v2\/types\/page"}],"author":[{"embeddable":true,"href":"https:\/\/www.57reshotel.it\/es\/wp-json\/wp\/v2\/users\/13"}],"replies":[{"embeddable":true,"href":"https:\/\/www.57reshotel.it\/es\/wp-json\/wp\/v2\/comments?post=359"}],"version-history":[{"count":0,"href":"https:\/\/www.57reshotel.it\/es\/wp-json\/wp\/v2\/pages\/359\/revisions"}],"up":[{"embeddable":true,"href":"https:\/\/www.57reshotel.it\/es\/wp-json\/wp\/v2\/pages\/348"}],"wp:attachment":[{"href":"https:\/\/www.57reshotel.it\/es\/wp-json\/wp\/v2\/media?parent=359"}],"curies":[{"name":"wp","href":"https:\/\/api.w.org\/{rel}","templated":true}]}}