{"id":361,"date":"2021-03-02T12:16:03","date_gmt":"2021-03-02T11:16:03","guid":{"rendered":"http:\/\/57reshotel.ms.decms.eu\/?page_id=361"},"modified":"2021-03-02T12:16:03","modified_gmt":"2021-03-02T11:16:03","slug":"franciacorta","status":"publish","type":"page","link":"https:\/\/www.57reshotel.it\/es\/ubicacion\/alrededores\/franciacorta\/","title":{"rendered":"Franciacorta"},"content":{"rendered":"<p>En las afueras de Brescia hay una tierra que desprende br\u00edo en cada vi\u00f1edo. Estamos en Franciacorta, donde la experiencia del vino es imprescindible. Entre hileras de vi\u00f1as y colinas onduladas, pueblos medievales y villas nobles, un viaje para descubrir la historia y los secretos de este pa\u00f1uelo verde que dio origen al primer vino espumoso de m\u00e9todo cl\u00e1sico.<\/p>\n","protected":false},"excerpt":{"rendered":"<p>En las afueras de Brescia hay una tierra que desprende br\u00edo en cada vi\u00f1edo. Estamos en Franciacorta, donde la experiencia del vino es imprescindible. Entre hileras de vi\u00f1as y colinas onduladas, pueblos medievales y villas nobles, un viaje para descubrir la historia y los secretos de este pa\u00f1uelo verde que dio origen al primer vino [&hellip;]<\/p>\n","protected":false},"author":13,"featured_media":0,"parent":348,"menu_order":60,"comment_status":"closed","ping_status":"closed","template":"","meta":{"footnotes":""},"class_list":["post-361","page","type-page","status-publish","hentry"],"yoast_head":"<!-- This site is optimized with the Yoast SEO plugin v26.9 - https:\/\/yoast.com\/product\/yoast-seo-wordpress\/ -->\n<title>Franciacorta - 57ResHotel<\/title>\n<meta name=\"robots\" content=\"index, follow, max-snippet:-1, max-image-preview:large, max-video-preview:-1\" \/>\n<link rel=\"canonical\" href=\"https:\/\/www.57reshotel.it\/es\/ubicacion\/alrededores\/franciacorta\/\" \/>\n<meta property=\"og:locale\" content=\"es_ES\" \/>\n<meta property=\"og:type\" content=\"article\" \/>\n<meta property=\"og:title\" content=\"Franciacorta - 57ResHotel\" \/>\n<meta property=\"og:description\" content=\"En las afueras de Brescia hay una tierra que desprende br\u00edo en cada vi\u00f1edo. Estamos en Franciacorta, donde la experiencia del vino es imprescindible. Entre hileras de vi\u00f1as y colinas onduladas, pueblos medievales y villas nobles, un viaje para descubrir la historia y los secretos de este pa\u00f1uelo verde que dio origen al primer vino [&hellip;]\" \/>\n<meta property=\"og:url\" content=\"https:\/\/www.57reshotel.it\/es\/ubicacion\/alrededores\/franciacorta\/\" \/>\n<meta property=\"og:site_name\" content=\"57ResHotel\" \/>\n<meta name=\"twitter:card\" content=\"summary_large_image\" \/>\n<script type=\"application\/ld+json\" class=\"yoast-schema-graph\">{\"@context\":\"https:\/\/schema.org\",\"@graph\":[{\"@type\":\"WebPage\",\"@id\":\"https:\/\/www.57reshotel.it\/es\/ubicacion\/alrededores\/franciacorta\/\",\"url\":\"https:\/\/www.57reshotel.it\/es\/ubicacion\/alrededores\/franciacorta\/\",\"name\":\"Franciacorta - 57ResHotel\",\"isPartOf\":{\"@id\":\"https:\/\/www.57reshotel.it\/es\/#website\"},\"datePublished\":\"2021-03-02T11:16:03+00:00\",\"breadcrumb\":{\"@id\":\"https:\/\/www.57reshotel.it\/es\/ubicacion\/alrededores\/franciacorta\/#breadcrumb\"},\"inLanguage\":\"es\",\"potentialAction\":[{\"@type\":\"ReadAction\",\"target\":[\"https:\/\/www.57reshotel.it\/es\/ubicacion\/alrededores\/franciacorta\/\"]}]},{\"@type\":\"BreadcrumbList\",\"@id\":\"https:\/\/www.57reshotel.it\/es\/ubicacion\/alrededores\/franciacorta\/#breadcrumb\",\"itemListElement\":[{\"@type\":\"ListItem\",\"position\":1,\"name\":\"Home\",\"item\":\"https:\/\/www.57reshotel.it\/es\/\"},{\"@type\":\"ListItem\",\"position\":2,\"name\":\"Ubicacion\",\"item\":\"https:\/\/www.57reshotel.it\/es\/ubicacion\/\"},{\"@type\":\"ListItem\",\"position\":3,\"name\":\"Alrededores\",\"item\":\"https:\/\/www.57reshotel.it\/es\/ubicacion\/alrededores\/\"},{\"@type\":\"ListItem\",\"position\":4,\"name\":\"Franciacorta\"}]},{\"@type\":\"WebSite\",\"@id\":\"https:\/\/www.57reshotel.it\/es\/#website\",\"url\":\"https:\/\/www.57reshotel.it\/es\/\",\"name\":\"57ResHotel\",\"description\":\"Ecco un altro sito ms.decms.eu\",\"potentialAction\":[{\"@type\":\"SearchAction\",\"target\":{\"@type\":\"EntryPoint\",\"urlTemplate\":\"https:\/\/www.57reshotel.it\/es\/?s={search_term_string}\"},\"query-input\":{\"@type\":\"PropertyValueSpecification\",\"valueRequired\":true,\"valueName\":\"search_term_string\"}}],\"inLanguage\":\"es\"}]}<\/script>\n<!-- \/ Yoast SEO plugin. -->","yoast_head_json":{"title":"Franciacorta - 57ResHotel","robots":{"index":"index","follow":"follow","max-snippet":"max-snippet:-1","max-image-preview":"max-image-preview:large","max-video-preview":"max-video-preview:-1"},"canonical":"https:\/\/www.57reshotel.it\/es\/ubicacion\/alrededores\/franciacorta\/","og_locale":"es_ES","og_type":"article","og_title":"Franciacorta - 57ResHotel","og_description":"En las afueras de Brescia hay una tierra que desprende br\u00edo en cada vi\u00f1edo. Estamos en Franciacorta, donde la experiencia del vino es imprescindible. Entre hileras de vi\u00f1as y colinas onduladas, pueblos medievales y villas nobles, un viaje para descubrir la historia y los secretos de este pa\u00f1uelo verde que dio origen al primer vino [&hellip;]","og_url":"https:\/\/www.57reshotel.it\/es\/ubicacion\/alrededores\/franciacorta\/","og_site_name":"57ResHotel","twitter_card":"summary_large_image","schema":{"@context":"https:\/\/schema.org","@graph":[{"@type":"WebPage","@id":"https:\/\/www.57reshotel.it\/es\/ubicacion\/alrededores\/franciacorta\/","url":"https:\/\/www.57reshotel.it\/es\/ubicacion\/alrededores\/franciacorta\/","name":"Franciacorta - 57ResHotel","isPartOf":{"@id":"https:\/\/www.57reshotel.it\/es\/#website"},"datePublished":"2021-03-02T11:16:03+00:00","breadcrumb":{"@id":"https:\/\/www.57reshotel.it\/es\/ubicacion\/alrededores\/franciacorta\/#breadcrumb"},"inLanguage":"es","potentialAction":[{"@type":"ReadAction","target":["https:\/\/www.57reshotel.it\/es\/ubicacion\/alrededores\/franciacorta\/"]}]},{"@type":"BreadcrumbList","@id":"https:\/\/www.57reshotel.it\/es\/ubicacion\/alrededores\/franciacorta\/#breadcrumb","itemListElement":[{"@type":"ListItem","position":1,"name":"Home","item":"https:\/\/www.57reshotel.it\/es\/"},{"@type":"ListItem","position":2,"name":"Ubicacion","item":"https:\/\/www.57reshotel.it\/es\/ubicacion\/"},{"@type":"ListItem","position":3,"name":"Alrededores","item":"https:\/\/www.57reshotel.it\/es\/ubicacion\/alrededores\/"},{"@type":"ListItem","position":4,"name":"Franciacorta"}]},{"@type":"WebSite","@id":"https:\/\/www.57reshotel.it\/es\/#website","url":"https:\/\/www.57reshotel.it\/es\/","name":"57ResHotel","description":"Ecco un altro sito ms.decms.eu","potentialAction":[{"@type":"SearchAction","target":{"@type":"EntryPoint","urlTemplate":"https:\/\/www.57reshotel.it\/es\/?s={search_term_string}"},"query-input":{"@type":"PropertyValueSpecification","valueRequired":true,"valueName":"search_term_string"}}],"inLanguage":"es"}]}},"acf":[],"_links":{"self":[{"href":"https:\/\/www.57reshotel.it\/es\/wp-json\/wp\/v2\/pages\/361","targetHints":{"allow":["GET"]}}],"collection":[{"href":"https:\/\/www.57reshotel.it\/es\/wp-json\/wp\/v2\/pages"}],"about":[{"href":"https:\/\/www.57reshotel.it\/es\/wp-json\/wp\/v2\/types\/page"}],"author":[{"embeddable":true,"href":"https:\/\/www.57reshotel.it\/es\/wp-json\/wp\/v2\/users\/13"}],"replies":[{"embeddable":true,"href":"https:\/\/www.57reshotel.it\/es\/wp-json\/wp\/v2\/comments?post=361"}],"version-history":[{"count":0,"href":"https:\/\/www.57reshotel.it\/es\/wp-json\/wp\/v2\/pages\/361\/revisions"}],"up":[{"embeddable":true,"href":"https:\/\/www.57reshotel.it\/es\/wp-json\/wp\/v2\/pages\/348"}],"wp:attachment":[{"href":"https:\/\/www.57reshotel.it\/es\/wp-json\/wp\/v2\/media?parent=361"}],"curies":[{"name":"wp","href":"https:\/\/api.w.org\/{rel}","templated":true}]}}