{"id":363,"date":"2021-03-02T12:16:47","date_gmt":"2021-03-02T11:16:47","guid":{"rendered":"http:\/\/57reshotel.ms.decms.eu\/?page_id=363"},"modified":"2021-03-02T12:16:47","modified_gmt":"2021-03-02T11:16:47","slug":"privacy","status":"publish","type":"page","link":"https:\/\/www.57reshotel.it\/es\/privacy\/","title":{"rendered":"Privacy"},"content":{"rendered":"<p>Bergamo Group S.r.l. riconosce l\u2019importanza della protezione dei dati personali, si impegna a rispettare la privacy degli utilizzatori, a trattare i dati privati con cautela e riservatezza ed a non utilizzarli per finalit\u00e0 diverse da quelle specificate in seguito.<\/p>\n<p>A tal fine, in questa policy si descrivono le modalit\u00e0 di gestione del sito in riferimento al trattamento dei dati personali degli utenti che lo consultano.<\/p>\n<p>Si tratta di un\u2019informativa resa, anche ai sensi dell\u2019art.13 del Regolamento UE 679\/2016, a coloro che interagiscono con i servizi web di Bergamo Group srl<\/p>\n<ul>\n<li aria-level=\"1\">57reshotel.it<\/li>\n<\/ul>\n<p>Questa Policy potr\u00e0 essere modificata o aggiornata in qualsiasi momento da Bergamo Group srl.<\/p>\n<p>L\u2019informativa \u00e8 resa solo per il presente sito e non anche per altri siti web eventualmente consultati dall\u2019utente tramite link fatti salvi quelli sopra indicati.<\/p>\n<p><b>Titolare del trattamento<\/b><\/p>\n<p>Il Titolare del trattamento \u00e8: Bergamo Group S.r.l., Via Europa 4, 24050 Orio al Serio ( BG ) Partita IVA: 03255410163<\/p>\n<p><b>Dati e finalit\u00e0 del trattamento<\/b><\/p>\n<p>Bergamo Group S.r.l. \u00a0informa gli utenti del sito che i dati raccolti verranno utilizzati esclusivamente per gli scopi specificati di seguito. I dati oggetto del trattamento sono i dati di navigazione e i dati forniti volontariamente dall\u2019utente.<\/p>\n<ol>\n<li aria-level=\"1\">Dati di navigazione<\/li>\n<\/ol>\n<p>I sistemi informatici preposti al funzionamento del sito web acquisiscono alcuni dati necessari al funzionamento della piattaforma ed informazioni la cui trasmissione \u00e8 implicita nei protocolli utilizzati per la connessione e la navigazione internet.<\/p>\n<p>Vengono anche acquisiti alcune informazioni relative alla sessione del browser e dati generici relativi al dispositivo utilizzato dall\u2019utente. Tutti i dati vengono acquisiti in forma anonima e non riconducibili, comunque, ad un utente specifico o per finalit\u00e0 di profilazione.<\/p>\n<ol>\n<li aria-level=\"1\">Dati forniti volontariamente dall\u2019utente<\/li>\n<\/ol>\n<p>L\u2019utente, per accedere ad alcuni servizi del sito web (modulo di contatti, portale di assistenza tramite ticketing, portale careers) fornisce a Bergamo Group srl diverse tipologie di dati in forma spontanea previa presa visione della presente informativa ed eventuale consenso al trattamento per uno o pi\u00f9 dei fini previsti ed elencati di seguito.<\/p>\n<p>Bergamo Group S.r.l. utilizzer\u00e0 i dati raccolti per:<\/p>\n<ol>\n<li aria-level=\"1\">finalit\u00e0 connesse all\u2019utilizzo dei servizi offerti dal sito (navigazione sito);<\/li>\n<li aria-level=\"1\">attivit\u00e0 strettamente connesse e strumentali alla gestione dei rapporti con la clientela e dei potenziali collaboratori (contatti);<\/li>\n<li aria-level=\"1\">trattare i dati relativi a curricula per valutazione candidature lavorative.<\/li>\n<\/ol>\n<p><b>Modalit\u00e0 di trattamento<\/b><\/p>\n<p>Il trattamento dei dati verr\u00e0 realizzato ai sensi dell\u2019Art. 4 n. 2) del GDPR, per mezzo delle seguenti operazioni: raccolta, registrazione, organizzazione, conservazione, consultazione, elaborazione, modificazione, selezione, estrazione, raffronto, utilizzo, interconnessione, blocco, comunicazione, cancellazione e distruzione dei dati.<\/p>\n<p>I dati verranno sottoposti a trattamento sia cartaceo che elettronico e\/o automatizzato.<\/p>\n<p>I dati, a partire dal loro ricevimento\/aggiornamento, saranno conservati per un periodo congruo rispetto alle finalit\u00e0 del trattamento sopra riportate. Per avere maggiori informazioni rispetto ai termini di conservazione dei dati \u00e8 possibile scrivere a\u00a0commerciale@57reshotel.it<\/p>\n<p><b>Comunicazione e trasferimento dei dati<\/b><\/p>\n<p>I dati, oggetto del trattamento, non saranno diffusi; potranno invece, per le finalit\u00e0 indicate nella presente informativa, essere comunicati a soggetti terzi, tra cui partners commerciali, consulenti e liberi professionisti, banche ed istituti di credito, assicurazioni, societ\u00e0 finanziarie, di factoring, di leasing, di servizi, di gestione e di recupero del credito, revisori dei conti, societ\u00e0 di recupero crediti, Enti pubblici, Organismi di revisione o vigilanza, per adempiere ad obblighi derivanti dalla legge, regolamenti, normative comunitarie o per aspetti riguardanti la gestione ed esecuzione del rapporto giuridico con Voi intercorrenti o intercorsi.<\/p>\n<p>I dati verranno trattati dai seguenti soggetti:<\/p>\n<ul>\n<li aria-level=\"1\">Dipendenti e collaboratori delle societ\u00e0 che operano come persone autorizzate al trattamento dei dati in funzione delle mansioni svolte ed adeguatamente istruite.<\/li>\n<li aria-level=\"1\">Responsabili Esterni ai sensi dell\u2019art.28 GDPR.<\/li>\n<\/ul>\n<p>L\u2019elenco dei Responsabili per il trattamento dei dati personali \u00e8 disponibile presso la sede legale di Bergamo Group S.r.l.<\/p>\n<p>Per tutte le finalit\u00e0 indicate nella presente informativa i dati potranno essere comunicati anche all\u2019estero, all\u2019interno e all\u2019esterno dell\u2019Unione Europea, nel rispetto dei diritti e delle garanzie previsti dalla normativa vigente, previa verifica che il Paese in questione garantisca un livello di protezione \u201cadeguato\u201d ai sensi di quanto previsto dal GDPR.<\/p>\n<p><b>Diritti dell\u2019interessato\u00a0<\/b><\/p>\n<p>In relazione ai predetti dati potranno essere esercitati tutti i diritti di cui agli artt. 15, 16, 17, 18, 20 e 21 del GDPR, e nello specifico:<\/p>\n<ol>\n<li aria-level=\"1\">il diritto di accesso ai dati personali;<\/li>\n<li aria-level=\"1\">la loro rettifica in caso di inesattezza;<\/li>\n<li aria-level=\"1\">la cancellazione dei dati;<\/li>\n<li aria-level=\"1\">la limitazione al trattamento;<\/li>\n<li aria-level=\"1\">l\u2019opposizione al trattamento;<\/li>\n<li aria-level=\"1\">il diritto alla portabilit\u00e0 dei dati, ossia di ricevere in formato strutturato, di uso comune e leggibile da dispositivo automatico, i dati personali forniti e di ottenerne il trasferimento presso un altro Titolare del trattamento senza impedimenti.<\/li>\n<\/ol>\n<p>In caso di violazione delle presenti disposizioni, l\u2019interessato al trattamento ha il diritto di proporre reclamo presso la competente Autorit\u00e0 di Controllo.<\/p>\n<p>Per ulteriori delucidazioni in merito alla presente informativa o sulla tematica privacy, ovvero per esercitare i Suoi diritti potr\u00e0 scrivere a commerciale@57reshotel.it<\/p>\n<p><b>\u00a0<\/b><\/p>\n<p><b>INFORMATIVA SUL TRATTAMENTO DEI DATI PERSONALI \u2013 CLIENTI HOTEL<\/b><\/p>\n<ul>\n<li aria-level=\"1\"><b>Titolare del trattamento<\/b><\/li>\n<\/ul>\n<p><b>Bergamo Group S.r.l.<\/b>\u00a0nella Sua qualit\u00e0 di Titolare del Trattamento, desidera informarLa che il Regolamento UE n. 2016\/679 (di seguito GDPR) e il D.lgs. n. 196\/03 s.m.i. disciplinano la tutela dei dati personali nell\u2019ambito delle attivit\u00e0 di trattamento degli stessi.<\/p>\n<p>Bergamo Group S.r.l. impronta il trattamento dei dati personali ai principi di correttezza, liceit\u00e0 e trasparenza e necessit\u00e0, cos\u00ec tutelando i Suoi diritti.<\/p>\n<p>A tal fine, ed ai sensi dell\u2019articolo 13 del GDPR, Le forniamo le seguenti informazioni.<\/p>\n<ul>\n<li aria-level=\"1\"><b>Oggetto del trattamento<\/b><\/li>\n<\/ul>\n<p><b>\u00a0<\/b>Il trattamento che intendiamo effettuare ha ad oggetto i Suoi dati personali cos\u00ec come definiti dal GDPR, di cui siamo o di cui verremo a conoscenza in virt\u00f9 dei rapporti giuridici e contrattuali con Lei in essere.<\/p>\n<ul>\n<li aria-level=\"1\"><b>Finalit\u00e0 del Trattamento<\/b><\/li>\n<\/ul>\n<p>Il trattamento che intendiamo effettuare ha le seguenti finalit\u00e0:<\/p>\n<ol>\n<li aria-level=\"1\">acquisire e confermare la sua prenotazione di servizi di alloggio e servizi accessori, e per fornire i servizi richiesti;<\/li>\n<li aria-level=\"1\">adempiere all\u2019obbligo previsto dal \u201cTesto unico delle leggi di pubblica sicurezza\u201d (articolo 109 R.D. 18.6.1931 n. 773) che ci impone di comunicare alla Questura, per fini di pubblica sicurezza, le generalit\u00e0 dei clienti\u00a0alloggiati;<\/li>\n<li aria-level=\"1\">adempiere ai vigenti obblighi amministrativi, contabili e fiscali;<\/li>\n<li aria-level=\"1\">inviarle comunicazioni riguardo offerte promozionali e aggiornamenti sulle tariffe e sulle offerte dedicate.<\/li>\n<\/ol>\n<p>Ai sensi dell\u2019art. 6 par. 1 lett. b) e c) del GDPR, la base giuridica per il trattamento effettuato per le finalit\u00e0 di cui al presente punto lett. a) b) e c) \u00e8 data dall\u2019esecuzione del contratto o di misure precontrattuali e dall\u2019adempimento di obblighi di legge. Il conferimento dei dati \u00e8 obbligatorio; il mancato conferimento dei dati comporter\u00e0 da parte nostra l\u2019impossibilit\u00e0 di erogare i servizi richiesti.<\/p>\n<p>In conformit\u00e0 a quanto previsto dall\u2019art. 6 par. 1 lett. a) del GDPR, la base giuridica del trattamento effettuato per la finalit\u00e0 di cui alla lett. d) corrisponde al consenso prestato dall\u2019interessato. Il conferimento del consenso \u00e8 facoltativo e, in sua assenza, non sar\u00e0 possibile porre in essere le attivit\u00e0 indicate. In ogni caso, il consenso prestato potr\u00e0 sempre essere revocato, senza che la revoca possa pregiudicare la liceit\u00e0 del trattamento effettuato prima della revoca stessa. Le comunicazioni relative all\u2019attivit\u00e0 di marketing potranno avvenire mediante l\u2019utilizzo di modalit\u00e0 telematiche (es: e-mail).<\/p>\n<ul>\n<li aria-level=\"1\"><b>Modalit\u00e0 del trattamento<\/b><\/li>\n<\/ul>\n<p>Il trattamento dei dati potr\u00e0 consistere, oltre che nella loro raccolta, nella loro registrazione, organizzazione, conservazione, consultazione, elaborazione, modificazione, selezione, estrazione, raffronto, utilizzo, interconnessione, blocco, comunicazione, cancellazione e distruzione, secondo quanto previsto dall\u2019art. 4 n. 2) del GDPR. Potr\u00e0 essere effettuato sia con l\u2019utilizzo di supporto cartaceo, sia con l\u2019ausilio di strumenti elettronici, informatici e telematici, secondo modalit\u00e0 e con strumenti idonei a garantire la sicurezza e la riservatezza dei dati stessi. In particolare, saranno adottate tutte le misure tecniche e organizzative adeguate alla protezione dei dati ai fini di soddisfare i requisiti di legge e di tutelare i diritti degli interessati.<\/p>\n<p>A partire dal loro ricevimento e\/o aggiornamento, i dati saranno conservati per un periodo congruo rispetto alle finalit\u00e0 del trattamento indicate nel punto 3 e comunque nei termini di legge.<\/p>\n<p><b>\u00a0<\/b><\/p>\n<ul>\n<li aria-level=\"1\"><b>Comunicazione e trasferimento dei dati<\/b><\/li>\n<\/ul>\n<p>I dati non saranno diffusi e verranno trattati dai dipendenti e collaboratori della Societ\u00e0, che operano come persone autorizzate al trattamento dei dati in funzione delle mansioni svolte e adeguatamente istruite.<\/p>\n<p>I dati potranno essere comunicati a soggetti esterni tra cui anche i Responsabili nominati ai sensi dell\u2019art. 28 del GDPR. In particolare, i dati potranno essere comunicati alle seguenti categorie di soggetti, di seguito elencate a titolo esemplificativo e non esaustivo:<\/p>\n<ul>\n<li aria-level=\"1\">Questura;<\/li>\n<li aria-level=\"1\">Societ\u00e0 di consulenza;<\/li>\n<li aria-level=\"1\">Istituti bancari;<\/li>\n<li aria-level=\"1\">Professionisti.<\/li>\n<\/ul>\n<p>Per tutte le finalit\u00e0 indicate nella presente informativa i Suoi dati potranno essere comunicati anche all\u2019estero, all\u2019interno e all\u2019esterno dell\u2019Unione Europea, nel rispetto dei diritti e delle garanzie previsti dalla normativa vigente, previa verifica che il Paese in questione garantisca un livello di protezione \u201cadeguato\u201d ai sensi di quanto previsto dal GDPR.<\/p>\n<ul>\n<li aria-level=\"1\"><b>Diritti dell\u2019interessato\u00a0<\/b><\/li>\n<\/ul>\n<p>In relazione ai predetti dati potranno essere esercitati tutti i diritti di cui agli artt. 15, 16, 17, 18, 20 e 21 del GDPR, e nello specifico:<\/p>\n<ol>\n<li aria-level=\"1\">il diritto di accesso ai dati personali;<\/li>\n<li aria-level=\"1\">la loro rettifica in caso di inesattezza;<\/li>\n<li aria-level=\"1\">la cancellazione dei dati;<\/li>\n<li aria-level=\"1\">la limitazione al trattamento;<\/li>\n<li aria-level=\"1\">l\u2019opposizione al trattamento;<\/li>\n<li aria-level=\"1\">il diritto alla portabilit\u00e0 dei dati, ossia di ricevere in formato strutturato, di uso comune e leggibile da dispositivo automatico, i dati personali forniti e di ottenerne il trasferimento presso un altro Titolare del trattamento senza impedimenti.<\/li>\n<\/ol>\n<p>In caso di violazione delle presenti disposizioni, l\u2019interessato al trattamento ha il diritto di proporre reclamo presso la competente Autorit\u00e0 di Controllo.<\/p>\n<p>Per ulteriori delucidazioni in merito alla presente informativa o sulla tematica privacy, ovvero per esercitare i Suoi diritti, potr\u00e0 scrivere a\u00a0commerciale@57reshotel.it<\/p>\n<p><b>\u00a0<\/b><\/p>\n<p><b>INFORMATIVA SUL TRATTAMENTO DEI DATI PERSONALI \u2013 THE SPA<\/b><\/p>\n<ul>\n<li aria-level=\"1\"><b>Titolare del trattamento<\/b><\/li>\n<\/ul>\n<p><b>Bergamo Group S.r.l.<\/b>\u00a0nella Sua qualit\u00e0 di Titolare del Trattamento, desidera informarLa che il Regolamento UE n. 2016\/679 (di seguito GDPR) e il D.lgs. n. 196\/03 s.m.i. disciplinano la tutela dei dati personali nell\u2019ambito delle attivit\u00e0 di trattamento degli stessi.<\/p>\n<p>Bergamo Group S.r.l. impronta il trattamento dei dati personali ai principi di correttezza, liceit\u00e0 e trasparenza e necessit\u00e0, cos\u00ec tutelando i Suoi diritti.<\/p>\n<p>A tal fine, ed ai sensi dell\u2019articolo 13 del GDPR, Le forniamo le seguenti informazioni.<\/p>\n<ul>\n<li aria-level=\"1\"><b>Oggetto del trattamento<\/b><\/li>\n<\/ul>\n<p>Il trattamento che intendiamo effettuare ha ad oggetto i Suoi dati personali cos\u00ec come definiti dal GDPR, di cui siamo o di cui verremo a conoscenza in virt\u00f9 dei rapporti giuridici e contrattuali con Lei in essere.<\/p>\n<ul>\n<li aria-level=\"1\"><b>Finalit\u00e0 del Trattamento<\/b><\/li>\n<\/ul>\n<p>Il trattamento che intendiamo effettuare ha le seguenti finalit\u00e0:<\/p>\n<ol>\n<li aria-level=\"1\">procedere alla sua richiesta di accesso alla SPA e ai servizi offerti;<\/li>\n<li aria-level=\"1\">adempiere ai vigenti obblighi amministrativi, contabili e fiscali;<\/li>\n<li aria-level=\"1\">inviarle comunicazioni riguardo offerte promozionali e aggiornamenti su servizi e sulle offerte dedicate.<\/li>\n<\/ol>\n<p>Ai sensi dell\u2019art. 6 par. 1 lett. b) e c) del GDPR, la base giuridica per il trattamento effettuato per le finalit\u00e0 di cui al presente punto lett. a) e b) \u00e8 data dall\u2019esecuzione del contratto o di misure precontrattuali e dall\u2019adempimento di obblighi di legge. Il conferimento dei dati \u00e8 obbligatorio; il mancato conferimento dei dati comporter\u00e0 da parte nostra l\u2019impossibilit\u00e0 di erogare i servizi richiesti.<\/p>\n<p>In conformit\u00e0 a quanto previsto dall\u2019art. 6 par. 1 lett. a) del GDPR, la base giuridica del trattamento effettuato per la finalit\u00e0 di cui alla lett. c) corrisponde al consenso prestato dall\u2019interessato. Il conferimento del consenso \u00e8 facoltativo e, in sua assenza, non sar\u00e0 possibile porre in essere le attivit\u00e0 indicate. In ogni caso, il consenso prestato potr\u00e0 sempre essere revocato, senza che la revoca possa pregiudicare la liceit\u00e0 del trattamento effettuato prima della revoca stessa. Le comunicazioni relative all\u2019attivit\u00e0 di marketing potranno avvenire mediante l\u2019utilizzo di modalit\u00e0 telematiche (es: e-mail).<\/p>\n<ul>\n<li aria-level=\"1\"><b>Modalit\u00e0 del trattamento<\/b><\/li>\n<\/ul>\n<p>Il trattamento dei dati potr\u00e0 consistere, oltre che nella loro raccolta, nella loro registrazione, organizzazione, conservazione, consultazione, elaborazione, modificazione, selezione, estrazione, raffronto, utilizzo, interconnessione, blocco, comunicazione, cancellazione e distruzione, secondo quanto previsto dall\u2019art. 4 n. 2) del GDPR. Potr\u00e0 essere effettuato sia con l\u2019utilizzo di supporto cartaceo, sia con l\u2019ausilio di strumenti elettronici, informatici e telematici, secondo modalit\u00e0 e con strumenti idonei a garantire la sicurezza e la riservatezza dei dati stessi. In particolare, saranno adottate tutte le misure tecniche e organizzative adeguate alla protezione dei dati ai fini di soddisfare i requisiti di legge e di tutelare i diritti degli interessati.<\/p>\n<p>A partire dal loro ricevimento e\/o aggiornamento, i dati saranno conservati per un periodo congruo rispetto alle finalit\u00e0 del trattamento indicate nel punto 3 e comunque nei termini di legge.<\/p>\n<ul>\n<li aria-level=\"1\"><b>Comunicazione e trasferimento dei dati<\/b><\/li>\n<\/ul>\n<p>I dati non saranno diffusi e verranno trattati dai dipendenti e collaboratori della Societ\u00e0, che operano come persone autorizzate al trattamento dei dati in funzione delle mansioni svolte e adeguatamente istruite.<\/p>\n<p>I dati potranno essere comunicati a soggetti esterni tra cui anche i Responsabili nominati ai sensi dell\u2019art. 28 del GDPR.<\/p>\n<p>Per tutte le finalit\u00e0 indicate nella presente informativa i Suoi dati potranno essere comunicati anche all\u2019estero, all\u2019interno e all\u2019esterno dell\u2019Unione Europea, nel rispetto dei diritti e delle garanzie previsti dalla normativa vigente, previa verifica che il Paese in questione garantisca un livello di protezione \u201cadeguato\u201d ai sensi di quanto previsto dal GDPR.<\/p>\n<ul>\n<li aria-level=\"1\"><b>Diritti dell\u2019interessato\u00a0<\/b><\/li>\n<\/ul>\n<p>In relazione ai predetti dati potranno essere esercitati tutti i diritti di cui agli artt. 15, 16, 17, 18, 20 e 21 del GDPR, e nello specifico:<\/p>\n<ol>\n<li aria-level=\"1\">il diritto di accesso ai dati personali;<\/li>\n<li aria-level=\"1\">la loro rettifica in caso di inesattezza;<\/li>\n<li aria-level=\"1\">la cancellazione dei dati;<\/li>\n<li aria-level=\"1\">la limitazione al trattamento;<\/li>\n<li aria-level=\"1\">l\u2019opposizione al trattamento;<\/li>\n<li aria-level=\"1\">il diritto alla portabilit\u00e0 dei dati, ossia di ricevere in formato strutturato, di uso comune e leggibile da dispositivo automatico, i dati personali forniti e di ottenerne il trasferimento presso un altro Titolare del trattamento senza impedimenti.<\/li>\n<\/ol>\n<p>In caso di violazione delle presenti disposizioni, l\u2019interessato al trattamento ha il diritto di proporre reclamo presso la competente Autorit\u00e0 di Controllo.<\/p>\n<p>Per ulteriori delucidazioni in merito alla presente informativa o sulla tematica privacy, ovvero per esercitare i Suoi diritti, potr\u00e0 scrivere a\u00a0<b>commerciale@57reshotel.it<\/b><\/p>\n","protected":false},"excerpt":{"rendered":"<p>Bergamo Group S.r.l. riconosce l\u2019importanza della protezione dei dati personali, si impegna a rispettare la privacy degli utilizzatori, a trattare i dati privati con cautela e riservatezza ed a non utilizzarli per finalit\u00e0 diverse da quelle specificate in seguito. A tal fine, in questa policy si descrivono le modalit\u00e0 di gestione del sito in riferimento [&hellip;]<\/p>\n","protected":false},"author":13,"featured_media":0,"parent":0,"menu_order":120,"comment_status":"closed","ping_status":"closed","template":"","meta":{"footnotes":""},"class_list":["post-363","page","type-page","status-publish","hentry"],"yoast_head":"<!-- This site is optimized with the Yoast SEO plugin v26.9 - https:\/\/yoast.com\/product\/yoast-seo-wordpress\/ -->\n<title>Privacy - 57ResHotel<\/title>\n<meta name=\"robots\" content=\"index, follow, max-snippet:-1, max-image-preview:large, max-video-preview:-1\" \/>\n<link rel=\"canonical\" href=\"https:\/\/www.57reshotel.it\/es\/privacy\/\" \/>\n<meta property=\"og:locale\" content=\"es_ES\" \/>\n<meta property=\"og:type\" content=\"article\" \/>\n<meta property=\"og:title\" content=\"Privacy - 57ResHotel\" \/>\n<meta property=\"og:description\" content=\"Bergamo Group S.r.l. riconosce l\u2019importanza della protezione dei dati personali, si impegna a rispettare la privacy degli utilizzatori, a trattare i dati privati con cautela e riservatezza ed a non utilizzarli per finalit\u00e0 diverse da quelle specificate in seguito. A tal fine, in questa policy si descrivono le modalit\u00e0 di gestione del sito in riferimento [&hellip;]\" \/>\n<meta property=\"og:url\" content=\"https:\/\/www.57reshotel.it\/es\/privacy\/\" \/>\n<meta property=\"og:site_name\" content=\"57ResHotel\" \/>\n<meta name=\"twitter:card\" content=\"summary_large_image\" \/>\n<meta name=\"twitter:label1\" content=\"Tiempo de lectura\" \/>\n\t<meta name=\"twitter:data1\" content=\"12 minutos\" \/>\n<script type=\"application\/ld+json\" class=\"yoast-schema-graph\">{\"@context\":\"https:\/\/schema.org\",\"@graph\":[{\"@type\":\"WebPage\",\"@id\":\"https:\/\/www.57reshotel.it\/es\/privacy\/\",\"url\":\"https:\/\/www.57reshotel.it\/es\/privacy\/\",\"name\":\"Privacy - 57ResHotel\",\"isPartOf\":{\"@id\":\"https:\/\/www.57reshotel.it\/es\/#website\"},\"datePublished\":\"2021-03-02T11:16:47+00:00\",\"breadcrumb\":{\"@id\":\"https:\/\/www.57reshotel.it\/es\/privacy\/#breadcrumb\"},\"inLanguage\":\"es\",\"potentialAction\":[{\"@type\":\"ReadAction\",\"target\":[\"https:\/\/www.57reshotel.it\/es\/privacy\/\"]}]},{\"@type\":\"BreadcrumbList\",\"@id\":\"https:\/\/www.57reshotel.it\/es\/privacy\/#breadcrumb\",\"itemListElement\":[{\"@type\":\"ListItem\",\"position\":1,\"name\":\"Home\",\"item\":\"https:\/\/www.57reshotel.it\/es\/\"},{\"@type\":\"ListItem\",\"position\":2,\"name\":\"Privacy\"}]},{\"@type\":\"WebSite\",\"@id\":\"https:\/\/www.57reshotel.it\/es\/#website\",\"url\":\"https:\/\/www.57reshotel.it\/es\/\",\"name\":\"57ResHotel\",\"description\":\"Ecco un altro sito ms.decms.eu\",\"potentialAction\":[{\"@type\":\"SearchAction\",\"target\":{\"@type\":\"EntryPoint\",\"urlTemplate\":\"https:\/\/www.57reshotel.it\/es\/?s={search_term_string}\"},\"query-input\":{\"@type\":\"PropertyValueSpecification\",\"valueRequired\":true,\"valueName\":\"search_term_string\"}}],\"inLanguage\":\"es\"}]}<\/script>\n<!-- \/ Yoast SEO plugin. -->","yoast_head_json":{"title":"Privacy - 57ResHotel","robots":{"index":"index","follow":"follow","max-snippet":"max-snippet:-1","max-image-preview":"max-image-preview:large","max-video-preview":"max-video-preview:-1"},"canonical":"https:\/\/www.57reshotel.it\/es\/privacy\/","og_locale":"es_ES","og_type":"article","og_title":"Privacy - 57ResHotel","og_description":"Bergamo Group S.r.l. riconosce l\u2019importanza della protezione dei dati personali, si impegna a rispettare la privacy degli utilizzatori, a trattare i dati privati con cautela e riservatezza ed a non utilizzarli per finalit\u00e0 diverse da quelle specificate in seguito. A tal fine, in questa policy si descrivono le modalit\u00e0 di gestione del sito in riferimento [&hellip;]","og_url":"https:\/\/www.57reshotel.it\/es\/privacy\/","og_site_name":"57ResHotel","twitter_card":"summary_large_image","twitter_misc":{"Tiempo de lectura":"12 minutos"},"schema":{"@context":"https:\/\/schema.org","@graph":[{"@type":"WebPage","@id":"https:\/\/www.57reshotel.it\/es\/privacy\/","url":"https:\/\/www.57reshotel.it\/es\/privacy\/","name":"Privacy - 57ResHotel","isPartOf":{"@id":"https:\/\/www.57reshotel.it\/es\/#website"},"datePublished":"2021-03-02T11:16:47+00:00","breadcrumb":{"@id":"https:\/\/www.57reshotel.it\/es\/privacy\/#breadcrumb"},"inLanguage":"es","potentialAction":[{"@type":"ReadAction","target":["https:\/\/www.57reshotel.it\/es\/privacy\/"]}]},{"@type":"BreadcrumbList","@id":"https:\/\/www.57reshotel.it\/es\/privacy\/#breadcrumb","itemListElement":[{"@type":"ListItem","position":1,"name":"Home","item":"https:\/\/www.57reshotel.it\/es\/"},{"@type":"ListItem","position":2,"name":"Privacy"}]},{"@type":"WebSite","@id":"https:\/\/www.57reshotel.it\/es\/#website","url":"https:\/\/www.57reshotel.it\/es\/","name":"57ResHotel","description":"Ecco un altro sito ms.decms.eu","potentialAction":[{"@type":"SearchAction","target":{"@type":"EntryPoint","urlTemplate":"https:\/\/www.57reshotel.it\/es\/?s={search_term_string}"},"query-input":{"@type":"PropertyValueSpecification","valueRequired":true,"valueName":"search_term_string"}}],"inLanguage":"es"}]}},"acf":[],"_links":{"self":[{"href":"https:\/\/www.57reshotel.it\/es\/wp-json\/wp\/v2\/pages\/363","targetHints":{"allow":["GET"]}}],"collection":[{"href":"https:\/\/www.57reshotel.it\/es\/wp-json\/wp\/v2\/pages"}],"about":[{"href":"https:\/\/www.57reshotel.it\/es\/wp-json\/wp\/v2\/types\/page"}],"author":[{"embeddable":true,"href":"https:\/\/www.57reshotel.it\/es\/wp-json\/wp\/v2\/users\/13"}],"replies":[{"embeddable":true,"href":"https:\/\/www.57reshotel.it\/es\/wp-json\/wp\/v2\/comments?post=363"}],"version-history":[{"count":0,"href":"https:\/\/www.57reshotel.it\/es\/wp-json\/wp\/v2\/pages\/363\/revisions"}],"wp:attachment":[{"href":"https:\/\/www.57reshotel.it\/es\/wp-json\/wp\/v2\/media?parent=363"}],"curies":[{"name":"wp","href":"https:\/\/api.w.org\/{rel}","templated":true}]}}