{"id":660,"date":"2025-01-22T11:50:57","date_gmt":"2025-01-22T10:50:57","guid":{"rendered":"https:\/\/www.57reshotel.it\/?page_id=660"},"modified":"2025-01-22T11:50:57","modified_gmt":"2025-01-22T10:50:57","slug":"alquiler-de-coches-sicily-by-car","status":"publish","type":"page","link":"https:\/\/www.57reshotel.it\/es\/servicios\/alquiler-de-coches-sicily-by-car\/","title":{"rendered":"Alquiler de coches &#8211; Sicily by Car"},"content":{"rendered":"<p>Sicily by Car Spa se complace en ofrecer a todos los clientes de 57ResHotel Orio, <strong>un descuento del 10%<\/strong> con referencia a las tarifas web en vigor netas de suplementos adicionales. El descuento es v\u00e1lido para el alquiler en toda Italia, tanto de veh\u00edculos el\u00e9ctricos como endot\u00e9rmicos y furgonetas.<\/p>\n<p>Para aprovechar el descuento dedicado y obtener la facilitaci\u00f3n, basta con introducir el c\u00f3digo <strong>CN88B0C115<\/strong> en la secci\u00f3n dedicada a ello en la p\u00e1gina de inicio (en \u00abC\u00f3digo de descuento\u00bb) del sitio web www.sicilybycar.it o hacer clic en el siguiente enlace https:\/\/www.sicilybycar.it\/index.aspx?conv=CN88B0C115.<\/p>\n<p>Independientemente del m\u00e9todo de pago elegido (in situ o en l\u00ednea), el conductor debe tener una tarjeta de cr\u00e9dito (no electr\u00f3nica) a su nombre para mostrarla al recoger el veh\u00edculo.<\/p>\n<p><strong>Se entiende que en el momento de la recogida del veh\u00edculo se exigir\u00e1 la presentaci\u00f3n de la reserva de hotel, bajo pena de no aplicar el descuento reservado<\/strong><\/p>\n","protected":false},"excerpt":{"rendered":"<p>Sicily by Car Spa se complace en ofrecer a todos los clientes de 57ResHotel Orio, un descuento del 10% con referencia a las tarifas web en vigor netas de suplementos adicionales. El descuento es v\u00e1lido para el alquiler en toda Italia, tanto de veh\u00edculos el\u00e9ctricos como endot\u00e9rmicos y furgonetas. Para aprovechar el descuento dedicado y [&hellip;]<\/p>\n","protected":false},"author":267,"featured_media":615,"parent":269,"menu_order":0,"comment_status":"closed","ping_status":"closed","template":"","meta":{"footnotes":""},"class_list":["post-660","page","type-page","status-publish","has-post-thumbnail","hentry"],"yoast_head":"<!-- This site is optimized with the Yoast SEO plugin v26.9 - https:\/\/yoast.com\/product\/yoast-seo-wordpress\/ -->\n<title>Alquiler de coches - Sicily by Car - 57ResHotel<\/title>\n<meta name=\"robots\" content=\"index, follow, max-snippet:-1, max-image-preview:large, max-video-preview:-1\" \/>\n<link rel=\"canonical\" href=\"https:\/\/www.57reshotel.it\/es\/servicios\/alquiler-de-coches-sicily-by-car\/\" \/>\n<meta property=\"og:locale\" content=\"es_ES\" \/>\n<meta property=\"og:type\" content=\"article\" \/>\n<meta property=\"og:title\" content=\"Alquiler de coches - Sicily by Car - 57ResHotel\" \/>\n<meta property=\"og:description\" content=\"Sicily by Car Spa se complace en ofrecer a todos los clientes de 57ResHotel Orio, un descuento del 10% con referencia a las tarifas web en vigor netas de suplementos adicionales. El descuento es v\u00e1lido para el alquiler en toda Italia, tanto de veh\u00edculos el\u00e9ctricos como endot\u00e9rmicos y furgonetas. Para aprovechar el descuento dedicado y [&hellip;]\" \/>\n<meta property=\"og:url\" content=\"https:\/\/www.57reshotel.it\/es\/servicios\/alquiler-de-coches-sicily-by-car\/\" \/>\n<meta property=\"og:site_name\" content=\"57ResHotel\" \/>\n<meta property=\"og:image\" content=\"https:\/\/www.57reshotel.it\/wp-content\/uploads\/sites\/253\/2022\/01\/logosicilybycar-5.jpg\" \/>\n\t<meta property=\"og:image:width\" content=\"700\" \/>\n\t<meta property=\"og:image:height\" content=\"500\" \/>\n\t<meta property=\"og:image:type\" content=\"image\/jpeg\" \/>\n<meta name=\"twitter:card\" content=\"summary_large_image\" \/>\n<meta name=\"twitter:label1\" content=\"Tiempo de lectura\" \/>\n\t<meta name=\"twitter:data1\" content=\"1 minuto\" \/>\n<script type=\"application\/ld+json\" class=\"yoast-schema-graph\">{\"@context\":\"https:\/\/schema.org\",\"@graph\":[{\"@type\":\"WebPage\",\"@id\":\"https:\/\/www.57reshotel.it\/es\/servicios\/alquiler-de-coches-sicily-by-car\/\",\"url\":\"https:\/\/www.57reshotel.it\/es\/servicios\/alquiler-de-coches-sicily-by-car\/\",\"name\":\"Alquiler de coches - Sicily by Car - 57ResHotel\",\"isPartOf\":{\"@id\":\"https:\/\/www.57reshotel.it\/es\/#website\"},\"primaryImageOfPage\":{\"@id\":\"https:\/\/www.57reshotel.it\/es\/servicios\/alquiler-de-coches-sicily-by-car\/#primaryimage\"},\"image\":{\"@id\":\"https:\/\/www.57reshotel.it\/es\/servicios\/alquiler-de-coches-sicily-by-car\/#primaryimage\"},\"thumbnailUrl\":\"https:\/\/www.57reshotel.it\/wp-content\/uploads\/sites\/253\/2022\/01\/logosicilybycar-5.jpg\",\"datePublished\":\"2025-01-22T10:50:57+00:00\",\"breadcrumb\":{\"@id\":\"https:\/\/www.57reshotel.it\/es\/servicios\/alquiler-de-coches-sicily-by-car\/#breadcrumb\"},\"inLanguage\":\"es\",\"potentialAction\":[{\"@type\":\"ReadAction\",\"target\":[\"https:\/\/www.57reshotel.it\/es\/servicios\/alquiler-de-coches-sicily-by-car\/\"]}]},{\"@type\":\"ImageObject\",\"inLanguage\":\"es\",\"@id\":\"https:\/\/www.57reshotel.it\/es\/servicios\/alquiler-de-coches-sicily-by-car\/#primaryimage\",\"url\":\"https:\/\/www.57reshotel.it\/wp-content\/uploads\/sites\/253\/2022\/01\/logosicilybycar-5.jpg\",\"contentUrl\":\"https:\/\/www.57reshotel.it\/wp-content\/uploads\/sites\/253\/2022\/01\/logosicilybycar-5.jpg\",\"width\":700,\"height\":500},{\"@type\":\"BreadcrumbList\",\"@id\":\"https:\/\/www.57reshotel.it\/es\/servicios\/alquiler-de-coches-sicily-by-car\/#breadcrumb\",\"itemListElement\":[{\"@type\":\"ListItem\",\"position\":1,\"name\":\"Home\",\"item\":\"https:\/\/www.57reshotel.it\/es\/\"},{\"@type\":\"ListItem\",\"position\":2,\"name\":\"Servicios\",\"item\":\"https:\/\/www.57reshotel.it\/es\/servicios\/\"},{\"@type\":\"ListItem\",\"position\":3,\"name\":\"Alquiler de coches &#8211; Sicily by Car\"}]},{\"@type\":\"WebSite\",\"@id\":\"https:\/\/www.57reshotel.it\/es\/#website\",\"url\":\"https:\/\/www.57reshotel.it\/es\/\",\"name\":\"57ResHotel\",\"description\":\"Ecco un altro sito ms.decms.eu\",\"potentialAction\":[{\"@type\":\"SearchAction\",\"target\":{\"@type\":\"EntryPoint\",\"urlTemplate\":\"https:\/\/www.57reshotel.it\/es\/?s={search_term_string}\"},\"query-input\":{\"@type\":\"PropertyValueSpecification\",\"valueRequired\":true,\"valueName\":\"search_term_string\"}}],\"inLanguage\":\"es\"}]}<\/script>\n<!-- \/ Yoast SEO plugin. -->","yoast_head_json":{"title":"Alquiler de coches - Sicily by Car - 57ResHotel","robots":{"index":"index","follow":"follow","max-snippet":"max-snippet:-1","max-image-preview":"max-image-preview:large","max-video-preview":"max-video-preview:-1"},"canonical":"https:\/\/www.57reshotel.it\/es\/servicios\/alquiler-de-coches-sicily-by-car\/","og_locale":"es_ES","og_type":"article","og_title":"Alquiler de coches - Sicily by Car - 57ResHotel","og_description":"Sicily by Car Spa se complace en ofrecer a todos los clientes de 57ResHotel Orio, un descuento del 10% con referencia a las tarifas web en vigor netas de suplementos adicionales. El descuento es v\u00e1lido para el alquiler en toda Italia, tanto de veh\u00edculos el\u00e9ctricos como endot\u00e9rmicos y furgonetas. Para aprovechar el descuento dedicado y [&hellip;]","og_url":"https:\/\/www.57reshotel.it\/es\/servicios\/alquiler-de-coches-sicily-by-car\/","og_site_name":"57ResHotel","og_image":[{"width":700,"height":500,"url":"https:\/\/www.57reshotel.it\/wp-content\/uploads\/sites\/253\/2022\/01\/logosicilybycar-5.jpg","type":"image\/jpeg"}],"twitter_card":"summary_large_image","twitter_misc":{"Tiempo de lectura":"1 minuto"},"schema":{"@context":"https:\/\/schema.org","@graph":[{"@type":"WebPage","@id":"https:\/\/www.57reshotel.it\/es\/servicios\/alquiler-de-coches-sicily-by-car\/","url":"https:\/\/www.57reshotel.it\/es\/servicios\/alquiler-de-coches-sicily-by-car\/","name":"Alquiler de coches - Sicily by Car - 57ResHotel","isPartOf":{"@id":"https:\/\/www.57reshotel.it\/es\/#website"},"primaryImageOfPage":{"@id":"https:\/\/www.57reshotel.it\/es\/servicios\/alquiler-de-coches-sicily-by-car\/#primaryimage"},"image":{"@id":"https:\/\/www.57reshotel.it\/es\/servicios\/alquiler-de-coches-sicily-by-car\/#primaryimage"},"thumbnailUrl":"https:\/\/www.57reshotel.it\/wp-content\/uploads\/sites\/253\/2022\/01\/logosicilybycar-5.jpg","datePublished":"2025-01-22T10:50:57+00:00","breadcrumb":{"@id":"https:\/\/www.57reshotel.it\/es\/servicios\/alquiler-de-coches-sicily-by-car\/#breadcrumb"},"inLanguage":"es","potentialAction":[{"@type":"ReadAction","target":["https:\/\/www.57reshotel.it\/es\/servicios\/alquiler-de-coches-sicily-by-car\/"]}]},{"@type":"ImageObject","inLanguage":"es","@id":"https:\/\/www.57reshotel.it\/es\/servicios\/alquiler-de-coches-sicily-by-car\/#primaryimage","url":"https:\/\/www.57reshotel.it\/wp-content\/uploads\/sites\/253\/2022\/01\/logosicilybycar-5.jpg","contentUrl":"https:\/\/www.57reshotel.it\/wp-content\/uploads\/sites\/253\/2022\/01\/logosicilybycar-5.jpg","width":700,"height":500},{"@type":"BreadcrumbList","@id":"https:\/\/www.57reshotel.it\/es\/servicios\/alquiler-de-coches-sicily-by-car\/#breadcrumb","itemListElement":[{"@type":"ListItem","position":1,"name":"Home","item":"https:\/\/www.57reshotel.it\/es\/"},{"@type":"ListItem","position":2,"name":"Servicios","item":"https:\/\/www.57reshotel.it\/es\/servicios\/"},{"@type":"ListItem","position":3,"name":"Alquiler de coches &#8211; Sicily by Car"}]},{"@type":"WebSite","@id":"https:\/\/www.57reshotel.it\/es\/#website","url":"https:\/\/www.57reshotel.it\/es\/","name":"57ResHotel","description":"Ecco un altro sito ms.decms.eu","potentialAction":[{"@type":"SearchAction","target":{"@type":"EntryPoint","urlTemplate":"https:\/\/www.57reshotel.it\/es\/?s={search_term_string}"},"query-input":{"@type":"PropertyValueSpecification","valueRequired":true,"valueName":"search_term_string"}}],"inLanguage":"es"}]}},"acf":[],"_links":{"self":[{"href":"https:\/\/www.57reshotel.it\/es\/wp-json\/wp\/v2\/pages\/660","targetHints":{"allow":["GET"]}}],"collection":[{"href":"https:\/\/www.57reshotel.it\/es\/wp-json\/wp\/v2\/pages"}],"about":[{"href":"https:\/\/www.57reshotel.it\/es\/wp-json\/wp\/v2\/types\/page"}],"author":[{"embeddable":true,"href":"https:\/\/www.57reshotel.it\/es\/wp-json\/wp\/v2\/users\/267"}],"replies":[{"embeddable":true,"href":"https:\/\/www.57reshotel.it\/es\/wp-json\/wp\/v2\/comments?post=660"}],"version-history":[{"count":0,"href":"https:\/\/www.57reshotel.it\/es\/wp-json\/wp\/v2\/pages\/660\/revisions"}],"up":[{"embeddable":true,"href":"https:\/\/www.57reshotel.it\/es\/wp-json\/wp\/v2\/pages\/269"}],"wp:featuredmedia":[{"embeddable":true,"href":"https:\/\/www.57reshotel.it\/es\/wp-json\/wp\/v2\/media\/615"}],"wp:attachment":[{"href":"https:\/\/www.57reshotel.it\/es\/wp-json\/wp\/v2\/media?parent=660"}],"curies":[{"name":"wp","href":"https:\/\/api.w.org\/{rel}","templated":true}]}}